{"id":5594,"date":"2025-02-19T18:05:25","date_gmt":"2025-02-19T17:05:25","guid":{"rendered":"https:\/\/spielleute.de\/?post_type=product&#038;p=5594"},"modified":"2025-04-17T10:55:48","modified_gmt":"2025-04-17T08:55:48","slug":"exemples-dexercices-pour-accordeon-diatonique-volume-1-kopie","status":"publish","type":"product","link":"https:\/\/spielleute.de\/fr\/exemples-dexercices-pour-accordeon-diatonique-volume-1-kopie\/","title":{"rendered":"Exemples d&rsquo;exercices pour \u00ab\u00a0Jouer de la nyckelharpa"},"content":{"rendered":"<p>L&rsquo;achat de cet article num\u00e9rique donne droit au t\u00e9l\u00e9chargement des fichiers midi pour apprendre \u00e0 l&rsquo;oreille.<\/p>\n<p><strong>Merci de prendre note :<\/strong> Ces fichiers Midi sont mis gratuitement \u00e0 disposition par l&rsquo;auteur Jule Bauer exclusivement pour les acheteurs du livre d&rsquo;apprentissage &lsquo;<a href=\"https:\/\/spielleute.de\/nyckelharpa-spielen\/\">Jouer NYCKELHARPA<\/a>&lsquo;. L&rsquo;utilisation commerciale ou la transmission des fichiers est interdite ou n&rsquo;est possible qu&rsquo;avec l&rsquo;autorisation \u00e9crite de l&rsquo;auteur ! <\/p>\n<p>En g\u00e9n\u00e9ral, les fichiers MIDI peuvent \u00eatre lus directement sur les ordinateurs. Tu trouveras plus d&rsquo;informations sur la nature et l&rsquo;utilisation des fichiers MIDI sur Internet (par ex. www.musica.at\/midi\/). <\/p>\n<p>Si tu n&rsquo;as pas achet\u00e9 ton manuel sur cette boutique en ligne, envoie-nous la preuve d&rsquo;achat de ton livre<a href=\"https:\/\/spielleute.de\/fr\/contacter-la-maison-dedition\/\">(contact avec l&rsquo;\u00e9diteur<\/a>) et nous te ferons parvenir un bon pour le t\u00e9l\u00e9charger gratuitement.<\/p>\n<p><strong>ATTENTION :<\/strong> apr\u00e8s la commande, le t\u00e9l\u00e9chargement n&rsquo;est possible qu&rsquo;une seule fois. Merci de sauvegarder ensuite le fichier dans tes donn\u00e9es priv\u00e9es. <\/p>\n","protected":false},"excerpt":{"rendered":"<p>Mat\u00e9riel bonus pour le livre d&rsquo;apprentissage &lsquo;<a href=\"https:\/\/spielleute.de\/nyckelharpa-spielen\/\">Jouer \u00e0 la NYCKELHARPA<\/a>&lsquo;.<\/p>\n","protected":false},"featured_media":5605,"comment_status":"open","ping_status":"closed","template":"","meta":[],"product_brand":[],"product_cat":[486],"product_tag":[],"class_list":{"0":"post-5594","1":"product","2":"type-product","3":"status-publish","4":"has-post-thumbnail","6":"product_cat-bonus","8":"first","9":"instock","10":"downloadable","11":"virtual","12":"sold-individually","13":"taxable","14":"purchasable","15":"product-type-simple"},"_links":{"self":[{"href":"https:\/\/spielleute.de\/fr\/wp-json\/wp\/v2\/product\/5594","targetHints":{"allow":["GET"]}}],"collection":[{"href":"https:\/\/spielleute.de\/fr\/wp-json\/wp\/v2\/product"}],"about":[{"href":"https:\/\/spielleute.de\/fr\/wp-json\/wp\/v2\/types\/product"}],"replies":[{"embeddable":true,"href":"https:\/\/spielleute.de\/fr\/wp-json\/wp\/v2\/comments?post=5594"}],"wp:featuredmedia":[{"embeddable":true,"href":"https:\/\/spielleute.de\/fr\/wp-json\/wp\/v2\/media\/5605"}],"wp:attachment":[{"href":"https:\/\/spielleute.de\/fr\/wp-json\/wp\/v2\/media?parent=5594"}],"wp:term":[{"taxonomy":"product_brand","embeddable":true,"href":"https:\/\/spielleute.de\/fr\/wp-json\/wp\/v2\/product_brand?post=5594"},{"taxonomy":"product_cat","embeddable":true,"href":"https:\/\/spielleute.de\/fr\/wp-json\/wp\/v2\/product_cat?post=5594"},{"taxonomy":"product_tag","embeddable":true,"href":"https:\/\/spielleute.de\/fr\/wp-json\/wp\/v2\/product_tag?post=5594"}],"curies":[{"name":"wp","href":"https:\/\/api.w.org\/{rel}","templated":true}]}}