{"id":5443,"date":"2024-10-23T16:47:40","date_gmt":"2024-10-23T14:47:40","guid":{"rendered":"https:\/\/spielleute.de\/la-carpe-qui-rit\/"},"modified":"2025-04-17T10:55:49","modified_gmt":"2025-04-17T08:55:49","slug":"la-carpe-qui-rit","status":"publish","type":"product","link":"https:\/\/spielleute.de\/fr\/la-carpe-qui-rit\/","title":{"rendered":"La carpe qui rit"},"content":{"rendered":"<p><strong>The Lilting Carp<\/strong> d&rsquo;Ekhart Topp est une vaste collection de 30 compositions personnelles, fortement influenc\u00e9es par la tradition musicale irlandaise. Dans cette collection, Topp combine magistralement des \u00e9l\u00e9ments traditionnels irlandais avec des influences modernes, cr\u00e9ant ainsi des morceaux qui conviennent aussi bien aux solistes qu&rsquo;aux groupes. <\/p>\n<p>Les notations comprennent non seulement la notation classique, mais aussi des tablatures pour les instruments \u00e0 quatre cordes accord\u00e9s en GDAE, ce qui rend la collection particuli\u00e8rement polyvalente. Avec les propositions d&rsquo;accords incluses, le livre offre une base solide pour des accompagnements individuels qui \u00e9largissent la marge de man\u0153uvre cr\u00e9ative des musiciens. <\/p>\n<ul>\n<li><strong>30 morceaux originaux<\/strong>: Des compositions profond\u00e9ment enracin\u00e9es dans la tradition musicale irlandaise.<\/li>\n<li><strong>Notation polyvalente<\/strong>: notation classique et tablatures pour instruments \u00e0 cordes accordables GDAE<\/li>\n<li><strong>Suggestions d&rsquo;accords<\/strong>: Flexibilit\u00e9 pour des accompagnements individuels et des interpr\u00e9tations cr\u00e9atives<\/li>\n<\/ul>\n<p>Les compositions sont con\u00e7ues pour attirer des musiciens de diff\u00e9rents niveaux &#8211; des d\u00e9butants aux joueurs avanc\u00e9s. Les morceaux sont m\u00e9lodiquement et rythmiquement vari\u00e9s, ce qui rend le r\u00e9pertoire particuli\u00e8rement passionnant. Que tu joues seul ou que tu fasses de la musique avec d&rsquo;autres, cette collection te permet de te plonger dans la riche tradition de la musique irlandaise tout en y ajoutant ta propre touche. Il ne s&rsquo;agit pas seulement de jouer des airs traditionnels, mais aussi de les r\u00e9interpr\u00e9ter et de les utiliser dans des contextes modernes.   <\/p>\n<p>Ekhart Topp, musicien et auteur exp\u00e9riment\u00e9, est actif sur la sc\u00e8ne de la musique folk depuis de nombreuses ann\u00e9es et exprime sa passion pour la musique irlandaise dans cette collection. En plus de son expertise dans le domaine de la musique traditionnelle, Topp est connu pour ses approches innovantes et cr\u00e9atives, qu&rsquo;il a \u00e9galement int\u00e9gr\u00e9es dans <strong>The Lilting Carp<\/strong>. La collection n&rsquo;est donc pas seulement une \u0153uvre musicale, mais aussi une source d&rsquo;inspiration pour tous ceux qui souhaitent avoir un aper\u00e7u plus profond de la sc\u00e8ne musicale irlandaise.  <\/p>\n<p>Que tu sois \u00e0 la recherche de nouveaux morceaux pour ton groupe de musique, que tu veuilles \u00e9largir ton r\u00e9pertoire de musique irlandaise ou que tu cherches simplement un d\u00e9fi cr\u00e9atif, <strong>The Lilting Carp<\/strong> est un ouvrage indispensable qui t&rsquo;offrira des heures de plaisir \u00e0 jouer et \u00e0 d\u00e9couvrir.<\/p>\n","protected":false},"excerpt":{"rendered":"<p>30 compositions pour tous les instruments avec partitions et tablatures (GDAE)<\/p>\n","protected":false},"featured_media":5141,"comment_status":"open","ping_status":"closed","template":"","meta":[],"product_brand":[],"product_cat":[461],"product_tag":[1054,1051,1057,1055,1059,487,1058,1050,1056,1052,1053],"class_list":{"0":"post-5443","1":"product","2":"type-product","3":"status-publish","4":"has-post-thumbnail","6":"product_cat-notes-de-musique","7":"product_tag-banjo-fr","8":"product_tag-gdae-fr","9":"product_tag-jigs-fr","10":"product_tag-mandoline-fr","11":"product_tag-musique-traditionnelle","12":"product_tag-partitions-pour-irish-folk","13":"product_tag-reels-fr","14":"product_tag-tablature","15":"product_tag-tin-whistle-fr","16":"product_tag-tunebook-fr","17":"product_tag-violon","18":"pa_b035_a01_b037-ekhart-topp-fr","20":"first","21":"instock","22":"taxable","23":"shipping-taxable","24":"purchasable","25":"product-type-simple"},"_links":{"self":[{"href":"https:\/\/spielleute.de\/fr\/wp-json\/wp\/v2\/product\/5443","targetHints":{"allow":["GET"]}}],"collection":[{"href":"https:\/\/spielleute.de\/fr\/wp-json\/wp\/v2\/product"}],"about":[{"href":"https:\/\/spielleute.de\/fr\/wp-json\/wp\/v2\/types\/product"}],"replies":[{"embeddable":true,"href":"https:\/\/spielleute.de\/fr\/wp-json\/wp\/v2\/comments?post=5443"}],"wp:featuredmedia":[{"embeddable":true,"href":"https:\/\/spielleute.de\/fr\/wp-json\/wp\/v2\/media\/5141"}],"wp:attachment":[{"href":"https:\/\/spielleute.de\/fr\/wp-json\/wp\/v2\/media?parent=5443"}],"wp:term":[{"taxonomy":"product_brand","embeddable":true,"href":"https:\/\/spielleute.de\/fr\/wp-json\/wp\/v2\/product_brand?post=5443"},{"taxonomy":"product_cat","embeddable":true,"href":"https:\/\/spielleute.de\/fr\/wp-json\/wp\/v2\/product_cat?post=5443"},{"taxonomy":"product_tag","embeddable":true,"href":"https:\/\/spielleute.de\/fr\/wp-json\/wp\/v2\/product_tag?post=5443"}],"curies":[{"name":"wp","href":"https:\/\/api.w.org\/{rel}","templated":true}]}}