{"id":3549,"date":"2008-12-02T17:31:12","date_gmt":"2008-12-02T16:31:12","guid":{"rendered":"https:\/\/spielleute.de\/construction-dune-vielle-a-roue\/"},"modified":"2025-04-30T16:25:11","modified_gmt":"2025-04-30T14:25:11","slug":"construction-dune-vielle-a-roue","status":"publish","type":"product","link":"https:\/\/spielleute.de\/fr\/construction-dune-vielle-a-roue\/","title":{"rendered":"Construction d&rsquo;une vielle \u00e0 roue"},"content":{"rendered":"<p>Helmut Gotschy a d\u00e9couvert la vielle \u00e0 roue en 1976 chez un musicien itin\u00e9rant \u00e0 Fribourg et a d\u00e9cid\u00e9 d\u00e8s lors de consacrer sa vie et son m\u00e9tier \u00e0 cet instrument. Depuis, il ne s&rsquo;est pas seulement consacr\u00e9 \u00e0 la lyre, mais s&rsquo;est largement pench\u00e9 sur sa fabrication et son d\u00e9veloppement historique, artisanal et musical. En 1997, Helmut Gotschy a \u00e9t\u00e9 charg\u00e9 par le Mus\u00e9e technique de Vienne de r\u00e9aliser la r\u00e9plique d&rsquo;une vielle \u00e0 roue fran\u00e7aise de Lasnier et de documenter en d\u00e9tail la fabrication artisanale de cet instrument. Avec cette description de la construction, la fabrication compliqu\u00e9e d&rsquo;un instrument aussi complexe est rendue accessible \u00e0 un grand nombre de personnes int\u00e9ress\u00e9es. Les d\u00e9tails artisanaux int\u00e9ressants de \u00ab\u00a0Construction d&rsquo;une vielle \u00e0 roue\u00a0\u00bb aideront les musiciens \u00e0 mieux comprendre leur instrument et \u00e0 comprendre son fonctionnement.    <\/p>\n<h3>L&rsquo;\u00e9volution de la vielle \u00e0 roue au fil des si\u00e8cles<\/h3>\n<p>Depuis le Moyen-\u00c2ge jusqu&rsquo;au d\u00e9but du 20\u00e8me si\u00e8cle, la vielle \u00e0 roue a connu de nombreuses \u00e9tapes de d\u00e9veloppement en Europe. Des designs simples aux m\u00e9canismes plus complexes et de meilleure qualit\u00e9, l&rsquo;instrument n&rsquo;a cess\u00e9 d&rsquo;\u00e9voluer. Vers 1960, la vielle \u00e0 roue a connu une renaissance, caract\u00e9ris\u00e9e par une multitude de styles et de festivals de musique. La modernisation depuis les ann\u00e9es 1980 a contribu\u00e9 \u00e0 ce que la vielle \u00e0 roue retrouve une place de choix sur la sc\u00e8ne musicale.   <\/p>\n<h3>Construction d&rsquo;une vielle \u00e0 roue : structure technique et mat\u00e9riaux<\/h3>\n<p>Le plan et le fonctionnement de la vielle \u00e0 roue sont complexes. Le corps, la coquille, les balustres, le plafond et l&rsquo;insert de bordure ne sont que quelques-uns des \u00e9l\u00e9ments qui doivent \u00eatre fabriqu\u00e9s avec pr\u00e9cision. Chaque \u00e9tape, du pon\u00e7age et du trempage au vernissage et au polissage, est cruciale pour la qualit\u00e9 de l&rsquo;instrument final. Le montage des pi\u00e8ces mobiles telles que la roue, l&rsquo;axe et la manivelle requiert \u00e9galement des connaissances sp\u00e9cialis\u00e9es et une certaine habilet\u00e9 manuelle.   <\/p>\n<h3>Pr\u00eat \u00e0 jouer : La touche finale<\/h3>\n<p>L&rsquo;ajustement des chevilles, le r\u00e9glage des touches et le cordage sont des \u00e9tapes cruciales pour rendre l&rsquo;instrument pr\u00eat \u00e0 jouer. Chacune de ces \u00e9tapes contribue \u00e0 ce que la vielle \u00e0 roue d\u00e9veloppe son son caract\u00e9ristique et permette aux musiciens de tirer le meilleur parti de leur instrument. <\/p>\n<h3>Un aper\u00e7u pr\u00e9cieux de la construction d&rsquo;une vielle \u00e0 roue<\/h3>\n<p>L&rsquo;aper\u00e7u complet de la construction d&rsquo;une vielle \u00e0 roue, les descriptions d\u00e9taill\u00e9es des processus artisanaux et l&rsquo;importance historique de cet instrument font de ce livre un outil indispensable pour toute personne qui souhaite s&rsquo;int\u00e9resser s\u00e9rieusement \u00e0 la vielle \u00e0 roue. Ce n&rsquo;est pas seulement un guide de fabrication, mais aussi une appr\u00e9ciation de l&rsquo;art et de l&rsquo;histoire de la vielle \u00e0 roue. Obtiens ton exemplaire de \u00ab\u00a0Construction d&rsquo;une vielle \u00e0 roue\u00a0\u00bb et approfondis ta compr\u00e9hension de cet instrument fascinant, soutenu par l&rsquo;expertise d&rsquo;un ma\u00eetre renomm\u00e9 dans ce domaine.  <\/p>\n","protected":false},"excerpt":{"rendered":"<p>Documentation sur la fabrication artisanale d&rsquo;une vielle \u00e0 roue pour luth fran\u00e7ais<\/p>\n","protected":false},"featured_media":4653,"comment_status":"closed","ping_status":"closed","template":"","meta":[],"product_brand":[],"product_cat":[478],"product_tag":[485,563,1059],"class_list":{"0":"post-3549","1":"product","2":"type-product","3":"status-publish","4":"has-post-thumbnail","6":"product_cat-non-fiction","7":"product_tag-apprendre-a-jouer-de-la-vielle-a-roue","8":"product_tag-litterature-pour-la-fabrication-dinstruments","9":"product_tag-musique-traditionnelle","10":"pa_b035_a01_b037-gotschy-helmut-fr","12":"first","13":"outofstock","14":"taxable","15":"shipping-taxable","16":"purchasable","17":"product-type-simple"},"_links":{"self":[{"href":"https:\/\/spielleute.de\/fr\/wp-json\/wp\/v2\/product\/3549","targetHints":{"allow":["GET"]}}],"collection":[{"href":"https:\/\/spielleute.de\/fr\/wp-json\/wp\/v2\/product"}],"about":[{"href":"https:\/\/spielleute.de\/fr\/wp-json\/wp\/v2\/types\/product"}],"replies":[{"embeddable":true,"href":"https:\/\/spielleute.de\/fr\/wp-json\/wp\/v2\/comments?post=3549"}],"wp:featuredmedia":[{"embeddable":true,"href":"https:\/\/spielleute.de\/fr\/wp-json\/wp\/v2\/media\/4653"}],"wp:attachment":[{"href":"https:\/\/spielleute.de\/fr\/wp-json\/wp\/v2\/media?parent=3549"}],"wp:term":[{"taxonomy":"product_brand","embeddable":true,"href":"https:\/\/spielleute.de\/fr\/wp-json\/wp\/v2\/product_brand?post=3549"},{"taxonomy":"product_cat","embeddable":true,"href":"https:\/\/spielleute.de\/fr\/wp-json\/wp\/v2\/product_cat?post=3549"},{"taxonomy":"product_tag","embeddable":true,"href":"https:\/\/spielleute.de\/fr\/wp-json\/wp\/v2\/product_tag?post=3549"}],"curies":[{"name":"wp","href":"https:\/\/api.w.org\/{rel}","templated":true}]}}