{"id":3548,"date":"2007-02-16T17:32:50","date_gmt":"2007-02-16T16:32:50","guid":{"rendered":"https:\/\/spielleute.de\/le-livre-de-chansons-de-locham-volume-1\/"},"modified":"2007-02-16T17:32:50","modified_gmt":"2007-02-16T16:32:50","slug":"le-livre-de-chansons-de-locham-volume-1","status":"publish","type":"product","link":"https:\/\/spielleute.de\/fr\/le-livre-de-chansons-de-locham-volume-1\/","title":{"rendered":"Le livre de chansons de Locham &#8211; Volume 1"},"content":{"rendered":"<p>\u00ab\u00a0Le livre de chansons de Locham &#8211; volume 1\u00a0\u00bb 1 est souvent cit\u00e9 comme le \u00ab\u00a0premier livre de chansons allemandes\u00a0\u00bb et contient une collection de 41 pi\u00e8ces de chant qui se distingue dans la transmission des chansons en langue allemande.<\/p>\n<h3>Valeur historique et musicale<\/h3>\n<p>Compl\u00e9t\u00e9 par une partie instrumentale avec 32 arrangements, le recueil de chansons a probablement \u00e9t\u00e9 cr\u00e9\u00e9 dans l&rsquo;entourage du c\u00e9l\u00e8bre organiste aveugle Conrad Paumann \u00e0 Nuremberg. Cette extension augmente consid\u00e9rablement la valeur et la diversit\u00e9 de la collection.<\/p>\n<h3>Nouvelle transmission pratique<\/h3>\n<p>Les \u00e9ditions pr\u00e9c\u00e9dentes se sont principalement focalis\u00e9es sur la transmission scientifique. Notre nouvelle \u00e9dition \u00ab\u00a0The Lochamer Liederbuch &#8211; Volume 1\u00a0\u00bb met l&rsquo;accent sur la praticabilit\u00e9 des morceaux, compl\u00e9t\u00e9e par une transcription directement \u00e0 partir de l&rsquo;original.<\/p>\n<h3>La science rencontre la pratique<\/h3>\n<p>\u00ab\u00a0Le livre de chansons de Locham &#8211; volume 1\u00a0\u00bb satisfait \u00e9galement aux normes scientifiques \u00e9lev\u00e9es gr\u00e2ce \u00e0 son commentaire critique, tandis qu&rsquo;il s&rsquo;adresse en particulier aux musiciens gr\u00e2ce \u00e0 des conseils pratiques d&rsquo;ex\u00e9cution.<\/p>\n<h3>La diversit\u00e9 dans la musique<\/h3>\n<p>Des m\u00e9lodies connues comme \u00ab\u00a0Wach auf mein hort Oswalds von Wolkenstein\u00a0\u00bb aux morceaux moins connus comme \u00ab\u00a0M\u00f6cht ich dein begeren\u00a0\u00bb, ce livre offre un large \u00e9ventail de chansons qui enrichissent le r\u00e9pertoire musical m\u00e9di\u00e9val.<\/p>\n<h3>Une mine d&rsquo;or pour les musiciens et les historiens<\/h3>\n<p>\u00ab\u00a0Le livre de chansons de Locham &#8211; volume 1\u00a0\u00bb est une ressource importante pour tous ceux qui souhaitent s&rsquo;engager dans l&rsquo;interpr\u00e9tation et la compr\u00e9hension de la musique historique. Cette \u00e9dition donne acc\u00e8s \u00e0 un monde de m\u00e9lodies historiques et de techniques musicales.<\/p>\n<h3>Enrichir ton r\u00e9pertoire musical<\/h3>\n<p>Am\u00e9liore ta compr\u00e9hension et tes capacit\u00e9s d&rsquo;ex\u00e9cution en achetant cette \u00e9dition soigneusement pr\u00e9par\u00e9e. \u00ab\u00a0Le livre de chansons de Locham &#8211; volume 1\u00a0\u00bb te fait d\u00e9couvrir les sons fascinants du 15\u00e8me si\u00e8cle et enrichit ton r\u00e9pertoire musical gr\u00e2ce \u00e0 la profondeur historique et \u00e0 l&rsquo;authenticit\u00e9.<\/p>\n","protected":false},"excerpt":{"rendered":"<p>dans une nouvelle transmission et avec des commentaires d\u00e9taill\u00e9s de Marc Lewon<\/p>\n","protected":false},"featured_media":4545,"comment_status":"closed","ping_status":"closed","template":"","meta":[],"product_brand":[],"product_cat":[461],"product_tag":[468,539],"class_list":{"0":"post-3548","1":"product","2":"type-product","3":"status-publish","4":"has-post-thumbnail","6":"product_cat-notes-de-musique","7":"product_tag-musique-ancienne","8":"product_tag-renaissance-fr","9":"pa_b035_a01_b037-marc-lewon-fr","11":"first","12":"outofstock","13":"taxable","14":"shipping-taxable","15":"purchasable","16":"product-type-simple"},"_links":{"self":[{"href":"https:\/\/spielleute.de\/fr\/wp-json\/wp\/v2\/product\/3548","targetHints":{"allow":["GET"]}}],"collection":[{"href":"https:\/\/spielleute.de\/fr\/wp-json\/wp\/v2\/product"}],"about":[{"href":"https:\/\/spielleute.de\/fr\/wp-json\/wp\/v2\/types\/product"}],"replies":[{"embeddable":true,"href":"https:\/\/spielleute.de\/fr\/wp-json\/wp\/v2\/comments?post=3548"}],"wp:featuredmedia":[{"embeddable":true,"href":"https:\/\/spielleute.de\/fr\/wp-json\/wp\/v2\/media\/4545"}],"wp:attachment":[{"href":"https:\/\/spielleute.de\/fr\/wp-json\/wp\/v2\/media?parent=3548"}],"wp:term":[{"taxonomy":"product_brand","embeddable":true,"href":"https:\/\/spielleute.de\/fr\/wp-json\/wp\/v2\/product_brand?post=3548"},{"taxonomy":"product_cat","embeddable":true,"href":"https:\/\/spielleute.de\/fr\/wp-json\/wp\/v2\/product_cat?post=3548"},{"taxonomy":"product_tag","embeddable":true,"href":"https:\/\/spielleute.de\/fr\/wp-json\/wp\/v2\/product_tag?post=3548"}],"curies":[{"name":"wp","href":"https:\/\/api.w.org\/{rel}","templated":true}]}}