{"id":3542,"date":"2008-12-02T17:31:51","date_gmt":"2008-12-02T16:31:51","guid":{"rendered":"https:\/\/spielleute.de\/chants-de-lavent-et-de-noel\/"},"modified":"2025-04-30T16:29:17","modified_gmt":"2025-04-30T14:29:17","slug":"chants-de-lavent-et-de-noel","status":"publish","type":"product","link":"https:\/\/spielleute.de\/fr\/chants-de-lavent-et-de-noel\/","title":{"rendered":"Chants de l&rsquo;Avent et de No\u00ebl"},"content":{"rendered":"<p>La collection de partitions \u00ab\u00a0Chants de l&rsquo;Avent et de No\u00ebl\u00a0\u00bb, compil\u00e9e par Hermann Rieth, un organisateur renomm\u00e9 des journ\u00e9es de Sackpfeifer de Schw\u00e4bisch Hall, comprend 36 s\u00e9ries de chants sur une p\u00e9riode de 600 ans. Les g\u00e9n\u00e9rations pr\u00e9c\u00e9dentes nous ont laiss\u00e9 des m\u00e9lodies et des paroles, souvent accompagn\u00e9es de mani\u00e8re improvis\u00e9e par des instrumentistes. Cette collection propose des adaptations de diff\u00e9rents compositeurs, la plupart du temps \u00e0 plusieurs voix et dans diff\u00e9rentes adaptations musicales pour une interpr\u00e9tation vivante des chansons.  <\/p>\n<h3>Gros plan sur les instruments historiques<\/h3>\n<p>Les chansons sont sp\u00e9cialement adapt\u00e9es aux instruments \u00e0 vent historiques tels que les cornets \u00e0 bouquin ou les cors de gemme, qui se caract\u00e9risent par une tessiture limit\u00e9e et une \u00e9chelle chromatique restreinte. Ces instruments, souvent utilis\u00e9s pour accompagner les chanteurs, permettent de reproduire les chansons de mani\u00e8re authentique. <\/p>\n<h3>\u00ab\u00a0Chants de l&rsquo;Avent et de No\u00ebl\u00a0\u00bb avec diversit\u00e9 et profondeur musicale<\/h3>\n<p>Des m\u00e9lodies connues comme \u00ab\u00a0Il arrive un bateau charg\u00e9\u00a0\u00bb aux morceaux moins connus comme le \u00ab\u00a0Canon des Rois\u00a0\u00bb, la collection offre un large \u00e9ventail de chansons. Des morceaux historiques comme \u00ab\u00a0There is no Rose\u00a0\u00bb du 15\u00e8me si\u00e8cle alternent avec des compositions plus modernes, ce qui fait de cette collection une v\u00e9ritable exp\u00e9rience d&rsquo;\u00e9coute. <\/p>\n<h3>Notation adaptative et instrumentation flexible<\/h3>\n<p>La notation de cette collection \u00ab\u00a0Chants de l&rsquo;Avent et de No\u00ebl\u00a0\u00bb suit les sources historiques, ce qui donne lieu \u00e0 une \u00e9criture polyvalente et adaptative. Les morceaux sont arrang\u00e9s de mani\u00e8re \u00e0 ce qu&rsquo;ils puissent presque toujours \u00eatre jou\u00e9s en compagnie d&rsquo;une marelle. Les indications d&rsquo;instrumentation ne sont que des suggestions et peuvent \u00eatre modifi\u00e9es \u00e0 volont\u00e9 pour permettre des versions a cappella ou des interpr\u00e9tations purement instrumentales.  <\/p>\n<h3>L&rsquo;histoire de No\u00ebl racont\u00e9e en musique<\/h3>\n<p>Les chansons de \u00ab\u00a0Chants de l&rsquo;Avent et de No\u00ebl\u00a0\u00bb suivent le d\u00e9roulement de l&rsquo;histoire de No\u00ebl &#8211; de l&rsquo;Annonciation \u00e0 Marie aux Rois mages. Chaque chanson contribue \u00e0 rendre l&rsquo;histoire vivante gr\u00e2ce \u00e0 sa musique et \u00e0 ses paroles. <\/p>\n<h3>Mets-toi dans l&rsquo;ambiance de No\u00ebl<\/h3>\n<p>\u00ab\u00a0Chants de l&rsquo;Avent et de No\u00ebl\u00a0\u00bb n&rsquo;est pas seulement une source pour les musiciens et les ensembles, mais offre \u00e0 tout amateur de musique la possibilit\u00e9 de se plonger dans le monde de la musique traditionnelle de No\u00ebl. Que ce soit pour accompagner un petit cercle ou dans le cadre d&rsquo;un concert festif, ces chansons enrichissent chaque repr\u00e9sentation musicale. <\/p>\n<h3>Ton invitation \u00e0 la f\u00eate musicale<\/h3>\n<p>Avec les \u00ab\u00a0Chants de l&rsquo;Avent et de No\u00ebl\u00a0\u00bb, tu n&rsquo;acquiers pas seulement une collection de morceaux de musique de grande valeur historique, mais aussi une invitation \u00e0 red\u00e9couvrir la p\u00e9riode de No\u00ebl en musique. Cette \u00e9dition est id\u00e9ale pour tous ceux qui souhaitent \u00e9largir leurs horizons musicaux et se plonger profond\u00e9ment dans l&rsquo;histoire et la tradition de la musique de No\u00ebl. Obtiens ta copie d\u00e8s maintenant et enrichis ton r\u00e9pertoire musical avec des chansons de No\u00ebl uniques et vari\u00e9es.  <\/p>\n","protected":false},"excerpt":{"rendered":"<p>Collection de partitions avec 36 phrases de chansons pour chanteurs et siffleurs<\/p>\n","protected":false},"featured_media":4400,"comment_status":"closed","ping_status":"closed","template":"","meta":[],"product_brand":[],"product_cat":[461],"product_tag":[511,468,495,496,596],"class_list":{"0":"post-3542","1":"product","2":"type-product","3":"status-publish","4":"has-post-thumbnail","6":"product_cat-notes-de-musique","7":"product_tag-chants-de-noel","8":"product_tag-musique-ancienne","9":"product_tag-partitions-pour-cornemuse","10":"product_tag-partitions-pour-hummelchen-et-dudey","11":"product_tag-partitions-pour-musique-medievale","12":"pa_b035_a01_b037-hermann-rieth-fr","14":"first","15":"instock","16":"taxable","17":"shipping-taxable","18":"purchasable","19":"product-type-simple"},"_links":{"self":[{"href":"https:\/\/spielleute.de\/fr\/wp-json\/wp\/v2\/product\/3542","targetHints":{"allow":["GET"]}}],"collection":[{"href":"https:\/\/spielleute.de\/fr\/wp-json\/wp\/v2\/product"}],"about":[{"href":"https:\/\/spielleute.de\/fr\/wp-json\/wp\/v2\/types\/product"}],"replies":[{"embeddable":true,"href":"https:\/\/spielleute.de\/fr\/wp-json\/wp\/v2\/comments?post=3542"}],"wp:featuredmedia":[{"embeddable":true,"href":"https:\/\/spielleute.de\/fr\/wp-json\/wp\/v2\/media\/4400"}],"wp:attachment":[{"href":"https:\/\/spielleute.de\/fr\/wp-json\/wp\/v2\/media?parent=3542"}],"wp:term":[{"taxonomy":"product_brand","embeddable":true,"href":"https:\/\/spielleute.de\/fr\/wp-json\/wp\/v2\/product_brand?post=3542"},{"taxonomy":"product_cat","embeddable":true,"href":"https:\/\/spielleute.de\/fr\/wp-json\/wp\/v2\/product_cat?post=3542"},{"taxonomy":"product_tag","embeddable":true,"href":"https:\/\/spielleute.de\/fr\/wp-json\/wp\/v2\/product_tag?post=3542"}],"curies":[{"name":"wp","href":"https:\/\/api.w.org\/{rel}","templated":true}]}}