{"id":3535,"date":"2006-09-25T17:31:51","date_gmt":"2006-09-25T15:31:51","guid":{"rendered":"https:\/\/spielleute.de\/les-cornemuses-en-boheme-en-moravie-et-en-silesie\/"},"modified":"2006-09-25T17:31:51","modified_gmt":"2006-09-25T15:31:51","slug":"les-cornemuses-en-boheme-en-moravie-et-en-silesie","status":"publish","type":"product","link":"https:\/\/spielleute.de\/fr\/les-cornemuses-en-boheme-en-moravie-et-en-silesie\/","title":{"rendered":"Les cornemuses en Boh\u00e8me, en Moravie et en Sil\u00e9sie"},"content":{"rendered":"<p>\u00ab\u00a0Les cornemuses en Boh\u00e8me, en Moravie et en Sil\u00e9sie\u00a0\u00bb &#8211; Cette statue en bronze d&rsquo;un joueur de cornemuse du 16\u00e8me si\u00e8cle devant la r\u00e9sidence d&rsquo;\u00e9t\u00e9 de la reine Anna \u00e0 Prague refl\u00e8te la permanence et la culture des cornemuses \u00e0 boucs. D\u00e9couvre, gr\u00e2ce \u00e0 l&rsquo;expertise de Pavel C\u00edp et Rudolf F. Klapka, les impressionnantes variantes des cornemuses \u00e0 boucles.<\/p>\n<h3>Comment un hobby est devenu une passion<\/h3>\n<p>L&rsquo;id\u00e9e de cette \u0153uvre est n\u00e9e d&rsquo;une pr\u00e9f\u00e9rence pour la musique et de la rencontre avec un livre \u00e9puis\u00e9. Une collaboration nourrie \u00e0 la fois par des rencontres en face \u00e0 face et des communications num\u00e9riques a abouti \u00e0 cette collection compl\u00e8te et d\u00e9taill\u00e9e.<\/p>\n<h3>Livre avec une utilit\u00e9 pratique<\/h3>\n<p>Au lieu d&rsquo;un trait\u00e9 traditionnel, ce livre \u00ab\u00a0Les cornemuses en Boh\u00e8me, Moravie et Sil\u00e9sie\u00a0\u00bb offre des aper\u00e7us pratiques. En 224 pages joliment illustr\u00e9es, tu apprendras tout sur le bouc : son histoire, ses m\u00e9thodes de construction et l&rsquo;art de fabriquer des anches, le tout compl\u00e9t\u00e9 par un guide de construction et une \u00e9cole de jeu.<\/p>\n<h3>Culture et artisanat r\u00e9unis<\/h3>\n<p>Un chapitre de \u00ab\u00a0Cornemuses en Boh\u00e8me, Moravie et Sil\u00e9sie\u00a0\u00bb met en lumi\u00e8re la signification litt\u00e9raire de la cornemuse. Le CD d&rsquo;accompagnement compl\u00e8te parfaitement le livre avec des exemples musicaux et des plans de construction \u00e0 imprimer, id\u00e9al pour les amateurs de musique et les professionnels.<\/p>\n<h3>Apprendre l&rsquo;art de la fabrication de la cornemuse<\/h3>\n<p>Le livre te guide \u00e0 travers le processus de fabrication de la cornemuse gr\u00e2ce \u00e0 des instructions d\u00e9taill\u00e9es. Du choix des mat\u00e9riaux \u00e0 la finition de chaque pi\u00e8ce, chaque \u00e9tape est expliqu\u00e9e en d\u00e9tail pour que tu puisses appliquer les techniques toi-m\u00eame.<\/p>\n<h3>Une musique qui unit et inspire<\/h3>\n<p>Le CD contient non seulement des morceaux de musique traditionnelle, mais aussi des plans de construction complets pour deux types de cornemuses, ce qui fait de ce livre un outil indispensable pour tous ceux qui souhaitent \u00e9tudier les cornemuses en profondeur.<\/p>\n<h3>Ton chemin dans le monde de la cornemuse<\/h3>\n<p>\u00ab\u00a0Les cornemuses de Boh\u00e8me, de Moravie et de Sil\u00e9sie\u00a0\u00bb t&rsquo;offre des connaissances compl\u00e8tes, de l&rsquo;histoire \u00e0 la mise en pratique. Avec sa combinaison de textes informatifs et d&rsquo;outils pratiques, ce livre est essentiel pour tous ceux qui s&rsquo;int\u00e9ressent \u00e0 la construction et au jeu des cornemuses. Ne manque pas l&rsquo;occasion d&rsquo;\u00e9largir tes connaissances et de t&rsquo;impliquer activement dans la cr\u00e9ation et l&rsquo;utilisation de cet outil traditionnel. Procure-toi d\u00e8s maintenant ton exemplaire et lance-toi dans un chapitre captivant de l&rsquo;histoire de la musique.<\/p>\n","protected":false},"excerpt":{"rendered":"<p>Introduction \u00e0 l&rsquo;histoire, \u00e0 la diffusion et aux instructions pour l&rsquo;auto-construction, ainsi qu&rsquo;une br\u00e8ve \u00e9cole de jeu.<\/p>\n","protected":false},"featured_media":4635,"comment_status":"closed","ping_status":"closed","template":"","meta":[],"product_brand":[],"product_cat":[478],"product_tag":[526,563],"class_list":{"0":"post-3535","1":"product","2":"type-product","3":"status-publish","4":"has-post-thumbnail","6":"product_cat-non-fiction","7":"product_tag-apprendre-a-jouer-de-la-cornemuse","8":"product_tag-litterature-pour-la-fabrication-dinstruments","10":"first","11":"outofstock","12":"taxable","13":"shipping-taxable","14":"purchasable","15":"product-type-simple"},"_links":{"self":[{"href":"https:\/\/spielleute.de\/fr\/wp-json\/wp\/v2\/product\/3535","targetHints":{"allow":["GET"]}}],"collection":[{"href":"https:\/\/spielleute.de\/fr\/wp-json\/wp\/v2\/product"}],"about":[{"href":"https:\/\/spielleute.de\/fr\/wp-json\/wp\/v2\/types\/product"}],"replies":[{"embeddable":true,"href":"https:\/\/spielleute.de\/fr\/wp-json\/wp\/v2\/comments?post=3535"}],"wp:featuredmedia":[{"embeddable":true,"href":"https:\/\/spielleute.de\/fr\/wp-json\/wp\/v2\/media\/4635"}],"wp:attachment":[{"href":"https:\/\/spielleute.de\/fr\/wp-json\/wp\/v2\/media?parent=3535"}],"wp:term":[{"taxonomy":"product_brand","embeddable":true,"href":"https:\/\/spielleute.de\/fr\/wp-json\/wp\/v2\/product_brand?post=3535"},{"taxonomy":"product_cat","embeddable":true,"href":"https:\/\/spielleute.de\/fr\/wp-json\/wp\/v2\/product_cat?post=3535"},{"taxonomy":"product_tag","embeddable":true,"href":"https:\/\/spielleute.de\/fr\/wp-json\/wp\/v2\/product_tag?post=3535"}],"curies":[{"name":"wp","href":"https:\/\/api.w.org\/{rel}","templated":true}]}}