{"id":3534,"date":"2003-05-04T17:31:51","date_gmt":"2003-05-04T15:31:51","guid":{"rendered":"https:\/\/spielleute.de\/jouer-les-bagpipes\/"},"modified":"2026-02-12T12:44:07","modified_gmt":"2026-02-12T11:44:07","slug":"jouer-les-bagpipes","status":"publish","type":"product","link":"https:\/\/spielleute.de\/fr\/jouer-les-bagpipes\/","title":{"rendered":"Jouer les bagpipes"},"content":{"rendered":"<p>Ce manuel d&rsquo;apprentissage, une collaboration avec la English Bagpipe Society, est un compagnon indispensable pour tous ceux qui souhaitent apprendre le doigt\u00e9 fran\u00e7ais semi-ferm\u00e9 \u00e0 la cornemuse. \u00ab\u00a0Playing the Bagpipes\u00a0\u00bb a \u00e9t\u00e9 r\u00e9dig\u00e9 en anglais.<\/p>\n<h3>D\u00e9velopper l&rsquo;\u00e9ventail musical<\/h3>\n<p>Gr\u00e2ce \u00e0 la grande gamme de sons et \u00e0 la capacit\u00e9 chromatique de ces cornemuses, \u00ab\u00a0Playing the Bagpipes\u00a0\u00bb ouvre un large spectre musical. Ces instruments, r\u00e9pandus dans de nombreuses r\u00e9gions d&rsquo;Europe, sont particuli\u00e8rement omnipr\u00e9sents sur la sc\u00e8ne de la danse folk. Leur flexibilit\u00e9 musicale leur permet d&rsquo;interpr\u00e9ter de la musique allant des sons m\u00e9di\u00e9vaux aux airs de danse traditionnels europ\u00e9ens et aux nouvelles compositions.<\/p>\n<h3>Programme d&rsquo;\u00e9tudes syst\u00e9matique : Du d\u00e9butant \u00e0 l&rsquo;expert<\/h3>\n<p>Le livre commence par une introduction claire aux techniques de jeu de base. Un grand nombre d&rsquo;exercices dans \u00ab\u00a0Playing the Bagpipes\u00a0\u00bb offre aux \u00e9l\u00e8ves de nombreuses occasions de pratiquer ce qu&rsquo;ils ont appris. Les m\u00e9lodies choisies correspondent au niveau de difficult\u00e9 actuel et sont con\u00e7ues pour aider les musiciens \u00e0 se construire un r\u00e9pertoire individuel.<\/p>\n<h3>Bernard Boulanger : un ma\u00eetre partage son expertise<\/h3>\n<p>Bernard Boulanger, un virtuose et un p\u00e9dagogue, a con\u00e7u ce manuel pour transmettre ses connaissances. Avec plus de 20 ans d&rsquo;exp\u00e9rience dans son \u00e9cole de musique &lsquo;La Piposa&rsquo;, il a eu une influence majeure sur la musique fran\u00e7aise de cornemuse. Dans la deuxi\u00e8me partie du manuel \u00ab\u00a0Playing the Bagpipes\u00a0\u00bb, Boulanger va au-del\u00e0 des techniques d&rsquo;ornementation traditionnelles et explique comment reproduire les fameuses notes de proposition \u00e9cossaises sur ce type de cornemuse.<\/p>\n<h3>Des possibilit\u00e9s d&rsquo;apprentissage vari\u00e9es pour tous<\/h3>\n<p>Le livre d&rsquo;apprentissage convient parfaitement \u00e0 l&rsquo;auto-apprentissage ainsi qu&rsquo;\u00e0 l&rsquo;utilisation dans les \u00e9coles de musique et les cours r\u00e9guliers. D\u00e9velopp\u00e9e en \u00e9troite collaboration avec des musiciens exp\u00e9riment\u00e9s, des professeurs de musique et des fabricants d&rsquo;instruments, la m\u00e9thode d&rsquo;enseignement de \u00ab\u00a0Playing the Bagpipes\u00a0\u00bb a fait ses preuves dans la pratique.<\/p>\n<h3>D\u00e9couvre le monde des cornemuses fran\u00e7aises<\/h3>\n<p>Plonge-toi profond\u00e9ment dans le monde des cornemuses fran\u00e7aises et d\u00e9veloppe ton potentiel musical. Avec chaque le\u00e7on d&rsquo;entra\u00eenement et le CD d&rsquo;accompagnement, tu ma\u00eetriseras les nuances subtiles du jeu et tu approfondiras ta compr\u00e9hension musicale.<\/p>\n<h3>Maintenant, c&rsquo;est \u00e0 toi de jouer<\/h3>\n<p>Commence ton chemin vers la ma\u00eetrise avec ce manuel, disponible en anglais, en allemand et en fran\u00e7ais, et laisse-toi guider par l&rsquo;expertise de Bernard Boulanger. Tout joueur de cornemuse ambitieux trouvera dans \u00ab\u00a0Playing the Bagpipes\u00a0\u00bb un compagnon indispensable.<\/p>\n","protected":false},"excerpt":{"rendered":"<p>M\u00e9thode par Bernard Boulanger<\/p>\n","protected":false},"featured_media":4575,"comment_status":"closed","ping_status":"closed","template":"","meta":[],"product_brand":[],"product_cat":[484],"product_tag":[526,572,470,1059],"class_list":{"0":"post-3534","1":"product","2":"type-product","3":"status-publish","4":"has-post-thumbnail","6":"product_cat-manuel-denseignement","7":"product_tag-apprendre-a-jouer-de-la-cornemuse","8":"product_tag-apprendre-a-jouer-de-la-cornemuse-francaise","9":"product_tag-bourree-fr","10":"product_tag-musique-traditionnelle","11":"pa_b035_a01_b037-bernard-boulanger-fr","13":"first","14":"instock","15":"taxable","16":"shipping-taxable","17":"purchasable","18":"product-type-simple"},"_links":{"self":[{"href":"https:\/\/spielleute.de\/fr\/wp-json\/wp\/v2\/product\/3534","targetHints":{"allow":["GET"]}}],"collection":[{"href":"https:\/\/spielleute.de\/fr\/wp-json\/wp\/v2\/product"}],"about":[{"href":"https:\/\/spielleute.de\/fr\/wp-json\/wp\/v2\/types\/product"}],"replies":[{"embeddable":true,"href":"https:\/\/spielleute.de\/fr\/wp-json\/wp\/v2\/comments?post=3534"}],"wp:featuredmedia":[{"embeddable":true,"href":"https:\/\/spielleute.de\/fr\/wp-json\/wp\/v2\/media\/4575"}],"wp:attachment":[{"href":"https:\/\/spielleute.de\/fr\/wp-json\/wp\/v2\/media?parent=3534"}],"wp:term":[{"taxonomy":"product_brand","embeddable":true,"href":"https:\/\/spielleute.de\/fr\/wp-json\/wp\/v2\/product_brand?post=3534"},{"taxonomy":"product_cat","embeddable":true,"href":"https:\/\/spielleute.de\/fr\/wp-json\/wp\/v2\/product_cat?post=3534"},{"taxonomy":"product_tag","embeddable":true,"href":"https:\/\/spielleute.de\/fr\/wp-json\/wp\/v2\/product_tag?post=3534"}],"curies":[{"name":"wp","href":"https:\/\/api.w.org\/{rel}","templated":true}]}}