{"id":3533,"date":"2004-11-02T17:31:12","date_gmt":"2004-11-02T16:31:12","guid":{"rendered":"https:\/\/spielleute.de\/allez-chevalier-cest-tac\/"},"modified":"2025-04-30T16:25:05","modified_gmt":"2025-04-30T14:25:05","slug":"allez-chevalier-cest-tac","status":"publish","type":"product","link":"https:\/\/spielleute.de\/fr\/allez-chevalier-cest-tac\/","title":{"rendered":"Allez, chevalier, c&rsquo;est tac !"},"content":{"rendered":"<p>\u00ab\u00a0Nu wol uf, ritter, ez ist tac !\u00a0\u00bb t&rsquo;entra\u00eene dans le monde fascinant de von Wissenlo, un myst\u00e9rieux troubadour dont l&rsquo;\u0153uvre est immortalis\u00e9e dans le c\u00e9l\u00e8bre manuscrit de chansons de Maness. Von Wissenlo, dont le nom remonte au toponyme Wiesloch, reste une \u00e9nigme dans la po\u00e9sie m\u00e9di\u00e9vale. Aucune trace de vie, seulement les \u0153uvres passionn\u00e9es d&rsquo;un ma\u00eetre de l&rsquo;anti-mensonge, dont le th\u00e8me est l&rsquo;amour secret et interdit.<\/p>\n<h3>Histoires d&rsquo;amour interdit<\/h3>\n<p>A peine l&rsquo;id\u00e9e du haut minnesang s&rsquo;\u00e9tait-elle r\u00e9pandue dans les cours allemandes depuis la France qu&rsquo;un mouvement contraire apparaissait d\u00e9j\u00e0. Un genre particuli\u00e8rement appr\u00e9ci\u00e9 de ce \u00ab\u00a0contre-chant\u00a0\u00bb \u00e9tait la \u00ab\u00a0chanson de jour\u00a0\u00bb. L&rsquo;accent est mis sur l&rsquo;amour \u00e9panoui mais menac\u00e9 &#8211; une constellation qui offre un cadre pour une multitude de punchlines et de rebondissements possibles. L&rsquo;amour repr\u00e9sent\u00e9 dans les chansons incarne le concept de l&rsquo;\u00eare, le prestige dans la soci\u00e9t\u00e9 courtoise, menac\u00e9 par la menace d&rsquo;\u00eatre d\u00e9couvert \u00e0 l&rsquo;aube.<\/p>\n<h3>Le c\u0153ur de la collection \u00ab\u00a0Nu wol uf, ritter, ez ist tac\u00a0\u00bb.<\/h3>\n<p>Les chansons mises en musique ici montrent le gardien comme un personnage cl\u00e9 qui avertit le couple d&rsquo;amoureux de l&rsquo;imminence de la lumi\u00e8re du jour. Cette situation dramatique prend vie dans le dialogue entre la dame et le gardien, tandis que le chevalier reste \u00e9tonnamment souvent en arri\u00e8re-plan. Les chansons ne donnent pas seulement un aper\u00e7u des conventions de la cour, mais aussi du monde \u00e9motionnel des personnes concern\u00e9es, marqu\u00e9 par la douleur de la s\u00e9paration et l&rsquo;inqui\u00e9tude.<\/p>\n<h3>Revitalisation par les m\u00e9lodies<\/h3>\n<p>Comme les m\u00e9lodies originales ont \u00e9t\u00e9 perdues, de nouvelles m\u00e9lodies inspir\u00e9es des airs historiques ont \u00e9t\u00e9 compos\u00e9es pour \u00ab\u00a0Nu wol uf, ritter, ez ist tac !\u00a0\u00bb par Marc Lewon et Albrecht Haaf. Ces compositions contemporaines donnent une nouvelle vie aux textes m\u00e9di\u00e9vaux et permettent une repr\u00e9sentation musicale authentique qui combine la compr\u00e9hension de la po\u00e9sie m\u00e9di\u00e9vale avec une interpr\u00e9tation musicale moderne.<\/p>\n<h3>Ton approche de la musique m\u00e9di\u00e9vale<\/h3>\n<p>Dans \u00ab\u00a0Nu wol uf, ritter, ez ist tac !\u00a0\u00bb, tu trouveras un m\u00e9lange de textes soigneusement recherch\u00e9s et de m\u00e9lodies recompos\u00e9es avec sensibilit\u00e9 qui, ensemble, cr\u00e9ent une exp\u00e9rience musicale unique. Les textes sont cit\u00e9s selon l&rsquo;\u00e9dition critique de Carl von Kraus et constituent une source fiable pour l&rsquo;\u00e9tude et l&rsquo;interpr\u00e9tation. Les enregistrements de l&rsquo;ensemble \u00ab\u00a0Freiburger Spielleyt\u00a0\u00bb enrichissent l&rsquo;exp\u00e9rience et permettent d&rsquo;appr\u00e9cier ces \u0153uvres rarement entendues dans toute leur splendeur.<\/p>\n<h3>D\u00e9couvre \u00ab\u00a0Nu wol uf, ritter, ez ist tac\u00a0\u00bb.<\/h3>\n<p>Ce produit est un must pour tout amateur de musique et de culture m\u00e9di\u00e9vale. En recomposant les chansons historiques, on cr\u00e9e un pont qui permet de faire l&rsquo;exp\u00e9rience des profondeurs \u00e9motionnelles et culturelles du minnesang m\u00e9di\u00e9val. Laisse-toi envo\u00fbter par l&rsquo;authenticit\u00e9 et l&rsquo;expression artistique de cette \u00e9dition unique et ajoute-la \u00e0 ta collection d\u00e8s aujourd&rsquo;hui. Ton soutien aide non seulement \u00e0 pr\u00e9server la m\u00e9moire d&rsquo;un ma\u00eetre oubli\u00e9, mais aussi \u00e0 garder vivant l&rsquo;h\u00e9ritage culturel du minnesang m\u00e9di\u00e9val.<\/p>\n","protected":false},"excerpt":{"rendered":"<p>Les chansons de jour de Von Wissenlo avec des m\u00e9lodies de Marc Lewon et Albrecht Haaf<\/p>\n","protected":false},"featured_media":4328,"comment_status":"closed","ping_status":"closed","template":"","meta":[],"product_brand":[],"product_cat":[461],"product_tag":[564,468,596],"class_list":{"0":"post-3533","1":"product","2":"type-product","3":"status-publish","4":"has-post-thumbnail","6":"product_cat-notes-de-musique","7":"product_tag-minnesang-fr","8":"product_tag-musique-ancienne","9":"product_tag-partitions-pour-musique-medievale","10":"pa_b035_a01_b037-marc-lewon-fr","12":"first","13":"instock","14":"taxable","15":"shipping-taxable","16":"purchasable","17":"product-type-simple"},"_links":{"self":[{"href":"https:\/\/spielleute.de\/fr\/wp-json\/wp\/v2\/product\/3533","targetHints":{"allow":["GET"]}}],"collection":[{"href":"https:\/\/spielleute.de\/fr\/wp-json\/wp\/v2\/product"}],"about":[{"href":"https:\/\/spielleute.de\/fr\/wp-json\/wp\/v2\/types\/product"}],"replies":[{"embeddable":true,"href":"https:\/\/spielleute.de\/fr\/wp-json\/wp\/v2\/comments?post=3533"}],"wp:featuredmedia":[{"embeddable":true,"href":"https:\/\/spielleute.de\/fr\/wp-json\/wp\/v2\/media\/4328"}],"wp:attachment":[{"href":"https:\/\/spielleute.de\/fr\/wp-json\/wp\/v2\/media?parent=3533"}],"wp:term":[{"taxonomy":"product_brand","embeddable":true,"href":"https:\/\/spielleute.de\/fr\/wp-json\/wp\/v2\/product_brand?post=3533"},{"taxonomy":"product_cat","embeddable":true,"href":"https:\/\/spielleute.de\/fr\/wp-json\/wp\/v2\/product_cat?post=3533"},{"taxonomy":"product_tag","embeddable":true,"href":"https:\/\/spielleute.de\/fr\/wp-json\/wp\/v2\/product_tag?post=3533"}],"curies":[{"name":"wp","href":"https:\/\/api.w.org\/{rel}","templated":true}]}}