{"id":3530,"date":"2002-10-02T17:31:51","date_gmt":"2002-10-02T15:31:51","guid":{"rendered":"https:\/\/spielleute.de\/40-danses-bretonnes-avec-leur-contexte-culturel\/"},"modified":"2002-10-02T17:31:51","modified_gmt":"2002-10-02T15:31:51","slug":"40-danses-bretonnes-avec-leur-contexte-culturel","status":"publish","type":"product","link":"https:\/\/spielleute.de\/fr\/40-danses-bretonnes-avec-leur-contexte-culturel\/","title":{"rendered":"40 danses bretonnes avec leur contexte culturel"},"content":{"rendered":"<p>Avec \u00ab\u00a040 danses bretonnes avec leur contexte culturel\u00a0\u00bb de Corina Oosterveen, tu as entre les mains le manuel de danses bretonnes le plus complet en fran\u00e7ais. Cet ouvrage offre non seulement aux danseurs et aux moniteurs de danse la possibilit\u00e9 d&rsquo;apprendre les danses traditionnelles bretonnes, mais il fournit \u00e9galement des connaissances approfondies sur le contexte culturel qui rend ces danses si uniques.<\/p>\n<h3>Un pont vers la culture bretonne<\/h3>\n<p>Les danses bretonnes sont plus que de simples mouvements sur la musique. Elles sont une fen\u00eatre sur la riche histoire et la culture de la Bretagne. Le livre \u00ab\u00a040 danses bretonnes avec leur contexte culturel\u00a0\u00bb offre une introduction d\u00e9taill\u00e9e aux instruments traditionnels, \u00e0 l&rsquo;accompagnement musical, \u00e0 l&rsquo;\u00e9volution de la danse bretonne, \u00e0 la langue celtique, aux costumes et \u00e0 la cuisine bretons, ainsi qu&rsquo;\u00e0 de nombreux autres aspects qui contribuent \u00e0 l&rsquo;identit\u00e9 culturelle de la Bretagne.<\/p>\n<h3>Apprendre par la pratique<\/h3>\n<p>Chacune des 40 danses est introduite par un exemple de partition et une chor\u00e9graphie dans l&rsquo;\u00e9criture de danse courante. Pour cela, le livre \u00ab\u00a040 danses bretonnes avec leur contexte culturel\u00a0\u00bb aborde \u00e9galement les variantes fr\u00e9quentes et propose des niveaux de difficult\u00e9 qui permettent de se lancer facilement. Des Branles doubles aux Branles simples et Branles gays, en passant par les autres danses et les danses import\u00e9es, ce livre couvre tout le spectre.<\/p>\n<h3>Ouvrage richement illustr\u00e9<\/h3>\n<p>De nombreux dessins, cartes et photographies illustrent ce livre somptueusement con\u00e7u, qui n&rsquo;est pas seulement un guide pour danser, mais aussi un voyage visuel \u00e0 travers la Bretagne. Le bonus de la m\u00e9diath\u00e8que, l&rsquo;album \u00ab\u00a0Danses bretonnes &#8211; Nous les ferons danser\u00a0\u00bb du groupe \u00ab\u00a0La Marmotte\u00a0\u00bb offre un accompagnement musical parfait pour s&rsquo;entra\u00eener aux danses et mettre en pratique les connaissances acquises.<\/p>\n<h3>Aper\u00e7u personnel et motivation<\/h3>\n<p>Dans sa pr\u00e9face, Corina Oosterveen partage des exp\u00e9riences personnelles et des connaissances qui ont \u00e9veill\u00e9 son amour pour la danse bretonne. Son livre \u00ab\u00a040 danses bretonnes avec leur contexte culturel\u00a0\u00bb est une invitation \u00e0 tous ceux qui aiment bouger et qui veulent d\u00e9couvrir le monde \u00e0 travers la danse. Elle encourage non seulement \u00e0 apprendre les danses bretonnes, mais aussi \u00e0 les consid\u00e9rer comme faisant partie d&rsquo;une expression culturelle vivante.<\/p>\n<h3>Un livre pour tous les \u00e2ges<\/h3>\n<p>Les danses sont pr\u00e9par\u00e9es de mani\u00e8re \u00e0 ce qu&rsquo;elles conviennent aux \u00e9coliers \u00e0 partir de 8 ans, mais elles s&rsquo;adressent aussi aux adultes et aux seniors. Corina Oosterveen souligne que les danses bretonnes ne sont pas des danses d&rsquo;exhibition, mais des danses \u00e0 suivre. Gr\u00e2ce \u00e0 cette approche int\u00e9grative, le livre devient un pr\u00e9cieux compagnon pour les personnes int\u00e9ress\u00e9es par la danse, quel que soit leur \u00e2ge.<\/p>\n<h3>Un guide complet<\/h3>\n<p>Le livre ne propose pas seulement des instructions de danse, mais aussi des aper\u00e7us de l&rsquo;histoire, des histoires, de la musique, des instruments, de la langue bretonne et bien plus encore. C&rsquo;est un guide complet qui invite les lecteurs \u00e0 s&rsquo;int\u00e9resser \u00e0 la culture bretonne de mani\u00e8re holistique.<\/p>\n<p>Avec \u00ab\u00a040 danses bretonnes et leur contexte culturel\u00a0\u00bb de Corina Oosterveen, tu n&rsquo;acquiers pas seulement un manuel de danse, mais une cl\u00e9 de la culture et de la tradition bretonnes. Plonge dans le monde des danses bretonnes et d\u00e9couvre comment la danse et la culture peuvent favoriser un sentiment de communaut\u00e9 unique.<\/p>\n","protected":false},"excerpt":{"rendered":"<p>Manuel de danse de Corina Oosterveen<\/p>\n","protected":false},"featured_media":4587,"comment_status":"closed","ping_status":"closed","template":"","meta":[],"product_brand":[],"product_cat":[478],"product_tag":[466,480,470,514,1059,469,463],"class_list":{"0":"post-3530","1":"product","2":"type-product","3":"status-publish","4":"has-post-thumbnail","6":"product_cat-non-fiction","7":"product_tag-a-dro","8":"product_tag-apprendre-les-danses-bretonnes","9":"product_tag-bourree-fr","10":"product_tag-musique-bretonne","11":"product_tag-musique-traditionnelle","12":"product_tag-partitions-pour-accordeon-diatonique","13":"product_tag-partitions-pour-bal-folk","14":"pa_b035_a01_b037-oosterveen-corina-fr","16":"first","17":"outofstock","18":"taxable","19":"shipping-taxable","20":"purchasable","21":"product-type-simple"},"_links":{"self":[{"href":"https:\/\/spielleute.de\/fr\/wp-json\/wp\/v2\/product\/3530","targetHints":{"allow":["GET"]}}],"collection":[{"href":"https:\/\/spielleute.de\/fr\/wp-json\/wp\/v2\/product"}],"about":[{"href":"https:\/\/spielleute.de\/fr\/wp-json\/wp\/v2\/types\/product"}],"replies":[{"embeddable":true,"href":"https:\/\/spielleute.de\/fr\/wp-json\/wp\/v2\/comments?post=3530"}],"wp:featuredmedia":[{"embeddable":true,"href":"https:\/\/spielleute.de\/fr\/wp-json\/wp\/v2\/media\/4587"}],"wp:attachment":[{"href":"https:\/\/spielleute.de\/fr\/wp-json\/wp\/v2\/media?parent=3530"}],"wp:term":[{"taxonomy":"product_brand","embeddable":true,"href":"https:\/\/spielleute.de\/fr\/wp-json\/wp\/v2\/product_brand?post=3530"},{"taxonomy":"product_cat","embeddable":true,"href":"https:\/\/spielleute.de\/fr\/wp-json\/wp\/v2\/product_cat?post=3530"},{"taxonomy":"product_tag","embeddable":true,"href":"https:\/\/spielleute.de\/fr\/wp-json\/wp\/v2\/product_tag?post=3530"}],"curies":[{"name":"wp","href":"https:\/\/api.w.org\/{rel}","templated":true}]}}