{"id":3529,"date":"2003-06-02T17:31:12","date_gmt":"2003-06-02T15:31:12","guid":{"rendered":"https:\/\/spielleute.de\/le-royaume-des-menestrels\/"},"modified":"2025-04-30T16:25:14","modified_gmt":"2025-04-30T14:25:14","slug":"le-royaume-des-menestrels","status":"publish","type":"product","link":"https:\/\/spielleute.de\/fr\/le-royaume-des-menestrels\/","title":{"rendered":"Le royaume des m\u00e9nestrels"},"content":{"rendered":"<p>D\u00e9couvre le monde fascinant du \u00ab\u00a0Royaume des m\u00e9nestrels\u00a0\u00bb, une \u0153uvre compl\u00e8te qui met en lumi\u00e8re l&rsquo;organisation et la vie des m\u00e9nestrels alsaciens entre la fin du Moyen-\u00c2ge et la R\u00e9volution fran\u00e7aise. \u00c9crit par Hartwig B\u00fcsemeyer, ce livre plonge le lecteur dans l&rsquo;histoire culturelle et sociale de ce groupe professionnel unique. <\/p>\n<h3>Plonger dans le royaume des m\u00e9nestrels<\/h3>\n<p>\u00ab\u00a0Les musiciens et les chiffons &#8211; poussent sur une souche,\u00a0\u00bb dit un proverbe contemporain. Les musiciens m\u00e9di\u00e9vaux \u00e9taient \u00e0 la fois des divertisseurs appr\u00e9ci\u00e9s et \u00e9cout\u00e9s, et des marginaux sociaux dont le style de vie suscitait le d\u00e9go\u00fbt. Leur mobilit\u00e9 et leur vie errante et instable contrastaient fortement avec un monde bien ordonn\u00e9, r\u00e9gi par la s\u00e9dentarit\u00e9, la hi\u00e9rarchie des classes et les contraintes des corporations.  <\/p>\n<h3>Cr\u00e9er et prot\u00e9ger une fraternit\u00e9 unique<\/h3>\n<p>Au 14\u00e8me si\u00e8cle, les musiciens alsaciens s&rsquo;\u00e9taient regroup\u00e9s en une grande association professionnelle r\u00e9gionale. Le royaume des musiciens \u00e9tait sous la protection du puissant seigneur de Rappoltstein, auquel les musiciens \u00e9taient soumis \u00e0 l&rsquo;imp\u00f4t et qui, en contrepartie, s&rsquo;engageait \u00e0 d\u00e9fendre leurs int\u00e9r\u00eats et \u00e0 les prot\u00e9ger contre les attaques ext\u00e9rieures. Pour se r\u00e9concilier avec l&rsquo;\u00e9glise, ils ont choisi Marie comme patronne et se sont r\u00e9unis chaque ann\u00e9e en son honneur pour la journ\u00e9e des siffleurs.  <\/p>\n<h3>Le r\u00f4le du roi de la pipe<\/h3>\n<p>A la t\u00eate du royaume se trouvait le roi des fifres : il avait pour mission de maintenir l&rsquo;ordre parmi la foule bigarr\u00e9e des musiciens et de veiller au respect des r\u00e8gles de la guilde. Mais il \u00e9tait aussi le chef du tribunal des joueurs de fifre, une juridiction \u00e0 part enti\u00e8re dont les joueurs de fifre \u00e9taient particuli\u00e8rement fiers. <\/p>\n<h3>Profondeur historique et grand public<\/h3>\n<p>Dans \u00ab\u00a0Le royaume des musiciens\u00a0\u00bb, Hartwig B\u00fcsemeyer pr\u00e9sente l&rsquo;histoire de la confr\u00e9rie des musiciens alsaciens tout au long de son histoire, de la fin du 14\u00e8me si\u00e8cle \u00e0 la R\u00e9volution fran\u00e7aise. Son travail s&rsquo;est concentr\u00e9 sur l&rsquo;\u00e9tude de la petite vie et de la culture quotidienne des musiciens. L&rsquo;auteur a pu pr\u00e9senter tr\u00e8s pr\u00e9cis\u00e9ment les raisons qui ont conduit \u00e0 la lente d\u00e9cadence et \u00e0 la dissolution de la confr\u00e9rie, gr\u00e2ce \u00e0 des sources in\u00e9dites provenant des archives de Colmar et de Strasbourg.  <\/p>\n<h3>Une mine scientifique et une histoire vivante<\/h3>\n<p>Le livre \u00ab\u00a0Le royaume des m\u00e9nestrels\u00a0\u00bb ne s&rsquo;adresse pas aux sp\u00e9cialistes, mais devrait \u00eatre compr\u00e9hensible m\u00eame pour ceux qui n&rsquo;ont pas de connaissances techniques. Cette contrainte rendait toutefois indispensable une introduction au sujet, car sans une explication d\u00e9taill\u00e9e du statut juridique et social des m\u00e9nestrels m\u00e9di\u00e9vaux, il \u00e9tait difficile de rendre plausibles les diff\u00e9rentes possibilit\u00e9s d&rsquo;ascension professionnelle et sociale de certains membres de ce groupe professionnel. L&rsquo;auteur a donc voulu \u00e9viter une pr\u00e9sentation isol\u00e9e des musiciens dans leur milieu de vie et de travail et a d\u00e9lib\u00e9r\u00e9ment essay\u00e9 de les int\u00e9grer dans l&rsquo;histoire de l&rsquo;Alsace. Les nombreuses illustrations sont l\u00e0 pour illustrer ce qui est dit dans le texte.   <\/p>\n<h3>Obtiens l&rsquo;histoire des m\u00e9nestrels<\/h3>\n<p>\u00ab\u00a0Le royaume des musiciens\u00a0\u00bb de Hartwig B\u00fcsemeyer offre une pr\u00e9sentation compl\u00e8te et approfondie des musiciens alsaciens et de leur univers extraordinaire. La combinaison d&rsquo;une recherche m\u00e9ticuleuse et d&rsquo;une narration vivante donne naissance \u00e0 une \u0153uvre qui est \u00e0 la fois historiquement inform\u00e9e et largement accessible. D\u00e9couvre le monde fascinant des amuseurs m\u00e9di\u00e9vaux, leur r\u00f4le social et les d\u00e9fis qu&rsquo;ils devaient relever. Ce livre est un must pour tous ceux qui s&rsquo;int\u00e9ressent \u00e0 l&rsquo;histoire et \u00e0 la musique. Ne laisse pas passer l&rsquo;occasion d&rsquo;avoir un aper\u00e7u profond d&rsquo;une \u00e9poque presque oubli\u00e9e.    <\/p>\n","protected":false},"excerpt":{"rendered":"<p>Organisation et situation de vie des musiciens alsaciens entre la fin du Moyen \u00c2ge et la R\u00e9volution fran\u00e7aise par Hartwig B\u00fcsemeier<\/p>\n","protected":false},"featured_media":4659,"comment_status":"closed","ping_status":"closed","template":"","meta":[],"product_brand":[],"product_cat":[534],"product_tag":[505,468],"class_list":{"0":"post-3529","1":"product","2":"type-product","3":"status-publish","4":"has-post-thumbnail","6":"product_cat-romans","7":"product_tag-meneurs-de-jeu","8":"product_tag-musique-ancienne","9":"pa_b035_a01_b037-hartwig-busemeyer","11":"first","12":"instock","13":"taxable","14":"shipping-taxable","15":"purchasable","16":"product-type-simple"},"_links":{"self":[{"href":"https:\/\/spielleute.de\/fr\/wp-json\/wp\/v2\/product\/3529","targetHints":{"allow":["GET"]}}],"collection":[{"href":"https:\/\/spielleute.de\/fr\/wp-json\/wp\/v2\/product"}],"about":[{"href":"https:\/\/spielleute.de\/fr\/wp-json\/wp\/v2\/types\/product"}],"replies":[{"embeddable":true,"href":"https:\/\/spielleute.de\/fr\/wp-json\/wp\/v2\/comments?post=3529"}],"wp:featuredmedia":[{"embeddable":true,"href":"https:\/\/spielleute.de\/fr\/wp-json\/wp\/v2\/media\/4659"}],"wp:attachment":[{"href":"https:\/\/spielleute.de\/fr\/wp-json\/wp\/v2\/media?parent=3529"}],"wp:term":[{"taxonomy":"product_brand","embeddable":true,"href":"https:\/\/spielleute.de\/fr\/wp-json\/wp\/v2\/product_brand?post=3529"},{"taxonomy":"product_cat","embeddable":true,"href":"https:\/\/spielleute.de\/fr\/wp-json\/wp\/v2\/product_cat?post=3529"},{"taxonomy":"product_tag","embeddable":true,"href":"https:\/\/spielleute.de\/fr\/wp-json\/wp\/v2\/product_tag?post=3529"}],"curies":[{"name":"wp","href":"https:\/\/api.w.org\/{rel}","templated":true}]}}