{"id":3526,"date":"1996-10-02T17:32:50","date_gmt":"1996-10-02T15:32:50","guid":{"rendered":"https:\/\/spielleute.de\/livre-de-chansons-de-georg-forster-tome-2\/"},"modified":"1996-10-02T17:32:50","modified_gmt":"1996-10-02T15:32:50","slug":"livre-de-chansons-de-georg-forster-tome-2","status":"publish","type":"product","link":"https:\/\/spielleute.de\/fr\/livre-de-chansons-de-georg-forster-tome-2\/","title":{"rendered":"Livre de chansons de Georg Forster &#8211; Tome 2"},"content":{"rendered":"<p>En 1565, Georg Forster, un m\u00e9decin renomm\u00e9 et un passionn\u00e9 de musique, a publi\u00e9 le deuxi\u00e8me volume de sa vaste collection de chansons populaires allemandes. Cette \u00e9dition, bas\u00e9e sur la quatri\u00e8me \u00e9dition de \u00ab\u00a0Georg Forster Liederbuch &#8211; Band 2\u00a0\u00bb de Nuremberg 1565, combine des chansons traditionnelles avec des morceaux nouvellement ajout\u00e9s et donne un aper\u00e7u fascinant de la culture musicale bourgeoise du d\u00e9but du 16\u00e8me si\u00e8cle.<\/p>\n<h3>Contexte historique et contenu vari\u00e9<\/h3>\n<p>En plus de son m\u00e9tier de m\u00e9decin, Georg Forster \u00e9tait \u00e0 la fois un m\u00e9lomane, un parolier, un compositeur, un collectionneur, un arrangeur et un \u00e9diteur. Ses cinq vastes collections de chansons pour t\u00e9nor et de chansons populaires sont un document durable de la culture musicale bourgeoise du d\u00e9but du 16\u00e8me si\u00e8cle.<\/p>\n<p><em>\u00ab\u00a0L&rsquo;autre jour, il y a beaucoup plus de courts moments.<br \/>\nDes chansons allemandes fra\u00eeches<br \/>\nPour chanter tr\u00e8s dr\u00f4le<br \/>\nAvec quelques nouvelles chansons &#8230;\u00a0\u00bb<\/em><\/p>\n<p>La quatri\u00e8me \u00e9dition de \u00ab\u00a0Georg Forster Liederbuch &#8211; Volume 2\u00a0\u00bb comprend un large \u00e9ventail de chansons, y compris des chansons de z\u00e9ch, de chasse et d&rsquo;espi\u00e8glerie, des chansons de buhl, d&rsquo;amour et de cour, des chansons de Martin et des chansons \u00e9rotiques. Avec des illustrations de Martina Sirtl bas\u00e9es sur des mod\u00e8les historiques, ce livre de chansons est une exp\u00e9rience \u00e0 la fois visuelle et auditive.<\/p>\n<h3>Diversit\u00e9 musicale pour le chant et les instruments<\/h3>\n<p>Bien que Forster n&rsquo;ajoute pas dans le titre de cette \u00e9dition &lsquo;&#8230; auff allenley Instrumente zu brauchen&rsquo;, mais souligne explicitement &lsquo;&#8230; zu singen &#8230;&rsquo;, l&rsquo;ajout d&rsquo;instruments, de pr\u00e9f\u00e9rence des instruments de l&rsquo;\u00e9poque comme les fl\u00fbtes, les cors courbes, les cornamus, les dulcianes, les pom\u00e9raniennes et les chalumeaux, les luths, les guitares et les violes de gambe est tout \u00e0 fait recommand\u00e9. Chaque combinaison, du purement vocal au purement instrumental, a ses charmes.<\/p>\n<p>Cette flexibilit\u00e9 te permet, avec \u00ab\u00a0Georg Forster Liederbuch &#8211; Band 2\u00a0\u00bb, d&rsquo;interpr\u00e9ter la musique soit de mani\u00e8re vocale traditionnelle, soit avec une riche s\u00e9lection d&rsquo;instruments de la Renaissance, ce qui permet une exp\u00e9rience musicale individuelle et authentique.<\/p>\n<h3>Collection compl\u00e8te de chansons \u00e0 vivre et \u00e0 interpr\u00e9ter<\/h3>\n<p>L&rsquo;\u00e9dition \u00ab\u00a0Georg Forster Liederbuch &#8211; Volume 2\u00a0\u00bb est bas\u00e9e sur \u00ab\u00a0Des andern theyls &#8230; Teutscher Liedlein &#8230;\u00a0\u00bb dans la quatri\u00e8me \u00e9dition, Nuremberg, 1565, o\u00f9 les livrets de voix pour &lsquo;Discantus&rsquo;, &lsquo;Altus&rsquo;, &lsquo;Tenor&rsquo; et &lsquo;Bassus&rsquo; ont \u00e9t\u00e9 r\u00e9unis en partition pour l&rsquo;usage actuel.<\/p>\n<h3>Transforme ta musique en un voyage dans le temps<\/h3>\n<p>Si tu appr\u00e9cies une interpr\u00e9tation authentique de la musique m\u00e9di\u00e9vale et que tu souhaites enrichir ton r\u00e9pertoire avec des chansons rares et historiquement importantes, alors \u00ab\u00a0Georg Forster Liederbuch &#8211; Band 2\u00a0\u00bb est exactement ce qu&rsquo;il te faut. Cette collection soigneusement compos\u00e9e n&rsquo;offre pas seulement une chance de d\u00e9couvrir et d&rsquo;interpr\u00e9ter de la musique historique, mais aussi la possibilit\u00e9 d&rsquo;\u00e9largir ta compr\u00e9hension musicale et ta pratique de l&rsquo;interpr\u00e9tation. Commande d\u00e8s maintenant et fais entrer le monde fascinant de la musique de la Renaissance dans ta maison ou ton ensemble !<\/p>\n","protected":false},"excerpt":{"rendered":"<p>Nuremberg 1565<\/p>\n","protected":false},"featured_media":4460,"comment_status":"closed","ping_status":"closed","template":"","meta":[],"product_brand":[],"product_cat":[461],"product_tag":[468,469,539],"class_list":{"0":"post-3526","1":"product","2":"type-product","3":"status-publish","4":"has-post-thumbnail","6":"product_cat-notes-de-musique","7":"product_tag-musique-ancienne","8":"product_tag-partitions-pour-accordeon-diatonique","9":"product_tag-renaissance-fr","10":"pa_b035_a01_b037-heinz-nickel-fr","12":"first","13":"instock","14":"taxable","15":"shipping-taxable","16":"purchasable","17":"product-type-simple"},"_links":{"self":[{"href":"https:\/\/spielleute.de\/fr\/wp-json\/wp\/v2\/product\/3526","targetHints":{"allow":["GET"]}}],"collection":[{"href":"https:\/\/spielleute.de\/fr\/wp-json\/wp\/v2\/product"}],"about":[{"href":"https:\/\/spielleute.de\/fr\/wp-json\/wp\/v2\/types\/product"}],"replies":[{"embeddable":true,"href":"https:\/\/spielleute.de\/fr\/wp-json\/wp\/v2\/comments?post=3526"}],"wp:featuredmedia":[{"embeddable":true,"href":"https:\/\/spielleute.de\/fr\/wp-json\/wp\/v2\/media\/4460"}],"wp:attachment":[{"href":"https:\/\/spielleute.de\/fr\/wp-json\/wp\/v2\/media?parent=3526"}],"wp:term":[{"taxonomy":"product_brand","embeddable":true,"href":"https:\/\/spielleute.de\/fr\/wp-json\/wp\/v2\/product_brand?post=3526"},{"taxonomy":"product_cat","embeddable":true,"href":"https:\/\/spielleute.de\/fr\/wp-json\/wp\/v2\/product_cat?post=3526"},{"taxonomy":"product_tag","embeddable":true,"href":"https:\/\/spielleute.de\/fr\/wp-json\/wp\/v2\/product_tag?post=3526"}],"curies":[{"name":"wp","href":"https:\/\/api.w.org\/{rel}","templated":true}]}}