{"id":3525,"date":"2000-10-02T17:31:12","date_gmt":"2000-10-02T15:31:12","guid":{"rendered":"https:\/\/spielleute.de\/bourree-bourree-bourree\/"},"modified":"2026-01-03T01:24:02","modified_gmt":"2026-01-03T00:24:02","slug":"bourree-bourree-bourree","status":"publish","type":"product","link":"https:\/\/spielleute.de\/fr\/bourree-bourree-bourree\/","title":{"rendered":"Bourr\u00e9e Bourr\u00e9e Bourr\u00e9e"},"content":{"rendered":"<p>\u00ab\u00a0Bourr\u00e9e Bourr\u00e9e\u00a0\u00bb t&rsquo;initie au monde vari\u00e9 de la danse populaire fran\u00e7aise, la bourr\u00e9e. L&rsquo;auteur de notre populaire livre de danse bretonne pr\u00e9sente ici les bases et les particularit\u00e9s de 30 diff\u00e9rentes danses bourr\u00e9es fran\u00e7aises. <\/p>\n<h3>D\u00e9veloppement historique et signification musicale<\/h3>\n<p>D\u00e9couvre l&rsquo;\u00e9volution historique de cette danse traditionnelle du 16\u00e8me si\u00e8cle \u00e0 nos jours. Comprends les controverses sur l&rsquo;origine du nom et apprends-en plus sur la bourr\u00e9e en tant que forme musicale. <\/p>\n<h3>Styles de danse de diff\u00e9rentes r\u00e9gions<\/h3>\n<p>La bourr\u00e9e, sous ses formes tr\u00e8s vari\u00e9es, est devenue depuis de nombreuses ann\u00e9es l&rsquo;une des danses les plus populaires qui soient, m\u00eame sur la sc\u00e8ne bal folk allemande. La bourr\u00e9e fran\u00e7aise est issue de traditions populaires d&rsquo;Auvergne, du Berry, du Limousin, du Bourbonnais et du Morvan. <\/p>\n<h3>Interpr\u00e9tations modernes de chor\u00e9graphies traditionnelles<\/h3>\n<p>Cependant, les formes de danse que l&rsquo;on peut observer aujourd&rsquo;hui dans ces r\u00e9gions, et la fa\u00e7on dont elles sont dans\u00e9es, n&rsquo;ont plus grand chose \u00e0 voir avec les traditions d&rsquo;origine. La pratique actuelle de la danse est une renaissance de la bourr\u00e9e avec des changements influenc\u00e9s par l&rsquo;enseignement de diff\u00e9rents directeurs de danse. <\/p>\n<h3>Pas de danse et chor\u00e9graphies<\/h3>\n<p>Les descriptions de danse s&rsquo;orientent vers la pratique contemporaine et sont plus une interpr\u00e9tation du r\u00e9pertoire traditionnel qu&rsquo;une documentation stricte des styles de bourr\u00e9e des si\u00e8cles pass\u00e9s. Permets-toi d&rsquo;apprendre les pas et les figures comme la bourr\u00e9e droite, l&rsquo;avant-deux et bien d&rsquo;autres. <\/p>\n<h3>Ton guide de danse en livre et CD<\/h3>\n<p>Pour danser les chor\u00e9graphies de bourr\u00e9e pr\u00e9sent\u00e9es dans le livre, celui-ci est accompagn\u00e9 du CD de notre nouvelle s\u00e9rie de r\u00e9pertoire de danse \u00ab\u00a0Bourr\u00e9e Bourr\u00e9e\u00a0\u00bb avec des enregistrements des danses sous une forme facilement dansable.<\/p>\n<h3>Donne vie \u00e0 la bourr\u00e9e<\/h3>\n<p>Gr\u00e2ce au contenu complet de ce livre, y compris une carte d\u00e9taill\u00e9e des r\u00e9gions et un glossaire complet, tu es parfaitement \u00e9quip\u00e9 pour comprendre et danser la bourr\u00e9e dans toute sa diversit\u00e9. De l&rsquo;introduction g\u00e9n\u00e9rale aux formes de base sp\u00e9cifiques, en passant par des chor\u00e9graphies sp\u00e9cifiques de diff\u00e9rentes r\u00e9gions fran\u00e7aises, ce livre couvre tout. <\/p>\n<h3>Danse avec nous !<\/h3>\n<p>Si tu es pr\u00eat \u00e0 t&rsquo;int\u00e9resser de plus pr\u00e8s au monde fascinant de la bourr\u00e9e, \u00ab\u00a0Bourr\u00e9e Bourr\u00e9e\u00a0\u00bb t&rsquo;offre l&rsquo;occasion parfaite. Avec des connaissances solides, des descriptions d\u00e9taill\u00e9es et le CD inclus, tu peux commencer imm\u00e9diatement \u00e0 vivre toi-m\u00eame les m\u00e9lodies vives et les danses rythmiques. Explore la profondeur culturelle et l&rsquo;importance historique en te plongeant pas \u00e0 pas dans le monde de la bourr\u00e9e. Obtiens ton exemplaire d\u00e8s maintenant et commence ton aventure de danse avec \u00ab\u00a0Bourr\u00e9e Bourr\u00e9e\u00a0\u00bb.   <\/p>\n","protected":false},"excerpt":{"rendered":"<p>Manuel de danse &#8211; pas de base et 33 descriptions de danse, manuel d&rsquo;apprentissage de la danse populaire fran\u00e7aise bourr\u00e9e par Corina Oosterveen (livre &amp; CD)<\/p>\n","protected":false},"featured_media":4418,"comment_status":"closed","ping_status":"closed","template":"","meta":[],"product_brand":[],"product_cat":[478],"product_tag":[470,1059,463],"class_list":{"0":"post-3525","1":"product","2":"type-product","3":"status-publish","4":"has-post-thumbnail","6":"product_cat-non-fiction","7":"product_tag-bourree-fr","8":"product_tag-musique-traditionnelle","9":"product_tag-partitions-pour-bal-folk","10":"pa_b035_a01_b037-oosterveen-corina-fr","12":"first","13":"instock","14":"taxable","15":"shipping-taxable","16":"purchasable","17":"product-type-simple"},"_links":{"self":[{"href":"https:\/\/spielleute.de\/fr\/wp-json\/wp\/v2\/product\/3525","targetHints":{"allow":["GET"]}}],"collection":[{"href":"https:\/\/spielleute.de\/fr\/wp-json\/wp\/v2\/product"}],"about":[{"href":"https:\/\/spielleute.de\/fr\/wp-json\/wp\/v2\/types\/product"}],"replies":[{"embeddable":true,"href":"https:\/\/spielleute.de\/fr\/wp-json\/wp\/v2\/comments?post=3525"}],"wp:featuredmedia":[{"embeddable":true,"href":"https:\/\/spielleute.de\/fr\/wp-json\/wp\/v2\/media\/4418"}],"wp:attachment":[{"href":"https:\/\/spielleute.de\/fr\/wp-json\/wp\/v2\/media?parent=3525"}],"wp:term":[{"taxonomy":"product_brand","embeddable":true,"href":"https:\/\/spielleute.de\/fr\/wp-json\/wp\/v2\/product_brand?post=3525"},{"taxonomy":"product_cat","embeddable":true,"href":"https:\/\/spielleute.de\/fr\/wp-json\/wp\/v2\/product_cat?post=3525"},{"taxonomy":"product_tag","embeddable":true,"href":"https:\/\/spielleute.de\/fr\/wp-json\/wp\/v2\/product_tag?post=3525"}],"curies":[{"name":"wp","href":"https:\/\/api.w.org\/{rel}","templated":true}]}}