{"id":3522,"date":"1998-10-02T17:32:50","date_gmt":"1998-10-02T15:32:50","guid":{"rendered":"https:\/\/spielleute.de\/polyphonie-de-bourdon-dobermeier-volume-2\/"},"modified":"2025-01-19T23:08:25","modified_gmt":"2025-01-19T22:08:25","slug":"polyphonie-de-bourdon-dobermeier-volume-2","status":"publish","type":"product","link":"https:\/\/spielleute.de\/fr\/polyphonie-de-bourdon-dobermeier-volume-2\/","title":{"rendered":"Polyphonie de bourdon d&rsquo;Obermeier &#8211; Volume 2"},"content":{"rendered":"<p>\u00ab\u00a0Obermeiers Bordun-Polyphonie &#8211; Band 2\u00a0\u00bb t&rsquo;apporte une collection fascinante de m\u00e9lodies traditionnelles et nouvellement compos\u00e9es, rassembl\u00e9es par J\u00fcrgen Obermeier. Ce volume, sp\u00e9cialement arrang\u00e9 pour les ensembles de cornemuses et de vielle \u00e0 roue \u00e0 plusieurs voix, permet bien s\u00fbr aussi l&rsquo;interpr\u00e9tation sur de nombreux autres instruments.<\/p>\n<h3>\u00c9largir le r\u00e9pertoire<\/h3>\n<p>Le deuxi\u00e8me volume de Polyphonie \u00e9largit l&rsquo;int\u00e9ressante collection de notes de musique de bourdon contemporaine avec 32 autres m\u00e9lodies traditionnelles et nouvellement compos\u00e9es. Ce volume contient principalement des m\u00e9lodies fran\u00e7aises et propose 33 partitions pour quatre et cinq voix, dont 21 m\u00e9lodies sont d&rsquo;origine traditionnelle et 12 ont \u00e9t\u00e9 compos\u00e9es par des musiciens traditionnels contemporains.<\/p>\n<h3>L&rsquo;adaptabilit\u00e9 musicale<\/h3>\n<p>Les tonalit\u00e9s et les voix dans \u00ab\u00a0Obermeiers Bordun-Polyphonie &#8211; Band 2\u00a0\u00bb sont choisies de mani\u00e8re \u00e0 ce qu&rsquo;elles puissent \u00eatre jou\u00e9es par des vielleuses et des cornemuses accord\u00e9es en sol\/c ou en r\u00e9\/sol, mais aussi par d&rsquo;autres instruments de musique avec la tessiture n\u00e9cessaire. Le syst\u00e8me avec la cl\u00e9 de sol est pr\u00e9vu pour le violoncelle, mais peut \u00eatre adopt\u00e9 par tout autre instrument de basse.<\/p>\n<h3>Libert\u00e9 musicale et polyvalence<\/h3>\n<p>Les diff\u00e9rentes parties d&rsquo;accompagnement sont plac\u00e9es dans \u00ab\u00a0Obermeiers Bordun-Polyphonie &#8211; Band 2\u00a0\u00bb de mani\u00e8re \u00e0 permettre un jeu polyphonique correspondant. Il est recommand\u00e9, surtout si tu utilises une cornemuse, d&rsquo;amplifier la ligne m\u00e9lodique. Les lignes m\u00e9lodiques sont accompagn\u00e9es de d\u00e9signations d&rsquo;harmonie pour l&rsquo;utilisation de guitares ou d&rsquo;autres instruments d&rsquo;harmonie.<\/p>\n<h3>Perspective internationale<\/h3>\n<p>Caract\u00e9ristiques des 3 volumes : introduction en quatre langues (allemand, anglais, fran\u00e7ais et n\u00e9erlandais) \u00e0 la musique et conseils sur l&rsquo;instrumentation et la formation. Cela permet une accessibilit\u00e9 et une applicabilit\u00e9 plus larges pour un public international.<\/p>\n<h3>Une offre musicale vari\u00e9e<\/h3>\n<p>Le contenu comme la bourr\u00e9e, la gigue, la marche et beaucoup d&rsquo;autres formes traditionnelles enrichissent cette \u0153uvre. De la \u00ab\u00a0Bourr\u00e9e de Clermont-Ferrand\u00a0\u00bb \u00e0 la \u00ab\u00a0Valse \u00e0 Lindscheid\u00a0\u00bb, ce volume offre un large \u00e9ventail de morceaux musicaux qui conviennent aussi bien aux repr\u00e9sentations traditionnelles qu&rsquo;aux interpr\u00e9tations modernes.<\/p>\n<h3>Ta prochaine \u00e9tape dans le monde de la musique<\/h3>\n<p>Avec \u00ab\u00a0Obermeiers Bordun-Polyphonie &#8211; Band 2\u00a0\u00bb, tu ne re\u00e7ois pas seulement une collection de partitions, mais une invitation \u00e0 \u00e9largir et \u00e0 approfondir tes comp\u00e9tences musicales. Ce volume offre tout ce dont tu as besoin pour te mettre au d\u00e9fi et d\u00e9velopper musicalement ton ensemble. Profite de l&rsquo;occasion pour enrichir ton r\u00e9pertoire avec des m\u00e9lodies aux multiples facettes, d&rsquo;origine \u00e0 la fois traditionnelle et contemporaine. Commande d\u00e8s maintenant et d\u00e9couvre le monde captivant de la musique de bourdon !<\/p>\n","protected":false},"excerpt":{"rendered":"<p>Musique de bourdon traditionnelle et nouvelle pour 4 \u00e0 5 voix<\/p>\n","protected":false},"featured_media":4557,"comment_status":"closed","ping_status":"closed","template":"","meta":[],"product_brand":[],"product_cat":[461],"product_tag":[470,467,469,495,496,494,577],"class_list":{"0":"post-3522","1":"product","2":"type-product","3":"status-publish","4":"has-post-thumbnail","6":"product_cat-notes-de-musique","7":"product_tag-bourree-fr","8":"product_tag-musique-de-bord","9":"product_tag-partitions-pour-accordeon-diatonique","10":"product_tag-partitions-pour-cornemuse","11":"product_tag-partitions-pour-hummelchen-et-dudey","12":"product_tag-partitions-pour-vielle-a-roue","13":"product_tag-polyphonie-fr","15":"first","16":"instock","17":"taxable","18":"shipping-taxable","19":"purchasable","20":"product-type-simple"},"_links":{"self":[{"href":"https:\/\/spielleute.de\/fr\/wp-json\/wp\/v2\/product\/3522","targetHints":{"allow":["GET"]}}],"collection":[{"href":"https:\/\/spielleute.de\/fr\/wp-json\/wp\/v2\/product"}],"about":[{"href":"https:\/\/spielleute.de\/fr\/wp-json\/wp\/v2\/types\/product"}],"replies":[{"embeddable":true,"href":"https:\/\/spielleute.de\/fr\/wp-json\/wp\/v2\/comments?post=3522"}],"wp:featuredmedia":[{"embeddable":true,"href":"https:\/\/spielleute.de\/fr\/wp-json\/wp\/v2\/media\/4557"}],"wp:attachment":[{"href":"https:\/\/spielleute.de\/fr\/wp-json\/wp\/v2\/media?parent=3522"}],"wp:term":[{"taxonomy":"product_brand","embeddable":true,"href":"https:\/\/spielleute.de\/fr\/wp-json\/wp\/v2\/product_brand?post=3522"},{"taxonomy":"product_cat","embeddable":true,"href":"https:\/\/spielleute.de\/fr\/wp-json\/wp\/v2\/product_cat?post=3522"},{"taxonomy":"product_tag","embeddable":true,"href":"https:\/\/spielleute.de\/fr\/wp-json\/wp\/v2\/product_tag?post=3522"}],"curies":[{"name":"wp","href":"https:\/\/api.w.org\/{rel}","templated":true}]}}