{"id":3521,"date":"1996-10-02T17:31:51","date_gmt":"1996-10-02T15:31:51","guid":{"rendered":"https:\/\/spielleute.de\/musique-populaire\/"},"modified":"1996-10-02T17:31:51","modified_gmt":"1996-10-02T15:31:51","slug":"musique-populaire","status":"publish","type":"product","link":"https:\/\/spielleute.de\/fr\/musique-populaire\/","title":{"rendered":"Musique populaire"},"content":{"rendered":"<p>Bienvenue dans le monde fascinant de la musique de bourdon, qui re\u00e7oit une touche de modernit\u00e9 avec \u00ab\u00a0100 nouvelles m\u00e9lodies\u00a0\u00bb. Cette collection apporte un vent de fra\u00eecheur sur la sc\u00e8ne de la musique populaire en pr\u00e9sentant pour la premi\u00e8re fois uniquement de nouvelles compositions pour vielle \u00e0 roue et cornemuse. Plonge dans une aventure musicale qui allie magistralement tradition et innovation.<\/p>\n<h3>Des sons authentiques avec un profond enracinement<\/h3>\n<p>Les morceaux rassembl\u00e9s dans ce volume sont convaincants par leur authenticit\u00e9 et leur lien fort avec la tradition de la musique populaire d&rsquo;Europe occidentale. D\u00e9couvre comment la grande popularit\u00e9 des instruments \u00e0 bourdon a inspir\u00e9 les musiciens pour cr\u00e9er des compositions qui valent \u00e0 la fois la peine d&rsquo;\u00eatre \u00e9cout\u00e9es et jou\u00e9es.<\/p>\n<h3>Diversit\u00e9 et cr\u00e9ativit\u00e9<\/h3>\n<p>Certaines des m\u00e9lodies de cette collection sont accompagn\u00e9es d&rsquo;une deuxi\u00e8me voix ou d&rsquo;une basse, tandis que pour d&rsquo;autres, la (G)cl\u00e9 du succ\u00e8s r\u00e9side dans ta propre cr\u00e9ativit\u00e9. Tous les morceaux sont pr\u00e9sent\u00e9s dans leur tonalit\u00e9 d&rsquo;origine, mais offrent suffisamment d&rsquo;espace pour des adaptations et des interpr\u00e9tations individuelles.<\/p>\n<h3>L&rsquo;histoire de la cr\u00e9ation : un appel \u00e0 la communaut\u00e9 des musiciens<\/h3>\n<p>D\u00e9couvre comment cette collection unique a \u00e9t\u00e9 cr\u00e9\u00e9e : \u00ab\u00a0Goe Vollek\u00a0\u00bb, le magazine de la guilde de la musique populaire de Flandre, invitait les musiciens \u00e0 envoyer des m\u00e9lodies qu&rsquo;ils avaient eux-m\u00eames compos\u00e9es. Parmi les nombreux envois, Herman Dewitt a s\u00e9lectionn\u00e9 100 pi\u00e8ces qui ont \u00e9t\u00e9 pr\u00e9par\u00e9es pour l&rsquo;impression par Wilfrid Moonen. Ce projet est une preuve de la communaut\u00e9 vivante et cr\u00e9ative qui caract\u00e9rise la musique populaire jusqu&rsquo;\u00e0 aujourd&rsquo;hui.<\/p>\n<h3>Une bo\u00eete \u00e0 outils de la diversit\u00e9<\/h3>\n<p>Alors que les m\u00e9lodies sont particuli\u00e8rement adapt\u00e9es aux instruments \u00e0 bourdon comme la cornemuse, la vielle \u00e0 roue et la planche \u00e0 b\u00fbches, elles peuvent aussi \u00eatre jou\u00e9es sans probl\u00e8me \u00e0 l&rsquo;harmonica, au violon, \u00e0 la fl\u00fbte, au soufre, \u00e0 la guitare et \u00e0 bien d&rsquo;autres instruments. Cette polyvalence fait de la collection un tr\u00e9sor pr\u00e9cieux pour les musiciens de styles tr\u00e8s diff\u00e9rents.<\/p>\n","protected":false},"excerpt":{"rendered":"<p>100 nouvelles m\u00e9lodies<\/p>\n","protected":false},"featured_media":4466,"comment_status":"closed","ping_status":"closed","template":"","meta":[],"product_brand":[],"product_cat":[461],"product_tag":[466,470,467,1059,469,495,494],"class_list":{"0":"post-3521","1":"product","2":"type-product","3":"status-publish","4":"has-post-thumbnail","6":"product_cat-notes-de-musique","7":"product_tag-a-dro","8":"product_tag-bourree-fr","9":"product_tag-musique-de-bord","10":"product_tag-musique-traditionnelle","11":"product_tag-partitions-pour-accordeon-diatonique","12":"product_tag-partitions-pour-cornemuse","13":"product_tag-partitions-pour-vielle-a-roue","15":"first","16":"instock","17":"taxable","18":"shipping-taxable","19":"purchasable","20":"product-type-simple"},"_links":{"self":[{"href":"https:\/\/spielleute.de\/fr\/wp-json\/wp\/v2\/product\/3521","targetHints":{"allow":["GET"]}}],"collection":[{"href":"https:\/\/spielleute.de\/fr\/wp-json\/wp\/v2\/product"}],"about":[{"href":"https:\/\/spielleute.de\/fr\/wp-json\/wp\/v2\/types\/product"}],"replies":[{"embeddable":true,"href":"https:\/\/spielleute.de\/fr\/wp-json\/wp\/v2\/comments?post=3521"}],"wp:featuredmedia":[{"embeddable":true,"href":"https:\/\/spielleute.de\/fr\/wp-json\/wp\/v2\/media\/4466"}],"wp:attachment":[{"href":"https:\/\/spielleute.de\/fr\/wp-json\/wp\/v2\/media?parent=3521"}],"wp:term":[{"taxonomy":"product_brand","embeddable":true,"href":"https:\/\/spielleute.de\/fr\/wp-json\/wp\/v2\/product_brand?post=3521"},{"taxonomy":"product_cat","embeddable":true,"href":"https:\/\/spielleute.de\/fr\/wp-json\/wp\/v2\/product_cat?post=3521"},{"taxonomy":"product_tag","embeddable":true,"href":"https:\/\/spielleute.de\/fr\/wp-json\/wp\/v2\/product_tag?post=3521"}],"curies":[{"name":"wp","href":"https:\/\/api.w.org\/{rel}","templated":true}]}}