{"id":3516,"date":"1988-07-01T17:33:26","date_gmt":"1988-07-01T15:33:26","guid":{"rendered":"https:\/\/spielleute.de\/ein-gutter-nerrisch-tantz-tome-1\/"},"modified":"2026-03-29T13:37:44","modified_gmt":"2026-03-29T11:37:44","slug":"ein-gutter-nerrisch-tantz-tome-1","status":"publish","type":"product","link":"https:\/\/spielleute.de\/fr\/ein-gutter-nerrisch-tantz-tome-1\/","title":{"rendered":"Ein gutter nerrisch Tantz &#8211; Tome 1"},"content":{"rendered":"<p>D\u00e9couvre \u00ab\u00a0Ein gutter nerrisch Tantz &#8211; Band 1\u00a0\u00bb, la premi\u00e8re \u00e9dition de la collection en trois volumes qui fait suite aux cahiers de notes populaires &lsquo;Schnurrpfeiffereyen&rsquo;. Cette collection comprend une multitude d&rsquo;airs de danse du 13\u00e8me au 20\u00e8me si\u00e8cle, compil\u00e9s par Martina Sirtl et inspir\u00e9s par des concerts et des rencontres lors de festivals de musique en Allemagne et \u00e0 l&rsquo;\u00e9tranger. <\/p>\n<h3>Diversit\u00e9 musicale pour instruments historiques<\/h3>\n<p>Toutes les m\u00e9lodies de \u00ab\u00a0Ein gutter nerrisch Tantz &#8211; Band 1\u00a0\u00bb sont jouables sur des instruments \u00e0 bourdon traditionnels comme la cornemuse, la vielle \u00e0 roue et bien d&rsquo;autres. Les m\u00e9lodies ont \u00e9t\u00e9 sp\u00e9cialement compos\u00e9es pour les musiciens qui souhaitent \u00e9largir leur r\u00e9pertoire et reproduire la musique historique de mani\u00e8re authentique. Le volume 1 contient sp\u00e9cialement 122 danses de couple du 18\u00e8me au 20\u00e8me si\u00e8cle, class\u00e9es par type de danse et principalement not\u00e9es dans la tonalit\u00e9 &lsquo;C&rsquo;. Les danses comprennent l&rsquo;\u00e9cossaise, la polka, la bourr\u00e9e, la valse, la mazurka, les danses rondes, le menuet et la marche, qui offrent une vari\u00e9t\u00e9 de styles musicaux.   <\/p>\n<h3>Source d&rsquo;inspiration et \u00e9largissement du r\u00e9pertoire<\/h3>\n<p>La collection \u00ab\u00a0Ein gutter nerrisch Tantz &#8211; Band 1\u00a0\u00bb est le r\u00e9sultat de nombreuses rencontres lors de r\u00e9unions de musiciens et d&rsquo;enregistrements de groupes de musique folklorique. Elle propose des airs de danse rares et difficiles \u00e0 trouver, qui sont particuli\u00e8rement demand\u00e9s en Allemagne et dans les pays voisins. Comme suite aux &lsquo;Schnurrpfeiffereyen&rsquo;, ce volume offre une ressource indispensable aux musiciens qui s&rsquo;int\u00e9ressent \u00e0 la reproduction de la musique folklorique historique sur des instruments historiques reconstitu\u00e9s.  <\/p>\n<h3>Histoire culturelle illustr\u00e9e<\/h3>\n<p>Les illustrations contenues dans ce volume s&rsquo;appuient sur des photographies de musiciens et de fabricants d&rsquo;instruments appartenant au cercle de connaissances de l&rsquo;auteur, ainsi que sur des mod\u00e8les de gravures historiques et de gravures sur bois. Cet \u00e9l\u00e9ment visuel enrichit l&rsquo;exp\u00e9rience musicale et aide les musiciens \u00e0 \u00e9tablir un lien avec la repr\u00e9sentation et l&rsquo;ex\u00e9cution historiques des danses. <\/p>\n<h3>\u00c9largis ton r\u00e9pertoire avec des airs de danse historiques<\/h3>\n<p>Procure-toi \u00ab\u00a0Ein gutter nerrisch Tantz &#8211; Band 1\u00a0\u00bb et enrichis ton r\u00e9pertoire musical avec une vaste s\u00e9lection d&rsquo;airs de danse historiques. Ce livre de partitions n&rsquo;est pas seulement une source de morceaux de musique traditionnelle, mais aussi un guide pour l&rsquo;ex\u00e9cution et l&rsquo;interpr\u00e9tation authentiques de la musique historique. Que tu te produises lors de f\u00eates musicales ou que tu souhaites simplement d\u00e9velopper tes comp\u00e9tences et tes connaissances en mati\u00e8re de musique historique, ce volume est un outil essentiel pour tout musicien traditionnel.  <\/p>\n","protected":false},"excerpt":{"rendered":"<p>Une s\u00e9lection bien ordonn\u00e9e de 122 danses<\/p>\n","protected":false},"featured_media":4593,"comment_status":"closed","ping_status":"closed","template":"","meta":[],"product_brand":[],"product_cat":[461],"product_tag":[470,468,467,469,463,495,496,596,494],"class_list":{"0":"post-3516","1":"product","2":"type-product","3":"status-publish","4":"has-post-thumbnail","6":"product_cat-notes-de-musique","7":"product_tag-bourree-fr","8":"product_tag-musique-ancienne","9":"product_tag-musique-de-bord","10":"product_tag-partitions-pour-accordeon-diatonique","11":"product_tag-partitions-pour-bal-folk","12":"product_tag-partitions-pour-cornemuse","13":"product_tag-partitions-pour-hummelchen-et-dudey","14":"product_tag-partitions-pour-musique-medievale","15":"product_tag-partitions-pour-vielle-a-roue","16":"pa_b035_a01_b037-martina-sirtl-fr","18":"first","19":"instock","20":"taxable","21":"shipping-taxable","22":"purchasable","23":"product-type-simple"},"_links":{"self":[{"href":"https:\/\/spielleute.de\/fr\/wp-json\/wp\/v2\/product\/3516","targetHints":{"allow":["GET"]}}],"collection":[{"href":"https:\/\/spielleute.de\/fr\/wp-json\/wp\/v2\/product"}],"about":[{"href":"https:\/\/spielleute.de\/fr\/wp-json\/wp\/v2\/types\/product"}],"replies":[{"embeddable":true,"href":"https:\/\/spielleute.de\/fr\/wp-json\/wp\/v2\/comments?post=3516"}],"wp:featuredmedia":[{"embeddable":true,"href":"https:\/\/spielleute.de\/fr\/wp-json\/wp\/v2\/media\/4593"}],"wp:attachment":[{"href":"https:\/\/spielleute.de\/fr\/wp-json\/wp\/v2\/media?parent=3516"}],"wp:term":[{"taxonomy":"product_brand","embeddable":true,"href":"https:\/\/spielleute.de\/fr\/wp-json\/wp\/v2\/product_brand?post=3516"},{"taxonomy":"product_cat","embeddable":true,"href":"https:\/\/spielleute.de\/fr\/wp-json\/wp\/v2\/product_cat?post=3516"},{"taxonomy":"product_tag","embeddable":true,"href":"https:\/\/spielleute.de\/fr\/wp-json\/wp\/v2\/product_tag?post=3516"}],"curies":[{"name":"wp","href":"https:\/\/api.w.org\/{rel}","templated":true}]}}