{"id":3514,"date":"1988-07-01T17:33:26","date_gmt":"1988-07-01T15:33:26","guid":{"rendered":"https:\/\/spielleute.de\/ein-gutter-nerrisch-tantz-tome-2\/"},"modified":"2025-02-23T19:51:25","modified_gmt":"2025-02-23T18:51:25","slug":"ein-gutter-nerrisch-tantz-tome-2","status":"publish","type":"product","link":"https:\/\/spielleute.de\/fr\/ein-gutter-nerrisch-tantz-tome-2\/","title":{"rendered":"Ein gutter nerrisch Tantz &#8211; Tome 2"},"content":{"rendered":"<p>\u00ab\u00a0Ein gutter nerrisch Tantz &#8211; Band 2\u00a0\u00bb poursuit la tradition des &lsquo;Schnurrpfeiffereyen&rsquo; et enrichit le monde de la musique avec une collection vari\u00e9e d&rsquo;airs de danse de diff\u00e9rentes \u00e9poques. Ce volume rassemble 133 danses soigneusement s\u00e9lectionn\u00e9es, allant du 13\u00e8me au 20\u00e8me si\u00e8cle, et offre une riche palette de m\u00e9lodies historiques, jouables sur une grande vari\u00e9t\u00e9 d&rsquo;instruments.<\/p>\n<h3>R\u00e9gionalit\u00e9 et diversit\u00e9 dans la musique<\/h3>\n<p>Les m\u00e9lodies de ce volume ont \u00e9t\u00e9 collect\u00e9es lors de rassemblements de musiciens en Allemagne et dans les pays voisins. Elles comprennent un large \u00e9ventail de diff\u00e9rents types de danse, des formes connues comme le branle, la contredanse et la gavotte aux danses plus sp\u00e9cifiques qui ne peuvent pas \u00eatre class\u00e9es dans les grands groupes comme l&rsquo;\u00e9cossaise ou la polka.<\/p>\n<h3>Une fen\u00eatre sur l&rsquo;histoire de la musique<\/h3>\n<p>Une partie de \u00ab\u00a0Ein gutter nerrisch Tantz &#8211; Band 2\u00a0\u00bb pr\u00e9sente des danses particuli\u00e8rement belles issues de collections du 18. et Les danses du 19\u00e8me si\u00e8cle proviennent des Pays-Bas, de Belgique et d&rsquo;Irlande, tandis qu&rsquo;une autre partie des danses date de la Renaissance. Ces pi\u00e8ces historiques offrent un aper\u00e7u fascinant de la culture de la danse courtoise et populaire des temps pass\u00e9s.<\/p>\n<h3>La musique qui unit<\/h3>\n<p>La s\u00e9lection des danses dans \u00ab\u00a0Ein gutter nerrisch Tantz &#8211; Band 2\u00a0\u00bb prend particuli\u00e8rement en compte les m\u00e9lodies qui sont difficiles ou impossibles \u00e0 trouver en Allemagne. La collection sert d&rsquo;outil pratique pour les musiciens qui s&rsquo;int\u00e9ressent \u00e0 la musique folklorique historique et qui souhaitent repr\u00e9senter le caract\u00e8re original de cette musique sur des r\u00e9pliques d&rsquo;instruments historiques.<\/p>\n<h3>Faire de la musique ensemble<\/h3>\n<p>La notation de la plupart des danses en &lsquo;C&rsquo; et l&rsquo;option de jouer certaines \u00e0 deux voix facilitent le jeu musical en commun et encouragent le jeu d&rsquo;ensemble. Les illustrations de ce volume, bas\u00e9es sur des gravures historiques ainsi que sur des photographies de musiciens et de fabricants d&rsquo;instruments, compl\u00e8tent l&rsquo;exp\u00e9rience musicale.<\/p>\n<h3>Ta chance de rendre l&rsquo;histoire vivante<\/h3>\n<p>Chaque danse de cette collection a \u00e9t\u00e9 choisie avec soin pour te permettre d&rsquo;interpr\u00e9ter la musique historique de mani\u00e8re authentique. \u00ab\u00a0Ein gutter nerrisch Tantz &#8211; Band 2\u00a0\u00bb n&rsquo;est pas seulement un enrichissement pour ta collection de partitions, c&rsquo;est aussi un outil indispensable pour tous ceux qui s&rsquo;int\u00e9ressent aux styles musicaux historiques et qui veulent les d\u00e9couvrir dans leur originalit\u00e9. Ce volume est le compl\u00e9ment parfait pour les musiciens qui souhaitent \u00e9largir leurs connaissances et participer \u00e0 des \u00e9v\u00e9nements musicaux vari\u00e9s.<\/p>\n<h3>Pr\u00e9pare-toi \u00e0 jouer \u00e0 l&rsquo;histoire<\/h3>\n<p>Avec \u00ab\u00a0Ein gutter nerrisch Tantz &#8211; Band 2\u00a0\u00bb, tu as la possibilit\u00e9 de te plonger plus profond\u00e9ment dans le monde de la musique historique et d&rsquo;\u00e9largir tes comp\u00e9tences en mati\u00e8re d&rsquo;interpr\u00e9tation et de repr\u00e9sentation. Ce volume est une mine de danses rares et magnifiques qui ne devraient manquer dans aucune collection de musique. Laisse-toi inspirer par la diversit\u00e9 et la profondeur historique de cette collection et enrichis ton r\u00e9pertoire musical. Obtiens ton exemplaire d\u00e8s maintenant et d\u00e9couvre comment tu peux rendre l&rsquo;histoire vivante gr\u00e2ce \u00e0 la musique !<\/p>\n","protected":false},"excerpt":{"rendered":"<p>Une s\u00e9lection bien ordonn\u00e9e de 133 danses<\/p>\n","protected":false},"featured_media":4599,"comment_status":"closed","ping_status":"closed","template":"","meta":[],"product_brand":[],"product_cat":[461],"product_tag":[467,469,496],"class_list":{"0":"post-3514","1":"product","2":"type-product","3":"status-publish","4":"has-post-thumbnail","6":"product_cat-notes-de-musique","7":"product_tag-musique-de-bord","8":"product_tag-partitions-pour-accordeon-diatonique","9":"product_tag-partitions-pour-hummelchen-et-dudey","10":"pa_b035_a01_b037-martina-sirtl-fr","12":"first","13":"instock","14":"taxable","15":"shipping-taxable","16":"purchasable","17":"product-type-simple"},"_links":{"self":[{"href":"https:\/\/spielleute.de\/fr\/wp-json\/wp\/v2\/product\/3514","targetHints":{"allow":["GET"]}}],"collection":[{"href":"https:\/\/spielleute.de\/fr\/wp-json\/wp\/v2\/product"}],"about":[{"href":"https:\/\/spielleute.de\/fr\/wp-json\/wp\/v2\/types\/product"}],"replies":[{"embeddable":true,"href":"https:\/\/spielleute.de\/fr\/wp-json\/wp\/v2\/comments?post=3514"}],"wp:featuredmedia":[{"embeddable":true,"href":"https:\/\/spielleute.de\/fr\/wp-json\/wp\/v2\/media\/4599"}],"wp:attachment":[{"href":"https:\/\/spielleute.de\/fr\/wp-json\/wp\/v2\/media?parent=3514"}],"wp:term":[{"taxonomy":"product_brand","embeddable":true,"href":"https:\/\/spielleute.de\/fr\/wp-json\/wp\/v2\/product_brand?post=3514"},{"taxonomy":"product_cat","embeddable":true,"href":"https:\/\/spielleute.de\/fr\/wp-json\/wp\/v2\/product_cat?post=3514"},{"taxonomy":"product_tag","embeddable":true,"href":"https:\/\/spielleute.de\/fr\/wp-json\/wp\/v2\/product_tag?post=3514"}],"curies":[{"name":"wp","href":"https:\/\/api.w.org\/{rel}","templated":true}]}}