{"id":3513,"date":"2000-10-02T17:32:50","date_gmt":"2000-10-02T15:32:50","guid":{"rendered":"https:\/\/spielleute.de\/polyphonie-de-bourdon-dobermeier-volume-3\/"},"modified":"2025-01-19T23:08:25","modified_gmt":"2025-01-19T22:08:25","slug":"polyphonie-de-bourdon-dobermeier-volume-3","status":"publish","type":"product","link":"https:\/\/spielleute.de\/fr\/polyphonie-de-bourdon-dobermeier-volume-3\/","title":{"rendered":"Polyphonie de bourdon d&rsquo;Obermeier &#8211; Volume 3"},"content":{"rendered":"<p>Red\u00e9couvre le monde de la musique de bourdon avec le troisi\u00e8me et dernier volume de la polyphonie de bourdon d&rsquo;Obermeier. Cette collection de partitions rassemble 35 m\u00e9lodies traditionnelles et nouvellement compos\u00e9es, sp\u00e9cialement s\u00e9lectionn\u00e9es pour les ensembles de cornemuses et de vielle \u00e0 quatre ou cinq voix. J\u00fcrgen Obermeier pr\u00e9sente un m\u00e9lange unique de musique contemporaine et traditionnelle, qui peut \u00eatre jou\u00e9 sur des instruments \u00e0 bourdon traditionnels mais aussi sur une multitude d&rsquo;autres instruments.<\/p>\n<h3>Possibilit\u00e9s d&rsquo;occupation vari\u00e9es<\/h3>\n<p>Les \u0153uvres pr\u00e9sent\u00e9es dans ce volume sont arrang\u00e9es de mani\u00e8re \u00e0 pouvoir \u00eatre jou\u00e9es sur des cornemuses et des lyres \u00e0 roue dans les diapasons sol\/c et r\u00e9\/sol, mais elles conviennent \u00e9galement \u00e0 un large \u00e9ventail d&rsquo;autres instruments. Gr\u00e2ce \u00e0 l&rsquo;arrangement flexible des tonalit\u00e9s et des voix, cette \u0153uvre est accessible non seulement aux instruments \u00e0 bourdon traditionnels, mais aussi au violoncelle et aux autres instruments \u00e0 basse. Les noms d&rsquo;harmonie pour les guitares et autres instruments d&rsquo;harmonie \u00e9largissent les possibilit\u00e9s d&rsquo;expression musicale.<\/p>\n<h3>Contenu et structure<\/h3>\n<p>Obermeiers Bordun-Polyphonie &#8211; Band 3 offre non seulement les notes de 35 m\u00e9lodies, mais aussi une introduction en quatre langues avec de pr\u00e9cieux conseils sur l&rsquo;instrumentation et la formation. En outre, le volume contient des indications sur les sources des pi\u00e8ces originales ainsi que des indications sur l&rsquo;ex\u00e9cution, les formations et les tessitures des instruments. La pr\u00e9face donne un aper\u00e7u de la s\u00e9lection des morceaux, qui comprend \u00e0 la fois des m\u00e9lodies fran\u00e7aises traditionnelles et des compositions de musiciens contemporains.<\/p>\n<h3>Diversit\u00e9 musicale et capacit\u00e9 d&rsquo;adaptation<\/h3>\n<p>Des bourr\u00e9es aux gigues en passant par les mazurkas et les valses, ce volume offre une riche s\u00e9lection d&rsquo;airs de danse et de morceaux qui enrichissent aussi bien le jeu en solo que le jeu d&rsquo;ensemble. Les parties d&rsquo;accompagnement soigneusement \u00e9labor\u00e9es permettent de jouer \u00e0 plusieurs voix et encouragent la combinaison cr\u00e9ative de diff\u00e9rentes voix, notamment lors de l&rsquo;utilisation de cornemuses.<\/p>\n<h3>Un hommage \u00e0 la tradition et \u00e0 la musique contemporaine<\/h3>\n<p>Avec Obermeiers Bordun-Polyphonie &#8211; Volume 3, J\u00fcrgen Obermeier rend non seulement hommage \u00e0 la riche tradition de la musique de bourdon, mais met \u00e9galement en valeur les \u0153uvres de compositeurs contemporains et de musiciens traditionnels. Gr\u00e2ce \u00e0 l&rsquo;approbation de musiciens connus comme Jean Blanchard et Gilles Chabenat, leurs m\u00e9lodies sont pr\u00e9sent\u00e9es sous un nouveau jour.<\/p>\n<h3>Pour les musiciens et les amateurs de musique traditionnelle<\/h3>\n<p>La polyphonie de bourdon d&rsquo;Obermeier &#8211; volume 3 est une ressource indispensable pour les musiciens qui s&rsquo;int\u00e9ressent \u00e0 la diversit\u00e9 de la musique de bourdon, ainsi que pour tous ceux qui souhaitent explorer les possibilit\u00e9s sonores des cornemuses, des vielle \u00e0 roue et autres instruments. Ce volume cl\u00f4t une collection d&rsquo;une valeur inestimable, tant pour la pratique de l&rsquo;interpr\u00e9tation que pour l&rsquo;\u00e9ducation musicale.<\/p>\n","protected":false},"excerpt":{"rendered":"<p>Musique de bourdon traditionnelle et nouvelle pour 4 \u00e0 5 voix<\/p>\n","protected":false},"featured_media":4527,"comment_status":"closed","ping_status":"closed","template":"","meta":[],"product_brand":[],"product_cat":[461],"product_tag":[470,467,469,495,496,494],"class_list":{"0":"post-3513","1":"product","2":"type-product","3":"status-publish","4":"has-post-thumbnail","6":"product_cat-notes-de-musique","7":"product_tag-bourree-fr","8":"product_tag-musique-de-bord","9":"product_tag-partitions-pour-accordeon-diatonique","10":"product_tag-partitions-pour-cornemuse","11":"product_tag-partitions-pour-hummelchen-et-dudey","12":"product_tag-partitions-pour-vielle-a-roue","14":"first","15":"instock","16":"taxable","17":"shipping-taxable","18":"purchasable","19":"product-type-simple"},"_links":{"self":[{"href":"https:\/\/spielleute.de\/fr\/wp-json\/wp\/v2\/product\/3513","targetHints":{"allow":["GET"]}}],"collection":[{"href":"https:\/\/spielleute.de\/fr\/wp-json\/wp\/v2\/product"}],"about":[{"href":"https:\/\/spielleute.de\/fr\/wp-json\/wp\/v2\/types\/product"}],"replies":[{"embeddable":true,"href":"https:\/\/spielleute.de\/fr\/wp-json\/wp\/v2\/comments?post=3513"}],"wp:featuredmedia":[{"embeddable":true,"href":"https:\/\/spielleute.de\/fr\/wp-json\/wp\/v2\/media\/4527"}],"wp:attachment":[{"href":"https:\/\/spielleute.de\/fr\/wp-json\/wp\/v2\/media?parent=3513"}],"wp:term":[{"taxonomy":"product_brand","embeddable":true,"href":"https:\/\/spielleute.de\/fr\/wp-json\/wp\/v2\/product_brand?post=3513"},{"taxonomy":"product_cat","embeddable":true,"href":"https:\/\/spielleute.de\/fr\/wp-json\/wp\/v2\/product_cat?post=3513"},{"taxonomy":"product_tag","embeddable":true,"href":"https:\/\/spielleute.de\/fr\/wp-json\/wp\/v2\/product_tag?post=3513"}],"curies":[{"name":"wp","href":"https:\/\/api.w.org\/{rel}","templated":true}]}}