{"id":3512,"date":"1996-10-02T17:31:12","date_gmt":"1996-10-02T15:31:12","guid":{"rendered":"https:\/\/spielleute.de\/livre-de-chansons-de-georg-forster-volume-1\/"},"modified":"2025-04-30T16:25:31","modified_gmt":"2025-04-30T14:25:31","slug":"livre-de-chansons-de-georg-forster-volume-1","status":"publish","type":"product","link":"https:\/\/spielleute.de\/fr\/livre-de-chansons-de-georg-forster-volume-1\/","title":{"rendered":"Livre de chansons de Georg Forster &#8211; Volume 1"},"content":{"rendered":"<p>\u00ab\u00a0Livre de chansons de Georg Forster &#8211; Volume 1\u00a0\u00bb t&#8217;emm\u00e8ne dans le monde musical du d\u00e9but du 16\u00e8me si\u00e8cle. Georg Forster, m\u00e9decin de profession et en m\u00eame temps m\u00e9lomane passionn\u00e9, parolier, compositeur et \u00e9diteur, a laiss\u00e9 ses collections de chansons pour t\u00e9nor et de chansons populaires comme un document durable de la culture musicale bourgeoise. <\/p>\n<h3>Diversit\u00e9 dans les notes et les m\u00e9lodies<\/h3>\n<p>La base de cette \u00e9dition est \u00ab\u00a0Des andern theyls &#8230; Teutscher Liedlein &#8230;\u00a0\u00bb de la quatri\u00e8me \u00e9dition, Nuremberg, 1565. Pour une utilisation moderne, les livrets d&rsquo;accord pour &lsquo;discantus&rsquo;, &lsquo;altus&rsquo;, &lsquo;tenor&rsquo; et &lsquo;bassus&rsquo; ont \u00e9t\u00e9 r\u00e9unis en une seule partition. Dans \u00ab\u00a0Livre de chansons de Georg Forster &#8211; Volume 1\u00a0\u00bb, tu trouveras une grande vari\u00e9t\u00e9 de chansons : des chansons de beuverie et de chasse aux chansons \u00e9rotiques et d&rsquo;amour. D\u00e9couvre des chansons comme \u00ab\u00a0Es sout ein Meiskin\u00a0\u00bb, \u00ab\u00a0Sant Martin\u00a0\u00bb et bien d&rsquo;autres.   <\/p>\n<h3>Interpr\u00e9tations musicales<\/h3>\n<p>La notation dans \u00ab\u00a0Georg Forster Liederbuch &#8211; Volume 1\u00a0\u00bb permet aussi bien des interpr\u00e9tations purement vocales qu&rsquo;instrumentales. Bien que Forster ne souligne pas explicitement l&rsquo;utilisation d&rsquo;instruments dans cette \u00e9dition, les fl\u00fbtes, les cromornes, les cornamus, les dulcianes, les pommiers et les chalumeaux, les luths, les guitares et les violes de gambe enrichissent l&rsquo;interpr\u00e9tation et permettent une exp\u00e9rience musicale authentique. La possibilit\u00e9 de chanter ces \u0153uvres historiques aussi bien que de les jouer sur des instruments d&rsquo;\u00e9poque rend chaque morceau particuli\u00e8rement attrayant.  <\/p>\n<h3>Voyage visuel \u00e0 travers l&rsquo;histoire<\/h3>\n<p>Les \u0153uvres musicales sont accompagn\u00e9es d&rsquo;illustrations de Martina Sirtl, qui s&rsquo;inspirent \u00e9troitement des mod\u00e8les historiques. Ces interpr\u00e9tations visuelles approfondissent ta compr\u00e9hension de l&rsquo;\u00e9poque et enrichissent ton interpr\u00e9tation musicale. <\/p>\n<h3>Ta cl\u00e9 du pass\u00e9 musical<\/h3>\n<p>Le \u00ab\u00a0Livre de chansons de Georg Forster &#8211; Volume 1\u00a0\u00bb est bien plus qu&rsquo;une simple collection de partitions. C&rsquo;est une porte d&rsquo;entr\u00e9e vers la tradition musicale et la culture du 16\u00e8me si\u00e8cle. Avec ses partitions soigneusement travaill\u00e9es et ses morceaux vari\u00e9s, ce livre offre de nombreuses possibilit\u00e9s de cr\u00e9ation musicale, tant pour les solistes que pour les ensembles. Gr\u00e2ce aux illustrations historiques compl\u00e9mentaires, chaque repr\u00e9sentation devient une exp\u00e9rience profonde. Profite de l&rsquo;occasion pour explorer le monde fascinant de la musique de la Renaissance sous toutes ses facettes. Obtiens ton exemplaire d\u00e8s maintenant et vis l&rsquo;histoire de la musique de pr\u00e8s !     <\/p>\n","protected":false},"excerpt":{"rendered":"<p>78 danses et 45 chansons, adapt\u00e9es par le Dr. Heinz Nickel<\/p>\n","protected":false},"featured_media":4689,"comment_status":"closed","ping_status":"closed","template":"","meta":[],"product_brand":[],"product_cat":[461],"product_tag":[468,469,539],"class_list":{"0":"post-3512","1":"product","2":"type-product","3":"status-publish","4":"has-post-thumbnail","6":"product_cat-notes-de-musique","7":"product_tag-musique-ancienne","8":"product_tag-partitions-pour-accordeon-diatonique","9":"product_tag-renaissance-fr","10":"pa_b035_a01_b037-heinz-nickel-fr","12":"first","13":"outofstock","14":"taxable","15":"shipping-taxable","16":"purchasable","17":"product-type-simple"},"_links":{"self":[{"href":"https:\/\/spielleute.de\/fr\/wp-json\/wp\/v2\/product\/3512","targetHints":{"allow":["GET"]}}],"collection":[{"href":"https:\/\/spielleute.de\/fr\/wp-json\/wp\/v2\/product"}],"about":[{"href":"https:\/\/spielleute.de\/fr\/wp-json\/wp\/v2\/types\/product"}],"replies":[{"embeddable":true,"href":"https:\/\/spielleute.de\/fr\/wp-json\/wp\/v2\/comments?post=3512"}],"wp:featuredmedia":[{"embeddable":true,"href":"https:\/\/spielleute.de\/fr\/wp-json\/wp\/v2\/media\/4689"}],"wp:attachment":[{"href":"https:\/\/spielleute.de\/fr\/wp-json\/wp\/v2\/media?parent=3512"}],"wp:term":[{"taxonomy":"product_brand","embeddable":true,"href":"https:\/\/spielleute.de\/fr\/wp-json\/wp\/v2\/product_brand?post=3512"},{"taxonomy":"product_cat","embeddable":true,"href":"https:\/\/spielleute.de\/fr\/wp-json\/wp\/v2\/product_cat?post=3512"},{"taxonomy":"product_tag","embeddable":true,"href":"https:\/\/spielleute.de\/fr\/wp-json\/wp\/v2\/product_tag?post=3512"}],"curies":[{"name":"wp","href":"https:\/\/api.w.org\/{rel}","templated":true}]}}