{"id":3510,"date":"1995-10-02T17:31:51","date_gmt":"1995-10-02T16:31:51","guid":{"rendered":"https:\/\/spielleute.de\/joannes-de-gruijtters-1746\/"},"modified":"2025-04-30T16:24:18","modified_gmt":"2025-04-30T14:24:18","slug":"joannes-de-gruijtters-1746","status":"publish","type":"product","link":"https:\/\/spielleute.de\/fr\/joannes-de-gruijtters-1746\/","title":{"rendered":"Joannes de Gruijtters 1746"},"content":{"rendered":"<p>Depuis plus de 400 ans, le carillon est un instrument de musique populaire, en particulier aux Pays-Bas, qui a su se maintenir jusqu&rsquo;\u00e0 aujourd&rsquo;hui. Dans de nombreuses villes, il existe encore le \u00ab\u00a0stadsbeiaardier\u00a0\u00bb, le carillonneur employ\u00e9 par la ville, dont les m\u00e9lodies remplissent les places les week-ends et les jours de march\u00e9. <\/p>\n<h3>Raret\u00e9 des collections historiques<\/h3>\n<p>Cependant, il n&rsquo;existe que trois recueils de musique pour cet instrument qui nous soient parvenus. Hormis les cloches jou\u00e9es m\u00e9caniquement, elles comprennent les \u0153uvres de Berkhuis, Matthias van der Gheyn et Joannes de Gruijtters.<\/p>\n<p>A partir du manuscrit du carillonneur de la ville d&rsquo;Anvers Joannes de Gruijtters (1709 &#8211; 1772), l&rsquo;auteur a s\u00e9lectionn\u00e9 59 des morceaux not\u00e9s \u00e0 deux voix dans \u00ab\u00a0Joannes de Gruijtters 1746\u00a0\u00bb pour cette \u00e9dition. Ces pi\u00e8ces \u00e9taient souvent utilis\u00e9es comme aide-m\u00e9moire et n&rsquo;\u00e9taient pas destin\u00e9es \u00e0 \u00eatre publi\u00e9es \u00e0 grande \u00e9chelle, ce qui explique leur raret\u00e9 et leur valeur particuli\u00e8re aujourd&rsquo;hui.<\/p>\n<h3>Guide pour une interpr\u00e9tation authentique<\/h3>\n<p>Les ornements indiqu\u00e9s dans le manuscrit original sont expliqu\u00e9s en d\u00e9tail quant \u00e0 leur mode de jeu, avec des exemples. Cela te permet de reproduire la musique de mani\u00e8re authentique et d&rsquo;affiner tes interpr\u00e9tations.<\/p>\n<p>Les tr\u00e8s belles m\u00e9lodies dans \u00ab\u00a0Joannes de Gruijtters 1746\u00a0\u00bb se pr\u00eatent \u00e0 \u00eatre jou\u00e9es sur tous les instruments m\u00e9lodiques, mais aussi sur des instruments \u00e0 bourdon comme la cornemuse et la vielle \u00e0 roue. Ils offrent une application flexible pour un large \u00e9ventail d&rsquo;instruments de musique, \u00e9largissant ainsi les possibilit\u00e9s d&rsquo;utilisation de ces pi\u00e8ces historiques.<\/p>\n<p>Le livre est illustr\u00e9 de nombreux dessins de l&rsquo;auteur. Ces illustrations n&rsquo;enrichissent pas seulement l&rsquo;exp\u00e9rience visuelle, mais donnent aussi un aper\u00e7u de l&rsquo;interpr\u00e9tation artistique de la musique et de son \u00e9poque.<\/p>\n<h3>Auteur et illustrateur<\/h3>\n<p>Rolf Janssen, qui a s\u00e9lectionn\u00e9, \u00e9dit\u00e9 et illustr\u00e9 les morceaux \u00e0 partir d&rsquo;une \u00e9dition en fac-simil\u00e9, est n\u00e9 aux Pays-Bas et s&rsquo;int\u00e9resse depuis des ann\u00e9es \u00e0 la musique traditionnelle de son pays, sur laquelle il a publi\u00e9 plusieurs livres et recueils de partitions. Sa connaissance profonde et sa passion pour la musique traditionnelle donnent une voix authentique \u00e0 cette \u0153uvre. Depuis 1985, il vit comme professeur d&rsquo;art et artiste ind\u00e9pendant. Ses comp\u00e9tences artistiques et musicales sont int\u00e9gr\u00e9es dans chaque d\u00e9tail de cette collection \u00ab\u00a0Joannes de Gruijtters 1746\u00a0\u00bb, soigneusement organis\u00e9e.   <\/p>\n<h3>D\u00e9tails musicaux<\/h3>\n<p>Dans \u00ab\u00a0Joannes de Gruijtters 1746\u00a0\u00bb, les m\u00e9lodies sont des andantes, des menuets, des marches, des gigues, des contredanses et d&rsquo;autres m\u00e9lodies qui ne d\u00e9passent pas ou peu l&rsquo;\u00e9tendue d&rsquo;une octave. Cette diversit\u00e9 permet aux musiciens de diff\u00e9rents niveaux de comp\u00e9tence d&rsquo;explorer et d&rsquo;appr\u00e9cier les morceaux. Elles sont g\u00e9n\u00e9ralement laiss\u00e9es dans leur tonalit\u00e9 d&rsquo;origine et not\u00e9es en do ou en sol majeur. Cela pr\u00e9serve le caract\u00e8re historique de la musique tout en offrant une forme accessible aux musiciens. La basse continue, ou la partie d&rsquo;accompagnement, est indiqu\u00e9e une octave plus haut pour des raisons de facilit\u00e9 de lecture. Cette adaptation pratique rend les notes plus faciles \u00e0 lire et le fait de jouer ensemble plus simple.     <\/p>\n<h3>Invitation \u00e0 la d\u00e9couverte musicale<\/h3>\n<p>\u00ab\u00a0Joannes de Gruijtters 1746\u00a0\u00bb t&rsquo;invite \u00e0 faire partie d&rsquo;une tradition musicale profond\u00e9ment enracin\u00e9e dans la culture europ\u00e9enne. Cette collection n&rsquo;est pas seulement un t\u00e9moignage de l&rsquo;histoire musicale, elle offre aussi une occasion unique de d\u00e9couvrir et d&rsquo;interpr\u00e9ter la diversit\u00e9 et la beaut\u00e9 de la musique du 18\u00e8me si\u00e8cle. Saisis l&rsquo;opportunit\u00e9 d&rsquo;\u00e9largir tes comp\u00e9tences musicales et de d\u00e9couvrir la musique historique de mani\u00e8re authentique.  <\/p>\n","protected":false},"excerpt":{"rendered":"<p>59 pi\u00e8ces \u00e0 deux voix pour instruments m\u00e9lodiques<\/p>\n","protected":false},"featured_media":4406,"comment_status":"closed","ping_status":"closed","template":"","meta":[],"product_brand":[],"product_cat":[461],"product_tag":[467,469,494,573],"class_list":{"0":"post-3510","1":"product","2":"type-product","3":"status-publish","4":"has-post-thumbnail","6":"product_cat-notes-de-musique","7":"product_tag-musique-de-bord","8":"product_tag-partitions-pour-accordeon-diatonique","9":"product_tag-partitions-pour-vielle-a-roue","10":"product_tag-pays-bas","11":"pa_b035_a01_b037-rolf-janssen-fr","13":"first","14":"instock","15":"taxable","16":"shipping-taxable","17":"purchasable","18":"product-type-simple"},"_links":{"self":[{"href":"https:\/\/spielleute.de\/fr\/wp-json\/wp\/v2\/product\/3510","targetHints":{"allow":["GET"]}}],"collection":[{"href":"https:\/\/spielleute.de\/fr\/wp-json\/wp\/v2\/product"}],"about":[{"href":"https:\/\/spielleute.de\/fr\/wp-json\/wp\/v2\/types\/product"}],"replies":[{"embeddable":true,"href":"https:\/\/spielleute.de\/fr\/wp-json\/wp\/v2\/comments?post=3510"}],"wp:featuredmedia":[{"embeddable":true,"href":"https:\/\/spielleute.de\/fr\/wp-json\/wp\/v2\/media\/4406"}],"wp:attachment":[{"href":"https:\/\/spielleute.de\/fr\/wp-json\/wp\/v2\/media?parent=3510"}],"wp:term":[{"taxonomy":"product_brand","embeddable":true,"href":"https:\/\/spielleute.de\/fr\/wp-json\/wp\/v2\/product_brand?post=3510"},{"taxonomy":"product_cat","embeddable":true,"href":"https:\/\/spielleute.de\/fr\/wp-json\/wp\/v2\/product_cat?post=3510"},{"taxonomy":"product_tag","embeddable":true,"href":"https:\/\/spielleute.de\/fr\/wp-json\/wp\/v2\/product_tag?post=3510"}],"curies":[{"name":"wp","href":"https:\/\/api.w.org\/{rel}","templated":true}]}}