{"id":3508,"date":"1990-10-02T17:31:51","date_gmt":"1990-10-02T16:31:51","guid":{"rendered":"https:\/\/spielleute.de\/ein-gutter-nerrisch-tantz-tome-3\/"},"modified":"2025-04-30T16:29:16","modified_gmt":"2025-04-30T14:29:16","slug":"ein-gutter-nerrisch-tantz-tome-3","status":"publish","type":"product","link":"https:\/\/spielleute.de\/fr\/ein-gutter-nerrisch-tantz-tome-3\/","title":{"rendered":"Ein gutter nerrisch Tantz &#8211; Tome 3"},"content":{"rendered":"<p>Cette collection en trois volumes se rattache \u00e0 la s\u00e9rie tr\u00e8s r\u00e9pandue des cahiers de notes &lsquo;Schnurrpfeiffereyen&rsquo;. Inspir\u00e9e par des concerts et des rencontres lors de festivals en Allemagne et \u00e0 l&rsquo;\u00e9tranger, Martina Sirtl a rassembl\u00e9 une multitude de belles m\u00e9lodies (de danse) faciles \u00e0 jouer, dont l&rsquo;origine s&rsquo;\u00e9tend du 13\u00e8me si\u00e8cle au 20\u00e8me si\u00e8cle. Toutes les m\u00e9lodies de \u00ab\u00a0Ein gutter nerrisch Tantz &#8211; Band 3\u00a0\u00bb peuvent \u00eatre jou\u00e9es sur des instruments \u00e0 bourdon comme la cornemuse, la vielle \u00e0 roue et de nombreux autres instruments et offrent aux musiciens une riche extension de leur r\u00e9pertoire.  <\/p>\n<h3>Une ronde historique<\/h3>\n<p>\u00ab\u00a0Ein gutter nerrisch Tantz &#8211; Volume 3\u00a0\u00bb rassemble un total de 73 danses de deux \u00e0 quatre voix du 13\u00e8me au 18\u00e8me si\u00e8cle d&rsquo;Italie, de France, d&rsquo;Allemagne, d&rsquo;Angleterre et des Pays-Bas. Ils sont class\u00e9s par groupes selon l&rsquo;origine des compositeurs. Seules les phrases originales ont \u00e9t\u00e9 enregistr\u00e9es, adapt\u00e9es \u00e0 notre orthographe actuelle. La pr\u00e9f\u00e9rence a \u00e9t\u00e9 donn\u00e9e aux compositeurs qui ont compos\u00e9 leurs danses pour des instruments sp\u00e9cifiques tels que la vielle \u00e0 roue, la cornemuse, le cromorne, le pommier, le chalumeau, le cistre, etc.   <\/p>\n<h3>La diversit\u00e9 musicale dans chaque note<\/h3>\n<p>Pr\u00e8s de la moiti\u00e9 des danses dans \u00ab\u00a0Ein gutter nerrisch Tantz &#8211; Band 3\u00a0\u00bb sont not\u00e9es en &lsquo;C&rsquo;, environ un quart en &lsquo;F&rsquo; et un quart en &lsquo;G&rsquo;. Italie : Francesco Corteccia, Salomone Rossi, Giovanni Giacomo Gastoldi. France : Etienne Dutertre, Claude Gervaise, Jean-Baptiste Loeillet. Allemagne : Michael Praetorius, Johann Christoph Pez. Angleterre : William Brade, Thomas Morley. Pays-Bas : Tielman Susato, Jakob Arcadelt, Joannes de Gruijtters.     <\/p>\n<h3>Pour les amateurs de sons historiques<\/h3>\n<p>Seules les phrases originales, adapt\u00e9es \u00e0 notre orthographe actuelle, sont not\u00e9es. Les mouvements \u00e0 quatre voix de Michael Praetorius, par exemple, sont particuli\u00e8rement adapt\u00e9s, en termes de tonalit\u00e9 et d&rsquo;\u00e9tendue, aux instruments \u00e0 anche double tels que les cromornes et les pom\u00e9los. En ce qui concerne les compositions des ma\u00eetres fran\u00e7ais du 18\u00e8me si\u00e8cle, \u00ab\u00a0Ein gutter nerrisch Tantz &#8211; Band 3\u00a0\u00bb met en avant les instruments si populaires en France \u00e0 l&rsquo;\u00e9poque du rococo, comme la musette et la vielle (cornemuse et vielle \u00e0 roue).  <\/p>\n<h3>Une \u0153uvre d&rsquo;art visuelle et sonore<\/h3>\n<p>Des graphismes collag\u00e9s d&rsquo;apr\u00e8s des repr\u00e9sentations historiques et contemporaines de la vie des musiciens illustrent cette collection. D\u00e9couvre un enrichissement visuel qui va de pair avec les tr\u00e9sors acoustiques de cette collection. <\/p>\n<h3>Pourquoi tu devrais te procurer le tome 3<\/h3>\n<p>\u00ab\u00a0Ein gutter nerrisch Tantz &#8211; Band 3\u00a0\u00bb est plus qu&rsquo;une collection de notes. C&rsquo;est une invitation \u00e0 explorer plus profond\u00e9ment le monde complexe de la musique historique. Cette \u00e9dition offre non seulement un voyage musical \u00e0 travers les si\u00e8cles, mais aussi une pr\u00e9paration et une pr\u00e9sentation soign\u00e9e des morceaux, sp\u00e9cialement arrang\u00e9s pour des instruments historiques comme la vielle \u00e0 roue et la cornemuse. Compl\u00e9t\u00e9 par des illustrations artistiques, chaque morceau de musique prend vie et enrichit ta compr\u00e9hension musicale ainsi que ton r\u00e9pertoire. Obtiens ton exemplaire d\u00e8s maintenant et d\u00e9couvre les m\u00e9lodies historiques qui fascinent et inspirent les musiciens et les amateurs de musique.    <\/p>\n","protected":false},"excerpt":{"rendered":"<p>73 danses polyphoniques du 13\u00e8me au 18\u00e8me si\u00e8cle<\/p>\n","protected":false},"featured_media":4605,"comment_status":"closed","ping_status":"closed","template":"","meta":[],"product_brand":[],"product_cat":[461],"product_tag":[467,1059,469,495,496,494],"class_list":{"0":"post-3508","1":"product","2":"type-product","3":"status-publish","4":"has-post-thumbnail","6":"product_cat-notes-de-musique","7":"product_tag-musique-de-bord","8":"product_tag-musique-traditionnelle","9":"product_tag-partitions-pour-accordeon-diatonique","10":"product_tag-partitions-pour-cornemuse","11":"product_tag-partitions-pour-hummelchen-et-dudey","12":"product_tag-partitions-pour-vielle-a-roue","13":"pa_b035_a01_b037-martina-sirtl-fr","15":"first","16":"instock","17":"taxable","18":"shipping-taxable","19":"purchasable","20":"product-type-simple"},"_links":{"self":[{"href":"https:\/\/spielleute.de\/fr\/wp-json\/wp\/v2\/product\/3508","targetHints":{"allow":["GET"]}}],"collection":[{"href":"https:\/\/spielleute.de\/fr\/wp-json\/wp\/v2\/product"}],"about":[{"href":"https:\/\/spielleute.de\/fr\/wp-json\/wp\/v2\/types\/product"}],"replies":[{"embeddable":true,"href":"https:\/\/spielleute.de\/fr\/wp-json\/wp\/v2\/comments?post=3508"}],"wp:featuredmedia":[{"embeddable":true,"href":"https:\/\/spielleute.de\/fr\/wp-json\/wp\/v2\/media\/4605"}],"wp:attachment":[{"href":"https:\/\/spielleute.de\/fr\/wp-json\/wp\/v2\/media?parent=3508"}],"wp:term":[{"taxonomy":"product_brand","embeddable":true,"href":"https:\/\/spielleute.de\/fr\/wp-json\/wp\/v2\/product_brand?post=3508"},{"taxonomy":"product_cat","embeddable":true,"href":"https:\/\/spielleute.de\/fr\/wp-json\/wp\/v2\/product_cat?post=3508"},{"taxonomy":"product_tag","embeddable":true,"href":"https:\/\/spielleute.de\/fr\/wp-json\/wp\/v2\/product_tag?post=3508"}],"curies":[{"name":"wp","href":"https:\/\/api.w.org\/{rel}","templated":true}]}}