{"id":3507,"date":"2011-04-04T17:32:50","date_gmt":"2011-04-04T15:32:50","guid":{"rendered":"https:\/\/spielleute.de\/jouer-de-la-cornemuse-2\/"},"modified":"2025-12-13T22:57:05","modified_gmt":"2025-12-13T21:57:05","slug":"jouer-de-la-cornemuse-2","status":"publish","type":"product","link":"https:\/\/spielleute.de\/fr\/jouer-de-la-cornemuse-2\/","title":{"rendered":"Jouer de la cornemuse"},"content":{"rendered":"<p>Jouer de la cornemuse devient un art \u00e0 exp\u00e9rimenter gr\u00e2ce \u00e0 ce manuel d&rsquo;apprentissage pour cornemuses \u00e0 doigt\u00e9 fran\u00e7ais semi-ferm\u00e9. Cela faisait longtemps que la sc\u00e8ne de la cornemuse attendait une \u0153uvre aussi compl\u00e8te, qui trouverait un \u00e9cho dans toute l&rsquo;Europe. Avec leur doigt\u00e9 typiquement fran\u00e7ais, ces cornemuses font partie des plus populaires de leur genre &#8211; une classe \u00e0 part \u00e0 c\u00f4t\u00e9 des c\u00e9l\u00e8bres Highland Bagpipes.<\/p>\n<h3>D\u00e9velopper l&rsquo;\u00e9ventail musical<\/h3>\n<p>Le livre d&rsquo;apprentissage \u00ab\u00a0Jouer de la cornemuse\u00a0\u00bb ouvre des portes sur un spectre musical qui va bien au-del\u00e0 de celui des cornemuses traditionnelles. Gr\u00e2ce \u00e0 la grande gamme de sons et au chromatisme de ces instruments, des possibilit\u00e9s d&rsquo;expression insoup\u00e7onn\u00e9es s&rsquo;ouvrent au musicien. Aujourd&rsquo;hui, on ne peut plus s&rsquo;en passer, surtout dans les sc\u00e8nes populaires et de danse.<\/p>\n<h3>Bernard Boulanger : un virtuose partage son savoir<\/h3>\n<p>Bernard Boulanger, lui-m\u00eame un ma\u00eetre reconnu dans son domaine, partage dans ce livre ses vastes connaissances. Il enseigne \u00e0 des \u00e9l\u00e8ves du nord de la France depuis plus de 20 ans et a jou\u00e9 un r\u00f4le important sur la sc\u00e8ne fran\u00e7aise de la cornemuse avec son \u00e9cole de musique &lsquo;La Piposa&rsquo;. Pendant plus de 12 ans, Boulanger a peaufin\u00e9 le livre d&rsquo;apprentissage \u00ab\u00a0Jouer de la cornemuse\u00a0\u00bb afin de transmettre de mani\u00e8re syst\u00e9matique et compr\u00e9hensible la diversit\u00e9 des techniques de jeu et d&rsquo;ornementation.<\/p>\n<h3>Le programme d&rsquo;\u00e9tudes : Du d\u00e9butant \u00e0 l&rsquo;expert<\/h3>\n<p>Dans la premi\u00e8re partie du livre, toutes les techniques de jeu de base sont expliqu\u00e9es en d\u00e9tail. Une multitude d&rsquo;exercices permet aux apprenants de mettre en pratique ce qu&rsquo;ils ont appris. Dans \u00ab\u00a0Jouer de la cornemuse\u00a0\u00bb, les m\u00e9lodies choisies conduisent progressivement le musicien vers une compr\u00e9hension musicale plus profonde.<\/p>\n<h3>Bernard Boulanger : une personnalit\u00e9 qui a de l&rsquo;influence<\/h3>\n<p>Le talent de Bernard Boulanger pour maintenir le rythme tout en guidant le groupe d&rsquo;un seul regard est impressionnant. Son lien avec la danse, sa passion et son d\u00e9vouement \u00e0 l&rsquo;art de la cornemuse sont perceptibles dans chaque note. Pendant pr\u00e8s de 15 ans, il a d\u00e9velopp\u00e9 et perfectionn\u00e9 cette m\u00e9thode d&rsquo;enseignement, test\u00e9e par des centaines d&rsquo;\u00e9l\u00e8ves de son centre de formation La Piposa.<\/p>\n<h3>Un guide complet pour chaque apprenant<\/h3>\n<p>Des bases aux techniques avanc\u00e9es, ce livre convient aussi bien \u00e0 l&rsquo;auto-apprentissage qu&rsquo;au soutien en classe. La collaboration \u00e9troite avec des musiciens exp\u00e9riment\u00e9s, des enseignants et des fabricants d&rsquo;instruments garantit une m\u00e9thode d&rsquo;enseignement qui a fait ses preuves dans la pratique.<\/p>\n<h3>D\u00e9couvre le monde des cornemuses fran\u00e7aises<\/h3>\n<p>D\u00e9veloppe ton potentiel musical et plonge-toi profond\u00e9ment dans le monde des cornemuses fran\u00e7aises. Avec ce livre \u00e0 tes c\u00f4t\u00e9s, chaque s\u00e9ance de pratique deviendra un enrichissement de ton parcours musical. Le CD d&rsquo;accompagnement fourni approfondit ce que tu as appris et te fait d\u00e9couvrir les nuances subtiles du jeu.<\/p>\n<h3>  \u00ab\u00a0Jouer de la cornemuse\u00a0\u00bb &#8211; C&rsquo;est \u00e0 toi de jouer maintenant<\/h3>\n<p>Chaque joueur de cornemuse ambitieux trouvera dans ce manuel un compagnon indispensable sur le chemin de la ma\u00eetrise. Que tu commences tout juste \u00e0 jouer de la cornemuse ou que tu souhaites \u00e9lever tes comp\u00e9tences \u00e0 un nouveau niveau, ce livre t&rsquo;offre les outils n\u00e9cessaires \u00e0 un \u00e9panouissement musical profond. Commence d\u00e8s maintenant ton chemin vers la ma\u00eetrise et laisse-toi guider par l&rsquo;expertise de Bernard Boulanger.<\/p>\n","protected":false},"excerpt":{"rendered":"<p>Manuel d&rsquo;apprentissage pour cornemuses \u00e0 doigt\u00e9 semi-ferm\u00e9 fran\u00e7ais<\/p>\n","protected":false},"featured_media":4346,"comment_status":"closed","ping_status":"closed","template":"","meta":[],"product_brand":[],"product_cat":[484],"product_tag":[526,572,470,514,1059],"class_list":{"0":"post-3507","1":"product","2":"type-product","3":"status-publish","4":"has-post-thumbnail","6":"product_cat-manuel-denseignement","7":"product_tag-apprendre-a-jouer-de-la-cornemuse","8":"product_tag-apprendre-a-jouer-de-la-cornemuse-francaise","9":"product_tag-bourree-fr","10":"product_tag-musique-bretonne","11":"product_tag-musique-traditionnelle","12":"pa_b035_a01_b037-bernard-boulanger-fr","14":"first","15":"instock","16":"taxable","17":"shipping-taxable","18":"purchasable","19":"product-type-simple"},"_links":{"self":[{"href":"https:\/\/spielleute.de\/fr\/wp-json\/wp\/v2\/product\/3507","targetHints":{"allow":["GET"]}}],"collection":[{"href":"https:\/\/spielleute.de\/fr\/wp-json\/wp\/v2\/product"}],"about":[{"href":"https:\/\/spielleute.de\/fr\/wp-json\/wp\/v2\/types\/product"}],"replies":[{"embeddable":true,"href":"https:\/\/spielleute.de\/fr\/wp-json\/wp\/v2\/comments?post=3507"}],"wp:featuredmedia":[{"embeddable":true,"href":"https:\/\/spielleute.de\/fr\/wp-json\/wp\/v2\/media\/4346"}],"wp:attachment":[{"href":"https:\/\/spielleute.de\/fr\/wp-json\/wp\/v2\/media?parent=3507"}],"wp:term":[{"taxonomy":"product_brand","embeddable":true,"href":"https:\/\/spielleute.de\/fr\/wp-json\/wp\/v2\/product_brand?post=3507"},{"taxonomy":"product_cat","embeddable":true,"href":"https:\/\/spielleute.de\/fr\/wp-json\/wp\/v2\/product_cat?post=3507"},{"taxonomy":"product_tag","embeddable":true,"href":"https:\/\/spielleute.de\/fr\/wp-json\/wp\/v2\/product_tag?post=3507"}],"curies":[{"name":"wp","href":"https:\/\/api.w.org\/{rel}","templated":true}]}}