{"id":3502,"date":"2009-07-10T17:31:51","date_gmt":"2009-07-10T15:31:51","guid":{"rendered":"https:\/\/spielleute.de\/labecedaire-de-la-sacqueboute-volume-1\/"},"modified":"2025-06-30T19:42:45","modified_gmt":"2025-06-30T17:42:45","slug":"labecedaire-de-la-sacqueboute-volume-1","status":"publish","type":"product","link":"https:\/\/spielleute.de\/fr\/labecedaire-de-la-sacqueboute-volume-1\/","title":{"rendered":"L&rsquo;ab\u00e9c\u00e9daire de la sacqueboute &#8211; Volume 1"},"content":{"rendered":"<p>Le \u00ab\u00a0Sackpfeifen-Fibel &#8211; Volume 1\u00a0\u00bb est le premier et le seul manuel \u00e0 ce jour sur la sacqueboute, la cornemuse m\u00e9di\u00e9vale telle qu&rsquo;on la conna\u00eet dans les march\u00e9s m\u00e9di\u00e9vaux ou dans des groupes comme In Extremo ou Corvus Corax.<\/p>\n<h3>Une ann\u00e9e pleine de d\u00e9couvertes et d&rsquo;am\u00e9liorations musicales<\/h3>\n<p>Cela fait maintenant un peu plus d&rsquo;un an que la premi\u00e8re \u00e9dition du guide de la sacqueboute a \u00e9t\u00e9 publi\u00e9e. Depuis, l&rsquo;auteur a re\u00e7u de nombreux retours positifs, mais aussi quelques suggestions d&rsquo;am\u00e9lioration. Dans la mesure du possible, Thomas Z\u00f6ller a int\u00e9gr\u00e9 ces suggestions dans cette deuxi\u00e8me \u00e9dition.<\/p>\n<p>Le livre d&rsquo;apprentissage convient aussi bien aux d\u00e9butants qu&rsquo;aux avanc\u00e9s et enseigne une technique d&rsquo;ornementation structur\u00e9e. \u00ab\u00a0The Sackpfeifen-Fibel &#8211; Volume 1\u00a0\u00bb guide l&rsquo;apprenant \u00e9tape par \u00e9tape, du sifflet d&rsquo;entra\u00eenement au sifflet de poche. La technique de respiration et de jeu de la sacqueboute est pr\u00e9sent\u00e9e de mani\u00e8re claire avec des textes, des images et des graphiques.<\/p>\n<h3>De l&rsquo;initiation au championnat<\/h3>\n<p>En plus des exercices utiles, il y a bien s\u00fbr beaucoup de m\u00e9lodies &#8211; par exemple Goddesses, Pavane, Skudrinka, le chant palestinien ou la danse de l&rsquo;ours &#8211; pour n&rsquo;en citer que quelques-unes. A c\u00f4t\u00e9 de ces morceaux plut\u00f4t traditionnels, quelques compositions modernes, par exemple de Briantanus, trouvent \u00e9galement leur place.<\/p>\n<p>Le manuel d&rsquo;apprentissage \u00ab\u00a0Die Sackpfeifen-Fibel &#8211; Band 1\u00a0\u00bb, imprim\u00e9 tout en quadrichromie et tr\u00e8s bien con\u00e7u, est d\u00e9di\u00e9 \u00e0 tous ceux qui s&rsquo;int\u00e9ressent \u00e0 la cornemuse &lsquo;m\u00e9di\u00e9vale&rsquo;, telle qu&rsquo;on l&rsquo;entend aujourd&rsquo;hui sur la plupart des march\u00e9s m\u00e9di\u00e9vaux. La raison pour laquelle &lsquo;m\u00e9di\u00e9val&rsquo; est mis entre guillemets est que cette forme de cornemuse n&rsquo;est pas un instrument historique. Diff\u00e9rents noms sont associ\u00e9s \u00e0 l&rsquo;instrument, par exemple sac de pipe, sac de A ou sac de march\u00e9. Dans ce manuel, l&rsquo;auteur utilise le terme &lsquo;sacqueboute&rsquo;.<\/p>\n<p>Les techniques de jeu pr\u00e9sent\u00e9es dans \u00ab\u00a0Die Sackpfeifen-Fibel &#8211; Band 1\u00a0\u00bb sont expliqu\u00e9es de mani\u00e8re tr\u00e8s compr\u00e9hensible et \u00e9largissent consid\u00e9rablement les possibilit\u00e9s d&rsquo;expression musicale sur la sacqueboute. Ils donnent au musicien de nouvelles possibilit\u00e9s. Pour Thomas Z\u00f6ller, il est important de respecter les particularit\u00e9s de l&rsquo;instrument malgr\u00e9 les approches innovantes.<\/p>\n<h3>Des aides visuelles et des instructions d\u00e9taill\u00e9es<\/h3>\n<p>Sous les unit\u00e9s d&rsquo;apprentissage se trouvent des zones visuellement mises en \u00e9vidence. Ici, les \u00e9cueils li\u00e9s \u00e0 l&rsquo;exercice en question sont \u00e0 nouveau abord\u00e9s de mani\u00e8re cibl\u00e9e. Parfois, sous les notes, on voit une chal\u00e9mie sur laquelle sont repr\u00e9sent\u00e9es les poign\u00e9es correspondant aux notes. Pour les notes m\u00e9lodiques, le chalumeau est repr\u00e9sent\u00e9 en grand, pour les notes d&rsquo;ornement en petit.<\/p>\n<p>Comme pour tout instrument, l&rsquo;auto-apprentissage complet n&rsquo;est pas recommand\u00e9 pour la sacqueboute. Tu ferais donc bien de chercher, en plus du guide de Sackpfeifen, un professeur qui s&rsquo;occupe consciencieusement de tes besoins et de tes probl\u00e8mes.<\/p>\n<h3>Initie-toi \u00e0 l&rsquo;art de la cornemuse<\/h3>\n<p>Avec \u00ab\u00a0The Sackpfeifen-Fibel &#8211; Band 1\u00a0\u00bb, tu ne re\u00e7ois pas seulement un manuel d&rsquo;apprentissage, mais un compagnon complet sur ton chemin pour devenir un joueur de sacqueboute accompli. Ce livre combine des aper\u00e7us historiques avec des instructions pratiques et puise dans un tr\u00e9sor d&rsquo;exp\u00e9riences. D\u00e9veloppe tes comp\u00e9tences musicales et d\u00e9couvre le plaisir de jouer de la cornemuse m\u00e9di\u00e9vale. Procure-toi d\u00e8s maintenant ton exemplaire et commence ton d\u00e9veloppement musical !<\/p>\n","protected":false},"excerpt":{"rendered":"<p>Manuel d&rsquo;apprentissage de la cornemuse m\u00e9di\u00e9vale<\/p>\n","protected":false},"featured_media":4629,"comment_status":"closed","ping_status":"closed","template":"","meta":[],"product_brand":[],"product_cat":[484],"product_tag":[466,526,557,514,467,556],"class_list":{"0":"post-3502","1":"product","2":"type-product","3":"status-publish","4":"has-post-thumbnail","6":"product_cat-manuel-denseignement","7":"product_tag-a-dro","8":"product_tag-apprendre-a-jouer-de-la-cornemuse","9":"product_tag-apprendre-a-jouer-du-sifflet-de-marche","10":"product_tag-musique-bretonne","11":"product_tag-musique-de-bord","12":"product_tag-partitions-pour-sifflet-de-marche","13":"pa_b035_a01_b037-thomas-zoeller-fr","15":"first","16":"outofstock","17":"taxable","18":"shipping-taxable","19":"purchasable","20":"product-type-simple"},"_links":{"self":[{"href":"https:\/\/spielleute.de\/fr\/wp-json\/wp\/v2\/product\/3502","targetHints":{"allow":["GET"]}}],"collection":[{"href":"https:\/\/spielleute.de\/fr\/wp-json\/wp\/v2\/product"}],"about":[{"href":"https:\/\/spielleute.de\/fr\/wp-json\/wp\/v2\/types\/product"}],"replies":[{"embeddable":true,"href":"https:\/\/spielleute.de\/fr\/wp-json\/wp\/v2\/comments?post=3502"}],"wp:featuredmedia":[{"embeddable":true,"href":"https:\/\/spielleute.de\/fr\/wp-json\/wp\/v2\/media\/4629"}],"wp:attachment":[{"href":"https:\/\/spielleute.de\/fr\/wp-json\/wp\/v2\/media?parent=3502"}],"wp:term":[{"taxonomy":"product_brand","embeddable":true,"href":"https:\/\/spielleute.de\/fr\/wp-json\/wp\/v2\/product_brand?post=3502"},{"taxonomy":"product_cat","embeddable":true,"href":"https:\/\/spielleute.de\/fr\/wp-json\/wp\/v2\/product_cat?post=3502"},{"taxonomy":"product_tag","embeddable":true,"href":"https:\/\/spielleute.de\/fr\/wp-json\/wp\/v2\/product_tag?post=3502"}],"curies":[{"name":"wp","href":"https:\/\/api.w.org\/{rel}","templated":true}]}}