{"id":3501,"date":"2010-11-22T17:31:51","date_gmt":"2010-11-22T16:31:51","guid":{"rendered":"https:\/\/spielleute.de\/mechthild-von-magdeburg-o-edeler-arn\/"},"modified":"2010-11-22T17:31:51","modified_gmt":"2010-11-22T16:31:51","slug":"mechthild-von-magdeburg-o-edeler-arn","status":"publish","type":"product","link":"https:\/\/spielleute.de\/fr\/mechthild-von-magdeburg-o-edeler-arn\/","title":{"rendered":"Mechthild von Magdeburg &#8211; O edeler arn"},"content":{"rendered":"<p>D\u00e9couvre \u00ab\u00a0O edeler arn\u00a0\u00bb, une \u0153uvre fascinante qui met l&rsquo;accent sur les chants spirituels et po\u00e9tiques de Mechthild von Magdeburg, une importante mystique et b\u00e9guine. Ce cahier de chansons contient des mises en musique s\u00e9lectionn\u00e9es qui r\u00e9interpr\u00e8tent musicalement les profondes intuitions de Mechthild sur la vie spirituelle du Moyen-\u00c2ge et rendent accessibles ses perspectives uniques sur l&rsquo;amour divin et les aspirations humaines.<\/p>\n<h3>Origine et \u00e9ducation d&rsquo;une mystique m\u00e9di\u00e9vale<\/h3>\n<p>La b\u00e9guine et mystique Mechthild von Magdeburg est issue d&rsquo;une famille ais\u00e9e, probablement de haute noblesse, de la r\u00e9gion de Magdeburg ou Halberstadt. Elle a re\u00e7u une bonne \u00e9ducation, qui s&rsquo;exprime dans le vocabulaire et les images du monde courtois et chevaleresque.<\/p>\n<h3>Vocation spirituelle et \u00e9ducation<\/h3>\n<p>A l&rsquo;\u00e2ge de douze ans, elle a d\u00e9cid\u00e9 de mener une vie spirituelle. Vers 1230, elle se joint au mouvement de la pauvret\u00e9. Encourag\u00e9e par son ma\u00eetre spirituel, Henri de Halle, elle met par \u00e9crit ses exp\u00e9riences mystiques.<\/p>\n<h3>P\u00e9riode de cr\u00e9ation et retour<\/h3>\n<p>Il en r\u00e9sulte six livres de son unique \u0153uvre : La lumi\u00e8re coulante de la divinit\u00e9 sous forme de dialogues, d&rsquo;all\u00e9gories, ainsi que de po\u00e9sie minnes sous forme de chansons et de chants. Vers 1260, en raison de conflits persistants entre le clerg\u00e9 de la ville et le mouvement de la pauvret\u00e9, elle retourne d&rsquo;abord dans sa famille et est ensuite accept\u00e9e dans la communaut\u00e9 cistercienne de Helfta. Vers 1270, elle \u00e9crit son septi\u00e8me et dernier livre.<\/p>\n<h3>Minnesinger de Dieu<\/h3>\n<p>Ce cahier de chants \u00ab\u00a0O edeler arn\u00a0\u00bb contient dix chants dans de nouvelles mises en musique &#8211; entre autres dans le style de sa devanci\u00e8re Hildegard von Bingen. Les m\u00e9nestrels ont chant\u00e9 le d\u00e9sir d&rsquo;amour d&rsquo;un point de vue masculin. Ici, une femme s&#8217;empare de ces formes d&rsquo;expression et Mechthild peut \u00eatre consid\u00e9r\u00e9e \u00e0 juste titre comme une m\u00e9nestrelle de Dieu.<\/p>\n<h3>D\u00e9couvre la vision de Mechthild en musique<\/h3>\n<p>Laisse-toi enchanter par le lien unique entre le mysticisme m\u00e9di\u00e9val et la musique contemporaine. Ce cahier de chansons exclusif \u00ab\u00a0O edeler arn\u00a0\u00bb t&rsquo;offre non seulement une rare opportunit\u00e9 de te plonger dans les profondes chansons spirituelles de Mechthild von Magdeburg, mais il les pr\u00e9sente aussi dans une interpr\u00e9tation musicale moderne qui pr\u00e9serve \u00e0 la fois l&rsquo;authenticit\u00e9 historique et r\u00e9sonne de mani\u00e8re contemporaine.<\/p>\n<p>En achetant \u00ab\u00a0O edeler arn\u00a0\u00bb, tu n&rsquo;ach\u00e8tes pas seulement de la musique, mais aussi un morceau d&rsquo;histoire vivante. Parfait pour les amateurs de musique historique ainsi que pour ceux qui recherchent une exp\u00e9rience spirituelle profonde. Obtiens ton exemplaire aujourd&rsquo;hui et laisse la force et la beaut\u00e9 de la po\u00e9sie de Mechthild et sa mise en musique toucher ton c\u0153ur.<\/p>\n","protected":false},"excerpt":{"rendered":"<p>Chants de la m\u00e9nestrelle de Dieu avec des m\u00e9lodies de Frank S. Wunderlich<\/p>\n","protected":false},"featured_media":4388,"comment_status":"closed","ping_status":"closed","template":"","meta":[],"product_brand":[],"product_cat":[461],"product_tag":[564,468],"class_list":{"0":"post-3501","1":"product","2":"type-product","3":"status-publish","4":"has-post-thumbnail","6":"product_cat-notes-de-musique","7":"product_tag-minnesang-fr","8":"product_tag-musique-ancienne","9":"pa_b035_a01_b037-frank-s-wunderlich","11":"first","12":"instock","13":"taxable","14":"shipping-taxable","15":"purchasable","16":"product-type-simple"},"_links":{"self":[{"href":"https:\/\/spielleute.de\/fr\/wp-json\/wp\/v2\/product\/3501","targetHints":{"allow":["GET"]}}],"collection":[{"href":"https:\/\/spielleute.de\/fr\/wp-json\/wp\/v2\/product"}],"about":[{"href":"https:\/\/spielleute.de\/fr\/wp-json\/wp\/v2\/types\/product"}],"replies":[{"embeddable":true,"href":"https:\/\/spielleute.de\/fr\/wp-json\/wp\/v2\/comments?post=3501"}],"wp:featuredmedia":[{"embeddable":true,"href":"https:\/\/spielleute.de\/fr\/wp-json\/wp\/v2\/media\/4388"}],"wp:attachment":[{"href":"https:\/\/spielleute.de\/fr\/wp-json\/wp\/v2\/media?parent=3501"}],"wp:term":[{"taxonomy":"product_brand","embeddable":true,"href":"https:\/\/spielleute.de\/fr\/wp-json\/wp\/v2\/product_brand?post=3501"},{"taxonomy":"product_cat","embeddable":true,"href":"https:\/\/spielleute.de\/fr\/wp-json\/wp\/v2\/product_cat?post=3501"},{"taxonomy":"product_tag","embeddable":true,"href":"https:\/\/spielleute.de\/fr\/wp-json\/wp\/v2\/product_tag?post=3501"}],"curies":[{"name":"wp","href":"https:\/\/api.w.org\/{rel}","templated":true}]}}