{"id":3497,"date":"2010-06-11T17:31:12","date_gmt":"2010-06-11T15:31:12","guid":{"rendered":"https:\/\/spielleute.de\/moderne-trad-band-2\/"},"modified":"2025-04-30T16:23:19","modified_gmt":"2025-04-30T14:23:19","slug":"moderne-trad-band-2","status":"publish","type":"product","link":"https:\/\/spielleute.de\/fr\/moderne-trad-band-2\/","title":{"rendered":"moderne\/trad. &#8211; Band 2"},"content":{"rendered":"<p>D\u00e9couvre la fascination des nouvelles m\u00e9lodies de danse folk avec \u00ab\u00a0modern\/trad. &#8211; Volume 2\u00a0\u00bb, une collection de valses et de polkas fra\u00eechement compos\u00e9es par Johannes Mayr et Christoph Pelgen. Ce deuxi\u00e8me volume poursuit la tradition de la musique de danse innovante et combine des formes de danse classique avec des compositions modernes.<\/p>\n<p>Parfait pour les passionn\u00e9s de musique qui souhaitent \u00e9largir leur r\u00e9pertoire et briller lors des f\u00eates dansantes. Plonge dans le monde de la musique de danse folklorique allemande contemporaine et d\u00e9couvre une musique qui fait bouger les jambes et les c\u0153urs. L&rsquo;\u00e9cossaise, la valse, la mazurka, la polka ne sont que quelques-unes des danses de couple les plus courantes qui sont r\u00e9pandues dans une grande partie de l&rsquo;Europe et pour lesquelles nous utilisons le terme \u00ab\u00a0moderne\/trad. &#8211; Volume 2\u00a0\u00bb publier de nouvelles m\u00e9lodies.<\/p>\n<h3>D\u00e9couvrir la diversit\u00e9 musicale<\/h3>\n<p>Ce n&rsquo;est qu&rsquo;en changeant et en se renouvelant constamment qu&rsquo;un festival de danse (ou bal folk) reste aussi bon qu&rsquo;avant. Depuis le revival folk des derni\u00e8res d\u00e9cennies, la musique de danse a \u00e9volu\u00e9 de mani\u00e8re cr\u00e9ative, et pas seulement en France, en Irlande ou en Scandinavie. Dans les pays germanophones aussi, on assiste depuis quelques ann\u00e9es \u00e0 l&rsquo;\u00e9mergence d&rsquo;une sc\u00e8ne musicale et dansante color\u00e9e qui s&rsquo;inspire de la musique traditionnelle de nos pays voisins et qui s&rsquo;enracine tout autant dans son propre pass\u00e9 musical.  <\/p>\n<h3>La tradition rencontre l&rsquo;innovation<\/h3>\n<p>Les couleurs de l&rsquo;article \u00ab\u00a0moderne\/trad. &#8211; Les morceaux de danse nouvellement compos\u00e9s rassembl\u00e9s dans le \u00ab\u00a0Volume 2\u00a0\u00bb, avec un regard au-del\u00e0 de l&rsquo;assiette, s&rsquo;inscrivent donc dans la meilleure tradition, ils sont au meilleur sens du terme &lsquo;nouvelle musique de danse folklorique allemande&rsquo; ! Et la musique de danse doit aller dans les jambes, ne doit pas \u00eatre c\u00e9r\u00e9brale, doit sonner l\u00e9ger mais pas banal pour autant. Lors de la s\u00e9lection des m\u00e9lodies, l&rsquo;accent a donc \u00e9t\u00e9 mis avant tout sur la bonne jouabilit\u00e9 et le plaisir de jouer ensemble !   <\/p>\n<h3>D\u00e9couvrir de nouvelles compositions<\/h3>\n<p>Johannes Mayr et Christoph Pelgen ont s\u00e9lectionn\u00e9 \u00ab\u00a0modern\/trad. &#8211; Volume 2\u00a0\u00bb. On y trouve \u00e0 nouveau de belles valses et polkas entra\u00eenantes (et bien s\u00fbr, encore une fois, uniquement des nouvelles compositions). Ces m\u00e9lodies &#8211; environ 47 valses &amp; 28 polkas &#8211; ont \u00e9galement \u00e9t\u00e9 compos\u00e9es par des musiciens connus et appr\u00e9ci\u00e9s dans le milieu.   <\/p>\n<h3>Un concept \u00e9prouv\u00e9, des m\u00e9lodies fra\u00eeches<\/h3>\n<p>Le concept \u00e9prouv\u00e9 du premier tome a \u00e9t\u00e9 repris. Les danses conviennent aux instruments de musique les plus courants et, une fois de plus, on a veill\u00e9 \u00e0 ce qu&rsquo;elles puissent \u00eatre jou\u00e9es, en ce qui concerne la tonalit\u00e9 et la gamme, dans la plupart des cas sur des instruments \u00e0 bourdon tels que la cornemuse ou la vielle \u00e0 roue (accord\u00e9e en sol\/do). <\/p>\n<h3>Musique \u00e0 emporter<\/h3>\n<p>Le livre \u00ab\u00a0modern\/trad. &#8211; Volume 2\u00a0\u00bb est accompagn\u00e9 d&rsquo;un excellent CD d&rsquo;accompagnement, enregistr\u00e9 par le duo Cassard, sur lequel on peut entendre toutes les m\u00e9lodies. <\/p>\n<h3>La musique unit<\/h3>\n<p>Avec le pr\u00e9sent \u00ab\u00a0modern\/trad. &#8211; Volume 2\u00a0\u00bb, les \u00ab\u00a0Big Four\u00a0\u00bb sont maintenant complets &#8211; les danses qui ne peuvent manquer sur aucun bal folk : \u00c9cossaise, Mazurka (voir volume 1), Valse et Polka. En rassemblant les m\u00e9lodies, nous avons \u00e9t\u00e9 \u00e0 nouveau surpris de voir combien de musiciens se consacrent encore aujourd&rsquo;hui \u00e0 la musique traditionnelle de danse folklorique et mettent leurs propres id\u00e9es \u00ab\u00a0modernes\u00a0\u00bb dans leurs compositions.  <\/p>\n<h3>Communaut\u00e9 musicale mondiale<\/h3>\n<p>Nos compositeurs viennent d&rsquo;Allemagne et d&rsquo;Autriche, de la mer du Nord et de la mer Baltique, des montagnes du Tyrol, du Danube, du Palatinat et du Jura souabe&#8230;, ils sont \u00e9l\u00e8ves, enseignants, m\u00e9decins, artisans, juristes&#8230;, ils sont jeunes et vieux et d&rsquo;une certaine mani\u00e8re tous tr\u00e8s diff\u00e9rents. Mais quand ils se rencontrent, ils n&rsquo;ont pas besoin de grands mots, alors l&rsquo;\u00e2ge et l&rsquo;origine n&rsquo;ont pas d&rsquo;importance, alors ils laissent parler leurs instruments. <\/p>\n<h3>Langage musical international<\/h3>\n<p>Et plus on s&rsquo;int\u00e9resse \u00e0 la musique de danse traditionnelle, plus le r\u00e9pertoire que l&rsquo;on partage avec les autres s&rsquo;\u00e9largit. Cela fonctionne aussi au niveau international, malgr\u00e9 toutes les barri\u00e8res linguistiques. Qui ne conna\u00eet pas le sentiment de bonheur de jouer une valse ou une \u00e9cossaise lors d&rsquo;un festival au c\u0153ur de l&rsquo;Auvergne avec des Fran\u00e7ais, des Espagnols, des Su\u00e9dois, des Italiens et des Hongrois ? L\u00e0 o\u00f9 l&rsquo;on s&rsquo;asseyait pour parler, une m\u00e9lodie connue retentit, on prend son instrument et on se met au diapason. C&rsquo;est de la communication non verbale de haut niveau !    <\/p>\n<h3>Enrichis ton exp\u00e9rience musicale<\/h3>\n<p>Obtiens \u00ab\u00a0moderne\/trad. &#8211; Volume 2\u00a0\u00bb et d\u00e9couvre comment de nouvelles m\u00e9lodies peuvent enrichir tes \u00e9v\u00e9nements de danse et de musique. Ces compositions soigneusement s\u00e9lectionn\u00e9es et enregistr\u00e9es par des professionnels attendent que tu les d\u00e9couvres et que tu les joues. Profite de la chance de faire partie d&rsquo;une tradition musicale vivante et commande d\u00e8s maintenant.   <\/p>\n","protected":false},"excerpt":{"rendered":"<p>Nouveaux airs de danse &#8211; Volume II : Valse et polka &#8211; par Johannes Mayr et Christoph Pelgen<\/p>\n","protected":false},"featured_media":4283,"comment_status":"closed","ping_status":"closed","template":"","meta":[],"product_brand":[],"product_cat":[461],"product_tag":[467,1059,469,463,495,494],"class_list":{"0":"post-3497","1":"product","2":"type-product","3":"status-publish","4":"has-post-thumbnail","6":"product_cat-notes-de-musique","7":"product_tag-musique-de-bord","8":"product_tag-musique-traditionnelle","9":"product_tag-partitions-pour-accordeon-diatonique","10":"product_tag-partitions-pour-bal-folk","11":"product_tag-partitions-pour-cornemuse","12":"product_tag-partitions-pour-vielle-a-roue","13":"pa_b035_a01_b037-christoph-pelgen-fr","14":"pa_b035_a01_b037-johannes-mayr-fr","16":"first","17":"instock","18":"taxable","19":"shipping-taxable","20":"purchasable","21":"product-type-simple"},"_links":{"self":[{"href":"https:\/\/spielleute.de\/fr\/wp-json\/wp\/v2\/product\/3497","targetHints":{"allow":["GET"]}}],"collection":[{"href":"https:\/\/spielleute.de\/fr\/wp-json\/wp\/v2\/product"}],"about":[{"href":"https:\/\/spielleute.de\/fr\/wp-json\/wp\/v2\/types\/product"}],"replies":[{"embeddable":true,"href":"https:\/\/spielleute.de\/fr\/wp-json\/wp\/v2\/comments?post=3497"}],"wp:featuredmedia":[{"embeddable":true,"href":"https:\/\/spielleute.de\/fr\/wp-json\/wp\/v2\/media\/4283"}],"wp:attachment":[{"href":"https:\/\/spielleute.de\/fr\/wp-json\/wp\/v2\/media?parent=3497"}],"wp:term":[{"taxonomy":"product_brand","embeddable":true,"href":"https:\/\/spielleute.de\/fr\/wp-json\/wp\/v2\/product_brand?post=3497"},{"taxonomy":"product_cat","embeddable":true,"href":"https:\/\/spielleute.de\/fr\/wp-json\/wp\/v2\/product_cat?post=3497"},{"taxonomy":"product_tag","embeddable":true,"href":"https:\/\/spielleute.de\/fr\/wp-json\/wp\/v2\/product_tag?post=3497"}],"curies":[{"name":"wp","href":"https:\/\/api.w.org\/{rel}","templated":true}]}}