{"id":3494,"date":"2008-04-02T17:32:50","date_gmt":"2008-04-02T15:32:50","guid":{"rendered":"https:\/\/spielleute.de\/le-livre-de-chansons-de-locham-volume-2\/"},"modified":"2008-04-02T17:32:50","modified_gmt":"2008-04-02T15:32:50","slug":"le-livre-de-chansons-de-locham-volume-2","status":"publish","type":"product","link":"https:\/\/spielleute.de\/fr\/le-livre-de-chansons-de-locham-volume-2\/","title":{"rendered":"Le livre de chansons de Locham &#8211; Volume 2"},"content":{"rendered":"<p>D\u00e9couvre le monde de la musique m\u00e9di\u00e9vale avec \u00ab\u00a0Le livre de chansons de Locham &#8211; volume 2\u00a0\u00bb, une importante collection de musique germanophone du 15\u00e8me si\u00e8cle, retranscrite et comment\u00e9e en d\u00e9tail par Marc Lewon. Cette \u00e9dition offre non seulement un aper\u00e7u unique de la pratique musicale de l&rsquo;\u00e9poque, mais elle est aussi un outil indispensable pour tous ceux qui souhaitent interpr\u00e9ter et ex\u00e9cuter la musique historique de mani\u00e8re authentique.<\/p>\n<h3>Importance historique du recueil de chansons de Locham<\/h3>\n<p>Le livre de chansons de Lochamer compte parmi les sources les plus importantes de musique germanophone du 15\u00e8me si\u00e8cle. En tant qu&rsquo;un des premiers recueils de chansons allemandes qui nous soit parvenu, il contient principalement des chansons \u00e0 une voix et une partie instrumentale. Ce dernier pr\u00e9sente une particularit\u00e9 avec le Fundamentum organisandi : Il s&rsquo;agit d&rsquo;une sorte d&rsquo;enseignement de la composition et de l&rsquo;improvisation pour l&rsquo;instrument \u00e0 clavier. Pour la musique vocale, de telles instructions avaient d\u00e9j\u00e0 une longue tradition, pour la musique instrumentale, c&rsquo;\u00e9tait une nouveaut\u00e9 et elle relie clairement cette partie du livre de chansons aux adaptations du c\u00e9l\u00e8bre livre d&rsquo;orgue de Buxheim.<\/p>\n<h3>Pont entre la recherche des sources et la pratique musicale<\/h3>\n<p>Des travaux tr\u00e8s approfondis et scientifiquement bien document\u00e9s ont \u00e9t\u00e9 \u00e9crits et publi\u00e9s dans le pass\u00e9 sur le livre de chansons de Locham. Une \u00e9dition pratique pour les musiciens, mais bas\u00e9e sur une connaissance pr\u00e9cise des sources, manquait jusqu&rsquo;\u00e0 pr\u00e9sent. Cette s\u00e9rie d&rsquo;\u00e9ditions comble cette lacune en essayant de r\u00e9pondre \u00e0 plusieurs besoins \u00e0 la fois : \u00ab\u00a0Le livre de chansons de Locham &#8211; volume 2\u00a0\u00bb est con\u00e7u pour r\u00e9\u00e9diter des pi\u00e8ces de Loch et les pr\u00e9parer \u00e0 \u00eatre jou\u00e9es, pour fournir de nouvelles connaissances et interpr\u00e9tations du texte original parfois difficile \u00e0 comprendre et pour mener un discours pratique sur l&rsquo;ex\u00e9cution.<\/p>\n<h3>Edition avanc\u00e9e et approfondissement de l&rsquo;interpr\u00e9tation musicale<\/h3>\n<p>Comme la premi\u00e8re \u00e9dition, \u00ab\u00a0Le livre de chansons de Locham &#8211; volume 2\u00a0\u00bb suit l&rsquo;exigence de pr\u00e9parer le mat\u00e9riel source dans le sens d&rsquo;une ex\u00e9cution pratique des morceaux. Le nouveau volume reprend les principes expos\u00e9s dans le premier volume et les poursuit : 10 chansons \u00e0 une ou plusieurs voix ont \u00e9t\u00e9 int\u00e9gr\u00e9es dans l&rsquo;\u00e9dition, avec les transcriptions correspondantes de la partie instrumentale du livre de chansons. Comme dans le premier volume, d&rsquo;autres versions instrumentales du livre d&rsquo;orgue de Buxheim sont ajout\u00e9es dans certains cas, afin de placer les chansons dans un contexte contemporain et de montrer de quelle mani\u00e8re elles \u00e9taient d\u00e9j\u00e0 re\u00e7ues, modifi\u00e9es et arrang\u00e9es au 15\u00e8me si\u00e8cle.<\/p>\n<h3>Un regard plus profond sur les morceaux de musique<\/h3>\n<p>En plus des chansons populaires comme \u00ab\u00a0Ich spring an disem ringe\u00a0\u00bb et \u00ab\u00a0Der winter will hin weichen\u00a0\u00bb, dont les transcriptions ici sont parfois nouvelles et surprenantes, l&rsquo;\u00e9dition comprend \u00e9galement des compositions plus m\u00e9ditatives et tr\u00e8s \u00e9labor\u00e9es, comme \u00ab\u00a0Ach meiden, du vil sende pein\u00a0\u00bb et \u00ab\u00a0Des klaffers neiden\u00a0\u00bb, auxquelles s&rsquo;ajoutent des adaptations instrumentales non moins exigeantes dans \u00ab\u00a0The Lochamer Liederbuch &#8211; Band 2\u00a0\u00bb.<\/p>\n<h3>Un outil indispensable pour les musiciens et les amateurs de musique<\/h3>\n<p>Cette deuxi\u00e8me \u00e9dition de \u00ab\u00a0The Lochamer Liederbuch &#8211; Volume 2\u00a0\u00bb ne constitue pas seulement une collection d&rsquo;\u0153uvres musicales importantes, mais aussi un outil complet pour les musiciens, les musicologues et les amateurs de pratiques musicales historiques. La transmission soign\u00e9e et le commentaire d\u00e9taill\u00e9 permettent non seulement de comprendre la musique du 15\u00e8me si\u00e8cle, mais aussi de l&rsquo;interpr\u00e9ter et de l&rsquo;ex\u00e9cuter de mani\u00e8re authentique.<\/p>\n<h3>Acc\u00e9der \u00e0 \u00ab\u00a0Le livre de chansons de Locham &#8211; Volume 2\u00a0\u00bb.<\/h3>\n<p>Ne laisse pas passer cette occasion de te plonger dans le monde fascinant de la musique du 15\u00e8me si\u00e8cle. Procure-toi ton exemplaire du \u00ab\u00a0Livre de chansons de Locham &#8211; Volume 2\u00a0\u00bb et d\u00e9couvre \u00e0 quel point la combinaison de la pr\u00e9cision historique et de la passion musicale peut \u00eatre profonde et inspirante. Commande d\u00e8s maintenant et ajoute les sons du Moyen-\u00c2ge \u00e0 ton r\u00e9pertoire.<\/p>\n","protected":false},"excerpt":{"rendered":"<p>dans une nouvelle transmission et avec des commentaires d\u00e9taill\u00e9s de Marc Lewon<\/p>\n","protected":false},"featured_media":4277,"comment_status":"closed","ping_status":"closed","template":"","meta":[],"product_brand":[],"product_cat":[461],"product_tag":[468,539],"class_list":{"0":"post-3494","1":"product","2":"type-product","3":"status-publish","4":"has-post-thumbnail","6":"product_cat-notes-de-musique","7":"product_tag-musique-ancienne","8":"product_tag-renaissance-fr","9":"pa_b035_a01_b037-marc-lewon-fr","11":"first","12":"instock","13":"taxable","14":"shipping-taxable","15":"purchasable","16":"product-type-simple"},"_links":{"self":[{"href":"https:\/\/spielleute.de\/fr\/wp-json\/wp\/v2\/product\/3494","targetHints":{"allow":["GET"]}}],"collection":[{"href":"https:\/\/spielleute.de\/fr\/wp-json\/wp\/v2\/product"}],"about":[{"href":"https:\/\/spielleute.de\/fr\/wp-json\/wp\/v2\/types\/product"}],"replies":[{"embeddable":true,"href":"https:\/\/spielleute.de\/fr\/wp-json\/wp\/v2\/comments?post=3494"}],"wp:featuredmedia":[{"embeddable":true,"href":"https:\/\/spielleute.de\/fr\/wp-json\/wp\/v2\/media\/4277"}],"wp:attachment":[{"href":"https:\/\/spielleute.de\/fr\/wp-json\/wp\/v2\/media?parent=3494"}],"wp:term":[{"taxonomy":"product_brand","embeddable":true,"href":"https:\/\/spielleute.de\/fr\/wp-json\/wp\/v2\/product_brand?post=3494"},{"taxonomy":"product_cat","embeddable":true,"href":"https:\/\/spielleute.de\/fr\/wp-json\/wp\/v2\/product_cat?post=3494"},{"taxonomy":"product_tag","embeddable":true,"href":"https:\/\/spielleute.de\/fr\/wp-json\/wp\/v2\/product_tag?post=3494"}],"curies":[{"name":"wp","href":"https:\/\/api.w.org\/{rel}","templated":true}]}}