{"id":3490,"date":"2007-01-02T17:31:12","date_gmt":"2007-01-02T16:31:12","guid":{"rendered":"https:\/\/spielleute.de\/maceges-manuel-de-la-cornemuse-ecossaise\/"},"modified":"2025-04-30T16:25:04","modified_gmt":"2025-04-30T14:25:04","slug":"maceges-manuel-de-la-cornemuse-ecossaise","status":"publish","type":"product","link":"https:\/\/spielleute.de\/fr\/maceges-manuel-de-la-cornemuse-ecossaise\/","title":{"rendered":"MacEges Manuel de la cornemuse \u00e9cossaise"},"content":{"rendered":"<p>\u00ab\u00a0MacEges Manuel de la cornemuse \u00e9cossaise\u00a0\u00bb offre pour la premi\u00e8re fois un guide complet sur la manipulation, l&rsquo;entretien, la technique et la maintenance de la Great Highland Bagpipe. Gr\u00e2ce \u00e0 ses nombreuses ann\u00e9es d&rsquo;exp\u00e9rience, Reinhold Ege apporte son soutien \u00e0 tous les joueurs de cornemuse et leur donne, de mani\u00e8re syst\u00e9matique et claire, une aide pratique et facile \u00e0 suivre dans l&rsquo;utilisation de leur pipe. <\/p>\n<h3>Le c\u0153ur de la musique \u00e9cossaise<\/h3>\n<p>La Great Highland Bagpipe (GHB) est un instrument de musique parfait, d\u00e9velopp\u00e9 au fil des si\u00e8cles, et qui, malgr\u00e9 son apparence archa\u00efque, peut pr\u00e9senter des sensibilit\u00e9s de diva capricieuse. Chaque bon pipe repr\u00e9sente l&rsquo;art des anciens artisans \u00e9cossais, dont la qu\u00eate et la fiert\u00e9 \u00e9taient et sont toujours de cr\u00e9er ce qu&rsquo;il y a de mieux. <\/p>\n<h3>Conseils et techniques d&rsquo;entretien importants<\/h3>\n<p>Le deuxi\u00e8me chapitre du \u00ab\u00a0Manuel de MacEge pour la cornemuse \u00e9cossaise\u00a0\u00bb explique et compare les accessoires et pi\u00e8ces de rechange actuellement disponibles, comme le Water Trap, le Reed Protector, la Goose, la valise, etc. et donne des conseils sur les am\u00e9liorations possibles et utiles des pipes.<\/p>\n<h3>Anches : s\u00e9lection, mise en place et entretien<\/h3>\n<p>Le chapitre 3 du \u00ab\u00a0Manuel de la cornemuse \u00e9cossaise de MacEge\u00a0\u00bb traite en profondeur du sujet le plus important pour les pipers, les anches : Dans les tuyaux et les bourdons des pipes, on utilise aujourd&rsquo;hui des anches de construction traditionnelle et moderne, qui se distinguent les unes des autres par des caract\u00e9ristiques essentielles.<\/p>\n<h3>Apprendre \u00e0 jouer sur le pipe<\/h3>\n<p>Le quatri\u00e8me chapitre est sp\u00e9cialement \u00e9crit pour les d\u00e9butants qui poss\u00e8dent leur premier pipe et qui veulent maintenant apprendre \u00e0 jouer : &lsquo;Apprendre \u00e0 jouer sur le pipe&rsquo;. Ici, on explique la bonne utilisation et on montre des \u00e9tapes d&rsquo;apprentissage significatives. <\/p>\n<h3>Travaux de maintenance et de r\u00e9paration<\/h3>\n<p>Le chapitre sur l&rsquo;entretien et les r\u00e9parations du \u00ab\u00a0Manuel de MacEges pour la cornemuse \u00e9cossaise\u00a0\u00bb donne des instructions sur l&rsquo;entretien et les travaux de maintenance fr\u00e9quemment n\u00e9cessaires :<\/p>\n<ul>\n<li>Relier les sacs en cuir et les sacs Canmore<\/li>\n<li>Scellement des sacs<\/li>\n<li>Maintenance &amp; entretien des drones et des blowpipe<\/li>\n<li>Entretenir et renouveler les enroulements<\/li>\n<li>Petit apprentissage des n\u0153uds<\/li>\n<li>Fixer les montures<\/li>\n<li>Huiler les pipes<\/li>\n<\/ul>\n<h3>Pourquoi \u00ab\u00a0MacEges Manuel de la cornemuse \u00e9cossaise\u00a0\u00bb ?<\/h3>\n<p>Il est ind\u00e9niable que la cornemuse \u00e9cossaise fait partie de ces instruments de musique qui exigent de leur propri\u00e9taire pas mal d&rsquo;entretien et de soins. Je connais bien ce probl\u00e8me pour avoir travaill\u00e9 pendant trente ans avec les pipes et pour avoir beaucoup d&rsquo;exp\u00e9rience en tant que fabricant d&rsquo;instruments. Mon objectif est d&rsquo;enseigner aux d\u00e9butants et aux plus exp\u00e9riment\u00e9s les connaissances n\u00e9cessaires pour que le bricolage ne soit plus une source d&rsquo;angoisse et pour atteindre ce \u00e0 quoi nous aspirons tous : \u00eatre un Piper.  <\/p>\n<h3>Aide \u00e0 la d\u00e9cision pour le Piper<\/h3>\n<p>Je te conseille quand m\u00eame d&rsquo;essayer mes m\u00e9thodes dans un moment de calme et de comparer les r\u00e9sultats. Et ensuite, tu peux d\u00e9cider. Frank Pain, \u00e0 qui je (et d&rsquo;autres) dois beaucoup, a \u00e9crit un jour qu&rsquo;il avait expliqu\u00e9 tr\u00e8s pr\u00e9cis\u00e9ment \u00e0 beaucoup de gens au cours de sa vie comment ils auraient d\u00fb faire les choses correctement. Alors ne te d\u00e9courage pas, fais tes propres exp\u00e9riences !   <\/p>\n<h3>Prends ton jeu en main<\/h3>\n<p>\u00ab\u00a0Le manuel de MacEge pour la cornemuse \u00e9cossaise\u00a0\u00bb est ton compagnon indispensable si tu veux t&rsquo;assurer que ton instrument est toujours au top de sa forme et que ton jeu s&rsquo;am\u00e9liore constamment. De l&rsquo;entretien ad\u00e9quat \u00e0 l&rsquo;apprentissage de nouvelles techniques de jeu, ce manuel t&rsquo;offre tout ce dont tu as besoin pour ma\u00eetriser tes comp\u00e9tences musicales avec la Great Highland Bagpipe. Saisis l&rsquo;occasion et d\u00e9couvre comment enrichir ta passion pour la cornemuse gr\u00e2ce \u00e0 des connaissances approfondies et des m\u00e9thodes \u00e9prouv\u00e9es.  <\/p>\n","protected":false},"excerpt":{"rendered":"<p>Manuel et guide pour les Great Highland Bagpipes<\/p>\n","protected":false},"featured_media":4695,"comment_status":"closed","ping_status":"closed","template":"","meta":[],"product_brand":[],"product_cat":[478],"product_tag":[525,1059],"class_list":{"0":"post-3490","1":"product","2":"type-product","3":"status-publish","4":"has-post-thumbnail","6":"product_cat-non-fiction","7":"product_tag-apprendre-a-jouer-de-great-highland-bagpipe","8":"product_tag-musique-traditionnelle","9":"pa_b035_a01_b037-reinhold-ege-fr","11":"first","12":"outofstock","13":"taxable","14":"shipping-taxable","15":"purchasable","16":"product-type-simple"},"_links":{"self":[{"href":"https:\/\/spielleute.de\/fr\/wp-json\/wp\/v2\/product\/3490","targetHints":{"allow":["GET"]}}],"collection":[{"href":"https:\/\/spielleute.de\/fr\/wp-json\/wp\/v2\/product"}],"about":[{"href":"https:\/\/spielleute.de\/fr\/wp-json\/wp\/v2\/types\/product"}],"replies":[{"embeddable":true,"href":"https:\/\/spielleute.de\/fr\/wp-json\/wp\/v2\/comments?post=3490"}],"wp:featuredmedia":[{"embeddable":true,"href":"https:\/\/spielleute.de\/fr\/wp-json\/wp\/v2\/media\/4695"}],"wp:attachment":[{"href":"https:\/\/spielleute.de\/fr\/wp-json\/wp\/v2\/media?parent=3490"}],"wp:term":[{"taxonomy":"product_brand","embeddable":true,"href":"https:\/\/spielleute.de\/fr\/wp-json\/wp\/v2\/product_brand?post=3490"},{"taxonomy":"product_cat","embeddable":true,"href":"https:\/\/spielleute.de\/fr\/wp-json\/wp\/v2\/product_cat?post=3490"},{"taxonomy":"product_tag","embeddable":true,"href":"https:\/\/spielleute.de\/fr\/wp-json\/wp\/v2\/product_tag?post=3490"}],"curies":[{"name":"wp","href":"https:\/\/api.w.org\/{rel}","templated":true}]}}