{"id":3488,"date":"2006-11-10T17:33:26","date_gmt":"2006-11-10T16:33:26","guid":{"rendered":"https:\/\/spielleute.de\/introduction-a-la-musique-medievale\/"},"modified":"2025-04-17T10:56:00","modified_gmt":"2025-04-17T08:56:00","slug":"introduction-a-la-musique-medievale","status":"publish","type":"product","link":"https:\/\/spielleute.de\/fr\/introduction-a-la-musique-medievale\/","title":{"rendered":"Introduction \u00e0 la musique m\u00e9di\u00e9vale"},"content":{"rendered":"<p>\u00ab\u00a0Introduction \u00e0 la musique m\u00e9di\u00e9vale\u00a0\u00bb &#8211; ce livre est n\u00e9 de la longue exp\u00e9rience et de la profonde passion de ses auteurs pour la musique m\u00e9di\u00e9vale. Il t&rsquo;offre un aper\u00e7u complet de la musique du Moyen-\u00c2ge et une large s\u00e9lection d&rsquo;exemples de partitions faciles \u00e0 jouer, provenant de cultures et de r\u00e9gions tr\u00e8s diff\u00e9rentes. <\/p>\n<h3>Des connaissances d&rsquo;experts de premi\u00e8re main<\/h3>\n<p>C&rsquo;est avec enthousiasme que nous pr\u00e9sentons une introduction approfondie \u00e0 la musique m\u00e9di\u00e9vale, r\u00e9dig\u00e9e par des experts qui vivent et enseignent cette musique de mani\u00e8re pratique. L&rsquo;ouvrage combine de mani\u00e8re transparente des connaissances historiques approfondies avec des techniques et des approches applicables. <\/p>\n<h3>Comprendre les bases et le contexte<\/h3>\n<p>Dans ce livre, tu trouveras des informations claires et accessibles sur les aspects fondamentaux de la musique m\u00e9di\u00e9vale et son contexte historique. Explore l&rsquo;\u00e9volution de la musique monophonique \u00e0 la musique polyphonique, du chant gr\u00e9gorien aux structures complexes de l&rsquo;Ars Nova. <\/p>\n<h3>Influence et \u00e9change<\/h3>\n<p>Un chapitre sp\u00e9cial est consacr\u00e9 \u00e0 l&rsquo;influence significative de la musique arabe et montre comment celle-ci a fa\u00e7onn\u00e9 le paysage musical europ\u00e9en du Moyen-\u00c2ge. D\u00e9couvre comment ces \u00e9changes culturels ont influenc\u00e9 le d\u00e9veloppement de la musique et approfondi la compr\u00e9hension des pratiques d&rsquo;ex\u00e9cution historiques. <\/p>\n<h3>Vaste r\u00e9pertoire et conseils pratiques<\/h3>\n<p>Le livre offre non seulement une liste \u00e9tendue de morceaux de musique, de Hildegard von Bingen \u00e0 Carmina Burana, mais aussi des conseils pratiques sur les pratiques d&rsquo;ex\u00e9cution historiques. Il sert d&rsquo;ouvrage de r\u00e9f\u00e9rence pr\u00e9cieux pour les questions relatives \u00e0 la musique de cette \u00e9poque et aide les musiciens \u00e0 rendre leurs repr\u00e9sentations authentiques. <\/p>\n<h3>Pourquoi ce livre est un atout<\/h3>\n<p>Cette \u00ab\u00a0Introduction \u00e0 la musique m\u00e9di\u00e9vale\u00a0\u00bb est un outil essentiel pour toute personne souhaitant s&rsquo;int\u00e9resser de pr\u00e8s \u00e0 cette p\u00e9riode musicale. Ce livre n&rsquo;est pas seulement une source d&rsquo;inspiration, mais aussi un guide pratique qui t&rsquo;aidera \u00e0 \u00e9largir ton r\u00e9pertoire musical et \u00e0 d\u00e9velopper une compr\u00e9hension approfondie des formes d&rsquo;art du Moyen-\u00c2ge. Enrichis tes connaissances et tes comp\u00e9tences en musique m\u00e9di\u00e9vale en acqu\u00e9rant ce guide complet.  <\/p>\n","protected":false},"excerpt":{"rendered":"<p>Avec de nombreux exemples de partitions<\/p>\n","protected":false},"featured_media":4484,"comment_status":"closed","ping_status":"closed","template":"","meta":[],"product_brand":[],"product_cat":[478],"product_tag":[1293,468],"class_list":{"0":"post-3488","1":"product","2":"type-product","3":"status-publish","4":"has-post-thumbnail","6":"product_cat-non-fiction","7":"product_tag-moyen-age","8":"product_tag-musique-ancienne","9":"pa_b035_a01_b037-marco-ambrosini-fr","10":"pa_b035_a01_b037-michael-posch-fr","12":"first","13":"outofstock","14":"taxable","15":"shipping-taxable","16":"purchasable","17":"product-type-simple"},"_links":{"self":[{"href":"https:\/\/spielleute.de\/fr\/wp-json\/wp\/v2\/product\/3488","targetHints":{"allow":["GET"]}}],"collection":[{"href":"https:\/\/spielleute.de\/fr\/wp-json\/wp\/v2\/product"}],"about":[{"href":"https:\/\/spielleute.de\/fr\/wp-json\/wp\/v2\/types\/product"}],"replies":[{"embeddable":true,"href":"https:\/\/spielleute.de\/fr\/wp-json\/wp\/v2\/comments?post=3488"}],"wp:featuredmedia":[{"embeddable":true,"href":"https:\/\/spielleute.de\/fr\/wp-json\/wp\/v2\/media\/4484"}],"wp:attachment":[{"href":"https:\/\/spielleute.de\/fr\/wp-json\/wp\/v2\/media?parent=3488"}],"wp:term":[{"taxonomy":"product_brand","embeddable":true,"href":"https:\/\/spielleute.de\/fr\/wp-json\/wp\/v2\/product_brand?post=3488"},{"taxonomy":"product_cat","embeddable":true,"href":"https:\/\/spielleute.de\/fr\/wp-json\/wp\/v2\/product_cat?post=3488"},{"taxonomy":"product_tag","embeddable":true,"href":"https:\/\/spielleute.de\/fr\/wp-json\/wp\/v2\/product_tag?post=3488"}],"curies":[{"name":"wp","href":"https:\/\/api.w.org\/{rel}","templated":true}]}}