{"id":3485,"date":"2007-11-05T17:33:26","date_gmt":"2007-11-05T16:33:26","guid":{"rendered":"https:\/\/spielleute.de\/construction-danches-pour-cornemuses\/"},"modified":"2025-08-15T18:17:03","modified_gmt":"2025-08-15T16:17:03","slug":"construction-danches-pour-cornemuses","status":"publish","type":"product","link":"https:\/\/spielleute.de\/fr\/construction-danches-pour-cornemuses\/","title":{"rendered":"Construction d&rsquo;anches pour cornemuses"},"content":{"rendered":"<p>La fabrication d&rsquo;anches pour les cornemuses est un sujet qui n&rsquo;est souvent abord\u00e9 que de mani\u00e8re marginale dans la litt\u00e9rature sp\u00e9cialis\u00e9e. Beaucoup d&rsquo;informations sont \u00e9parpill\u00e9es et il est rare de trouver une \u00e9tude compl\u00e8te sur la probl\u00e9matique de la cr\u00e9ation et de l&rsquo;accord des anches simples \u00e0 percussion. Avec cette publication, Pavel C\u00edp et Rudolf F. Klapka comblent cette lacune et te proposent des instructions pr\u00e9cises et des dessins techniques sp\u00e9cialement adapt\u00e9s aux tuyaux de poche avec un trou cylindrique du tuyau m\u00e9lodique.<\/p>\n<h3>Premiers pas dans la fabrication d&rsquo;instruments<\/h3>\n<p>Cette publication marque le d\u00e9but d&rsquo;une nouvelle s\u00e9rie bas\u00e9e sur la vaste exp\u00e9rience du c\u00e9l\u00e8bre fabricant d&rsquo;instruments Pavel \u010c\u00edp. Dans \u00ab\u00a0Construction d&rsquo;anches pour cornemuses\u00a0\u00bb, il n&rsquo;est pas seulement question de cornemuses, mais aussi d&rsquo;autres instruments traditionnels. Tu apprendras les instructions de construction et les techniques qui permettent aux anciens instruments de musique de r\u00e9int\u00e9grer le r\u00e9pertoire de la musique populaire actuelle.<\/p>\n<h3>Instructions pratiques et dessins d\u00e9taill\u00e9s<\/h3>\n<p>Sur 48 pages, tu trouveras des instructions d\u00e9taill\u00e9es sur la fabrication et l&rsquo;accordage des anches qui s&rsquo;ouvrent. Une distinction est faite entre les pipes \u00e0 soufflet et les pipes \u00e0 sac souffl\u00e9es \u00e0 la bouche, afin de garantir une adaptation pr\u00e9cise \u00e0 tes besoins. Une liste des pannes fr\u00e9quentes et de leur r\u00e9solution offre des solutions pratiques pour optimiser tes instruments.<\/p>\n<h3>Des solutions adapt\u00e9es \u00e0 chaque tonalit\u00e9<\/h3>\n<p>La fabrication des anches est d\u00e9crite pour les tonalit\u00e9s &lsquo;mi b\u00e9mol&rsquo;, &lsquo;fa&rsquo;, &lsquo;sol&rsquo; et &lsquo;si b\u00e9mol&rsquo;. Cela comprend \u00e0 la fois la production du corps de l&rsquo;anche et de l&rsquo;anche, avec des dimensions pr\u00e9cises pour chaque accord. Ainsi, avec \u00ab\u00a0Construction d&rsquo;anches pour cornemuses\u00a0\u00bb, tu peux t&rsquo;assurer que ton instrument sonne toujours de mani\u00e8re optimale.<\/p>\n<h3>Un guide complet pour ta pratique musicale<\/h3>\n<p>Le cahier \u00ab\u00a0Fabrication d&rsquo;anches pour cornemuses\u00a0\u00bb ne veut pas seulement \u00eatre un manuel d&rsquo;apprentissage, mais un compagnon indispensable dans chaque atelier de loisirs et chaque valise d&rsquo;instruments. De la fabrication au r\u00e9glage fin, tu trouveras ici tout ce dont tu as besoin pour optimiser et r\u00e9parer tes cornemuses.<\/p>\n<h3>Fais sonner ton instrument \u00e0 la perfection<\/h3>\n<p>Avec &lsquo;Construction d&rsquo;anches pour cornemuses&rsquo;, tu as les outils en main pour ma\u00eetriser ton \u00e9quipement musical. Les instructions d\u00e9taill\u00e9es et les conseils pratiques t&rsquo;aideront \u00e0 perfectionner chaque d\u00e9tail de ton sac \u00e0 dos. Que tu sois un fabricant d&rsquo;instruments amateur ambitieux ou un professionnel, ce livret t&rsquo;aidera \u00e0 garantir la qualit\u00e9 et la fid\u00e9lit\u00e9 du son de tes instruments.<\/p>\n<h3>Maintenant, il est temps de perfectionner ton m\u00e9tier<\/h3>\n<p>Acc\u00e9dez \u00e0 ce guide complet qui met l&rsquo;art de la fabrication d&rsquo;anches pour cornemuses entre tes mains. Profite de techniques \u00e9prouv\u00e9es dans la pratique et adapte parfaitement ton jeu gr\u00e2ce \u00e0 des solutions sur mesure. Que tu cherches un son authentique pour la musique traditionnelle ou que tu veuilles faire passer ton hobby de fabrication d&rsquo;instruments au niveau sup\u00e9rieur, tu franchiras l&rsquo;\u00e9tape d\u00e9cisive avec ce guide. Obtiens ton exemplaire d\u00e8s maintenant et fais briller tes talents musicaux !<\/p>\n","protected":false},"excerpt":{"rendered":"<p>Anches ouvrantes pour cornemuses avec sifflet m\u00e9lodique cylindrique<\/p>\n","protected":false},"featured_media":4623,"comment_status":"closed","ping_status":"closed","template":"","meta":[],"product_brand":[],"product_cat":[478],"product_tag":[563,1059],"class_list":{"0":"post-3485","1":"product","2":"type-product","3":"status-publish","4":"has-post-thumbnail","6":"product_cat-non-fiction","7":"product_tag-litterature-pour-la-fabrication-dinstruments","8":"product_tag-musique-traditionnelle","10":"first","11":"instock","12":"taxable","13":"shipping-taxable","14":"purchasable","15":"product-type-simple"},"_links":{"self":[{"href":"https:\/\/spielleute.de\/fr\/wp-json\/wp\/v2\/product\/3485","targetHints":{"allow":["GET"]}}],"collection":[{"href":"https:\/\/spielleute.de\/fr\/wp-json\/wp\/v2\/product"}],"about":[{"href":"https:\/\/spielleute.de\/fr\/wp-json\/wp\/v2\/types\/product"}],"replies":[{"embeddable":true,"href":"https:\/\/spielleute.de\/fr\/wp-json\/wp\/v2\/comments?post=3485"}],"wp:featuredmedia":[{"embeddable":true,"href":"https:\/\/spielleute.de\/fr\/wp-json\/wp\/v2\/media\/4623"}],"wp:attachment":[{"href":"https:\/\/spielleute.de\/fr\/wp-json\/wp\/v2\/media?parent=3485"}],"wp:term":[{"taxonomy":"product_brand","embeddable":true,"href":"https:\/\/spielleute.de\/fr\/wp-json\/wp\/v2\/product_brand?post=3485"},{"taxonomy":"product_cat","embeddable":true,"href":"https:\/\/spielleute.de\/fr\/wp-json\/wp\/v2\/product_cat?post=3485"},{"taxonomy":"product_tag","embeddable":true,"href":"https:\/\/spielleute.de\/fr\/wp-json\/wp\/v2\/product_tag?post=3485"}],"curies":[{"name":"wp","href":"https:\/\/api.w.org\/{rel}","templated":true}]}}