{"id":3483,"date":"2013-10-02T17:31:51","date_gmt":"2013-10-02T15:31:51","guid":{"rendered":"https:\/\/spielleute.de\/jouer-de-la-nyckelharpa\/"},"modified":"2024-07-21T19:54:35","modified_gmt":"2024-07-21T17:54:35","slug":"jouer-de-la-nyckelharpa","status":"publish","type":"product","link":"https:\/\/spielleute.de\/fr\/jouer-de-la-nyckelharpa\/","title":{"rendered":"Jouer de la nyckelharpa"},"content":{"rendered":"<p>D\u00e9couvre avec le livre d&rsquo;apprentissage \u00ab\u00a0Jouer de la nyckelharpa\u00a0\u00bb de Jule Bauer le fascinant instrument \u00e0 cordes su\u00e9dois qu&rsquo;est la nyckelharpa.<\/p>\n<h3>La nyckelharpa : un aper\u00e7u historique<\/h3>\n<p>La nyckelharpa est un instrument de musique fascinant. Depuis les ann\u00e9es 60 du si\u00e8cle dernier, elle a d&rsquo;abord \u00e9t\u00e9 red\u00e9couverte en Su\u00e8de, s&rsquo;est rapidement r\u00e9pandue et est pass\u00e9e d&rsquo;un instrument de musique populaire presque inconnu dans ce pays \u00e0 un instrument \u00e0 cordes aujourd&rsquo;hui reconnu internationalement dans de nombreux domaines musicaux diff\u00e9rents.<\/p>\n<h3>Pourquoi apprendre la nyckelharpa ?<\/h3>\n<p>Leur son unique et expressif enthousiasme, \u00e9veille la curiosit\u00e9 et suscite chez de nombreuses personnes le d\u00e9sir d&rsquo;apprendre \u00e0 jouer de cet instrument. En dehors de la Su\u00e8de, il y a longtemps eu peu d&rsquo;offres d&rsquo;apprentissage ou de cours de jeu. Ce nouveau livre d&rsquo;apprentissage \u00ab\u00a0Jouer de la nyckelharpa\u00a0\u00bb de Jule Bauer veut y rem\u00e9dier !<\/p>\n<h3>Jule Bauer : Une experte se pr\u00e9sente<\/h3>\n<p>L&rsquo;auteur entretient depuis longtemps une relation \u00e9troite avec le nyckelharpa et a \u00e9t\u00e9 la premi\u00e8re dipl\u00f4m\u00e9e du \u00ab\u00a0European Nyckelharpa Training\u00a0\u00bb. Depuis 2003, elle enseigne le chant et le nyckelharpa dans diff\u00e9rents cours de musique ancienne et de musique du monde, et depuis 2009, elle enseigne le nyckelharpa \u00e0 l&rsquo;Acad\u00e9mie BURG F\u00dcRSTENECK (D), \u00e0 la Scuola di Musica Popolare di Forlimpopoli (I) et depuis 2012 au Conservatoire intercommunal de musique des deux vall\u00e9es \u00e0 Milly la For\u00eat (F).<\/p>\n<h3>Le manuel : un guide complet<\/h3>\n<p>Le concept p\u00e9dagogique bien pens\u00e9 de ce manuel, qui a d\u00e9j\u00e0 fait ses preuves dans la pratique, garantit le meilleur guidage que l&rsquo;on puisse souhaiter quand on commence \u00e0 explorer la nyckelharpa. Il fournit toutes les bases essentielles pour jouer de la nyckelharpa et apprendre \u00e0 la conna\u00eetre, comme l&rsquo;histoire et la construction de la nyckelharpa, la structure de l&rsquo;instrument, la tenue de l&rsquo;instrument, la tenue de l&rsquo;archet, l&rsquo;accordage, et les bases musicales importantes.<\/p>\n<h3>Des bases \u00e0 la ma\u00eetrise<\/h3>\n<p>On est syst\u00e9matiquement guid\u00e9 depuis le premier coup d&rsquo;archet jusqu&rsquo;\u00e0 l&rsquo;art de jouer dans les diff\u00e9rentes tonalit\u00e9s et styles. En annexe, l&rsquo;auteur se penche sur les aspects physiologiques importants \u00e0 prendre en compte lors de la pratique et du jeu musical.<\/p>\n<h3>Un r\u00e9pertoire riche<\/h3>\n<p>Les plus de 50 m\u00e9lodies incluses fournissent un r\u00e9pertoire passionnant et vari\u00e9, soigneusement adapt\u00e9 \u00e0 la progression de l&rsquo;apprentissage. De nombreux exercices aident \u00e0 travailler les 22 chapitres au total. Beaucoup d&rsquo;illustrations illustrent le contenu d&rsquo;apprentissage ou montrent des choses int\u00e9ressantes sur le monde de la nyckelharpa.<\/p>\n<h3>Pour les d\u00e9butants et les avanc\u00e9s<\/h3>\n<p>Toutes les m\u00e9lodies et les exercices du livre d&rsquo;apprentissage \u00ab\u00a0Jouer de la nyckelharpa\u00a0\u00bb sont con\u00e7us pour la nyckelharpa chromatique \u00e0 trois rang\u00e9es de touches et sont not\u00e9s aussi bien pour l&rsquo;accord continental (quinte-quinte-quinte) que pour l&rsquo;accord su\u00e9dois traditionnel (sixte-quarte-quinte).<\/p>\n<p>Avec une pr\u00e9face de Per-Ulf Allmo. Le livre \u00ab\u00a0Jouer de la nyckelharpa\u00a0\u00bb est \u00e9crit en deux langues, en allemand et en anglais.<\/p>\n","protected":false},"excerpt":{"rendered":"<p>Manuel d&rsquo;apprentissage de Jule Bauer en allemand et en anglais<\/p>\n","protected":false},"featured_media":4322,"comment_status":"closed","ping_status":"closed","template":"","meta":[],"product_brand":[],"product_cat":[484],"product_tag":[502],"class_list":{"0":"post-3483","1":"product","2":"type-product","3":"status-publish","4":"has-post-thumbnail","6":"product_cat-manuel-denseignement","7":"product_tag-apprendre-a-jouer-du-nyckelharpa","9":"first","10":"instock","11":"featured","12":"taxable","13":"shipping-taxable","14":"purchasable","15":"product-type-simple"},"_links":{"self":[{"href":"https:\/\/spielleute.de\/fr\/wp-json\/wp\/v2\/product\/3483","targetHints":{"allow":["GET"]}}],"collection":[{"href":"https:\/\/spielleute.de\/fr\/wp-json\/wp\/v2\/product"}],"about":[{"href":"https:\/\/spielleute.de\/fr\/wp-json\/wp\/v2\/types\/product"}],"replies":[{"embeddable":true,"href":"https:\/\/spielleute.de\/fr\/wp-json\/wp\/v2\/comments?post=3483"}],"wp:featuredmedia":[{"embeddable":true,"href":"https:\/\/spielleute.de\/fr\/wp-json\/wp\/v2\/media\/4322"}],"wp:attachment":[{"href":"https:\/\/spielleute.de\/fr\/wp-json\/wp\/v2\/media?parent=3483"}],"wp:term":[{"taxonomy":"product_brand","embeddable":true,"href":"https:\/\/spielleute.de\/fr\/wp-json\/wp\/v2\/product_brand?post=3483"},{"taxonomy":"product_cat","embeddable":true,"href":"https:\/\/spielleute.de\/fr\/wp-json\/wp\/v2\/product_cat?post=3483"},{"taxonomy":"product_tag","embeddable":true,"href":"https:\/\/spielleute.de\/fr\/wp-json\/wp\/v2\/product_tag?post=3483"}],"curies":[{"name":"wp","href":"https:\/\/api.w.org\/{rel}","templated":true}]}}