{"id":3482,"date":"2013-03-06T17:33:26","date_gmt":"2013-03-06T16:33:26","guid":{"rendered":"https:\/\/spielleute.de\/lours-dansant-volume-1\/"},"modified":"2013-03-06T17:33:26","modified_gmt":"2013-03-06T16:33:26","slug":"lours-dansant-volume-1","status":"publish","type":"product","link":"https:\/\/spielleute.de\/fr\/lours-dansant-volume-1\/","title":{"rendered":"L&rsquo;ours dansant &#8211; Volume 1"},"content":{"rendered":"<p>\u00ab\u00a0L&rsquo;ours de la danse &#8211; volume 1\u00a0\u00bb te pr\u00e9sente 27 danses de groupe et de couple d&rsquo;Europe centrale et occidentale qui enrichissent la sc\u00e8ne de la danse depuis des ann\u00e9es. Ce livre \u00e9vite d\u00e9lib\u00e9r\u00e9ment de pr\u00e9senter les diff\u00e9rences r\u00e9gionales afin de faciliter les d\u00e9buts des novices en danse. Gr\u00e2ce \u00e0 la s\u00e9lection de danses faciles \u00e0 comprendre et \u00e0 la r\u00e9partition par niveau de difficult\u00e9, chacun trouvera rapidement la danse qui lui convient &#8211; id\u00e9al pour une utilisation dans les \u00e9coles, les groupes de jeunes et de seniors.<\/p>\n<h3>Une brise d&rsquo;histoire de la danse<\/h3>\n<p>Depuis des ann\u00e9es, nous, le groupe SPIELLEUT, remarquons un enthousiasme croissant pour les danses folkloriques, bien au-del\u00e0 des cercles de danse organis\u00e9s. Notre r\u00e9pertoire, qui va de l&rsquo;\u00e9cossais \u00e0 la polka en passant par d&rsquo;autres formes de danse, s&rsquo;est constamment \u00e9largi gr\u00e2ce \u00e0 des rencontres avec des musiciens d&rsquo;ici et d&rsquo;ailleurs. Notre objectif : offrir des danses qui font plaisir et qui sont faciles \u00e0 apprendre.<\/p>\n<h3>Une structure claire pour un apprentissage ludique<\/h3>\n<p>Les danses sont divis\u00e9es en danses de groupe et danses de couple, en commen\u00e7ant par les danses en cercle, les danses de ruelle et les danses en ligne, qui sont particuli\u00e8rement amusantes gr\u00e2ce au changement fr\u00e9quent de partenaire. Les danses de couple, qui sont g\u00e9n\u00e9ralement un peu plus exigeantes, s&rsquo;ensuivent. Les instructions de danse sont soutenues par un langage simple et des dessins explicatifs, de sorte que l&rsquo;apprentissage des pas devient un jeu d&rsquo;enfant.<\/p>\n<h3>Une musique qui fait bouger<\/h3>\n<p>Les danses de \u00ab\u00a0L&rsquo;ours dansant &#8211; volume 1\u00a0\u00bb sont accompagn\u00e9es d&rsquo;une s\u00e9lection sp\u00e9ciale de musique, jou\u00e9e par SPIELLEUT en collaboration avec les groupes BORDUN et KAIKAI. Ces CD contiennent des musiques qui correspondent parfaitement aux descriptions des danses et proposent en plus des variations dans les m\u00e9lodies qui se trouvent dans l&rsquo;annexe des notes.<\/p>\n<h3>Comprendre le monde de la danse<\/h3>\n<p>Dans \u00ab\u00a0L&rsquo;ours de la danse &#8211; volume 1\u00a0\u00bb, une cl\u00e9 de danse d\u00e9taill\u00e9e explique les termes et les mouvements, tandis que l&rsquo;annexe musicale met en lumi\u00e8re le c\u00f4t\u00e9 musical. Gr\u00e2ce \u00e0 la combinaison d&rsquo;instructions pratiques et d&rsquo;un arri\u00e8re-plan th\u00e9orique, il est possible de se lancer dans n&rsquo;importe quelle danse.<\/p>\n<h3>Pourquoi \u00ab\u00a0L&rsquo;ours dansant &#8211; Volume 1\u00a0\u00bb devrait \u00eatre ta prochaine \u00e9tape<\/h3>\n<p>Que tu aies d\u00e9j\u00e0 de l&rsquo;exp\u00e9rience en danse folklorique ou que tu commences tout juste, ce livre t&rsquo;offre un acc\u00e8s facile et joyeux \u00e0 une multitude de danses. Les CD inclus te permettent non seulement d&rsquo;\u00e9couter la musique, mais aussi de la ressentir et de pratiquer les pas en harmonie avec les m\u00e9lodies.<\/p>\n<h3>Ta danse, ton histoire<\/h3>\n<p>Avec \u00ab\u00a0L&rsquo;ours de la danse &#8211; Volume 1\u00a0\u00bb, tu ne re\u00e7ois pas seulement un manuel d&rsquo;apprentissage, mais aussi une cl\u00e9 pour une communaut\u00e9 unie par la joie, la musique et la danse. C&rsquo;est une fa\u00e7on de vivre les traditions, de se faire de nouveaux amis et de cr\u00e9er des moments inoubliables.<\/p>\n<h3>Fais le premier pas<\/h3>\n<p>Saisis l&rsquo;opportunit\u00e9 d&rsquo;allumer ou d&rsquo;approfondir ta passion pour la danse. \u00ab\u00a0L&rsquo;ours dansant &#8211; volume 1\u00a0\u00bb n&rsquo;attend que toi pour \u00eatre d\u00e9couvert. Plonge dans le monde des danses folkloriques &#8211; avec l\u00e9g\u00e8ret\u00e9, joie et le rythme dans le sang. Commande d\u00e8s maintenant et faisons trembler la piste de danse ensemble !<\/p>\n","protected":false},"excerpt":{"rendered":"<p>27 danses folkloriques \u00e0 pratiquer &#8211; manuel de danse avec 2 CD audio<\/p>\n","protected":false},"featured_media":4514,"comment_status":"closed","ping_status":"closed","template":"","meta":[],"product_brand":[],"product_cat":[478],"product_tag":[513,467,1059,463,494],"class_list":{"0":"post-3482","1":"product","2":"type-product","3":"status-publish","4":"has-post-thumbnail","6":"product_cat-non-fiction","7":"product_tag-danse-folklorique","8":"product_tag-musique-de-bord","9":"product_tag-musique-traditionnelle","10":"product_tag-partitions-pour-bal-folk","11":"product_tag-partitions-pour-vielle-a-roue","13":"first","14":"outofstock","15":"taxable","16":"shipping-taxable","17":"purchasable","18":"product-type-simple"},"_links":{"self":[{"href":"https:\/\/spielleute.de\/fr\/wp-json\/wp\/v2\/product\/3482","targetHints":{"allow":["GET"]}}],"collection":[{"href":"https:\/\/spielleute.de\/fr\/wp-json\/wp\/v2\/product"}],"about":[{"href":"https:\/\/spielleute.de\/fr\/wp-json\/wp\/v2\/types\/product"}],"replies":[{"embeddable":true,"href":"https:\/\/spielleute.de\/fr\/wp-json\/wp\/v2\/comments?post=3482"}],"wp:featuredmedia":[{"embeddable":true,"href":"https:\/\/spielleute.de\/fr\/wp-json\/wp\/v2\/media\/4514"}],"wp:attachment":[{"href":"https:\/\/spielleute.de\/fr\/wp-json\/wp\/v2\/media?parent=3482"}],"wp:term":[{"taxonomy":"product_brand","embeddable":true,"href":"https:\/\/spielleute.de\/fr\/wp-json\/wp\/v2\/product_brand?post=3482"},{"taxonomy":"product_cat","embeddable":true,"href":"https:\/\/spielleute.de\/fr\/wp-json\/wp\/v2\/product_cat?post=3482"},{"taxonomy":"product_tag","embeddable":true,"href":"https:\/\/spielleute.de\/fr\/wp-json\/wp\/v2\/product_tag?post=3482"}],"curies":[{"name":"wp","href":"https:\/\/api.w.org\/{rel}","templated":true}]}}