{"id":3478,"date":"2012-11-23T17:32:50","date_gmt":"2012-11-23T16:32:50","guid":{"rendered":"https:\/\/spielleute.de\/pelgen-tunes-vol-1\/"},"modified":"2012-11-23T17:32:50","modified_gmt":"2012-11-23T16:32:50","slug":"pelgen-tunes-vol-1","status":"publish","type":"product","link":"https:\/\/spielleute.de\/fr\/pelgen-tunes-vol-1\/","title":{"rendered":"Pelgen Tunes &#8211; Vol. 1"},"content":{"rendered":"<p>Christoph Pelgen, connu pour son talent exceptionnel et sa passion pour le BalFolk et la musique traditionnelle, pr\u00e9sente dans \u00ab\u00a0Pelgen Tunes &#8211; Vol. 1\u00a0\u00bb une collection impressionnante de 80 nouvelles m\u00e9lodies. Ce volume est un v\u00e9ritable tr\u00e9sor pour tous ceux qui aiment et veulent ma\u00eetriser l&rsquo;art de la cornemuse, de la vielle \u00e0 roue, du violon, de la fl\u00fbte et d&rsquo;autres instruments similaires.<\/p>\n<h3>La musique qui unit<\/h3>\n<p>Les m\u00e9lodies de ce premier volume couvrent toute l&rsquo;Europe jusqu&rsquo;aux Balkans et au Bosphore. Elles contiennent une riche s\u00e9lection de morceaux souvent polyphoniques qui feront chavirer le c\u0153ur des musiciens comme celui des auditeurs. La diversit\u00e9 des compositions dans \u00ab\u00a0Pelgen Tunes &#8211; Vol. 1\u00a0\u00bb en fait un r\u00e9pertoire indispensable pour les musiciens \u00e0 la recherche de partitions fra\u00eeches et vari\u00e9es.<\/p>\n<h3>Pour chaque voix et chaque instrument<\/h3>\n<p>Bien que compos\u00e9es sp\u00e9cifiquement pour des instruments \u00e0 bourdon comme la cornemuse et la vielle \u00e0 roue, les pi\u00e8ces sont arrang\u00e9es de mani\u00e8re \u00e0 pouvoir \u00eatre jou\u00e9es sur un large \u00e9ventail d&rsquo;instruments. Chaque m\u00e9lodie est accompagn\u00e9e d&rsquo;accords, ce qui rend la collection particuli\u00e8rement flexible et adaptable \u00e0 diff\u00e9rentes formations musicales et \u00e0 diff\u00e9rents niveaux.<\/p>\n<h3>L&rsquo;inspiration derri\u00e8re la musique<\/h3>\n<p>Dans sa pr\u00e9face, Christoph Pelgen partage des aper\u00e7us personnels de son parcours musical &#8211; de sa premi\u00e8re cornemuse \u00e0 son r\u00f4le de professeur de cours et de compositeur. Son histoire est une source d&rsquo;inspiration pour tous ceux qui consid\u00e8rent la musique non seulement comme un hobby, mais aussi comme une forme d&rsquo;expression profonde. \u00ab\u00a0Pelgen Tunes &#8211; Vol. 1\u00a0\u00bb est le r\u00e9sultat de d\u00e9cennies d&rsquo;exp\u00e9rience et de passion, un hommage \u00e0 la musique traditionnelle et \u00e0 sa beaut\u00e9 intemporelle.<\/p>\n<h3>Un appel \u00e0 la cr\u00e9ativit\u00e9<\/h3>\n<p>Christoph Pelgen encourage les musiciens \u00e0 utiliser ses compositions comme point de d\u00e9part pour leurs propres d\u00e9couvertes cr\u00e9atives. Cette collection est plus qu&rsquo;une simple partition ; c&rsquo;est une invitation au voyage musical, \u00e0 l&rsquo;exp\u00e9rimentation et au d\u00e9veloppement de ta propre expression musicale. Pelgen souligne l&rsquo;importance du partage et de la communaut\u00e9 musicale et souhaite que ses m\u00e9lodies r\u00e9sonnent bien au-del\u00e0 des pages de ce livre.<\/p>\n<h3>D\u00e9couvre \u00ab\u00a0Pelgen Tunes &#8211; Vol. 1\u00a0\u00bb<\/h3>\n<p>Avec \u00ab\u00a0Pelgen Tunes &#8211; Vol. 1\u00a0\u00bb, tu n&rsquo;as pas seulement acc\u00e8s \u00e0 un monde de nouvelles m\u00e9lodies, mais tu as aussi la possibilit\u00e9 de faire partie d&rsquo;une tradition vivante. Christoph Pelgen ne partage pas seulement sa musique, mais aussi son c\u0153ur et son \u00e2me avec tous ceux qui tournent les pages de ce volume. Plonge dans le monde fascinant de la musique de bourdon et laisse-toi inspirer par la diversit\u00e9 et la beaut\u00e9 des \u00ab\u00a0Pelgen Tunes\u00a0\u00bb.<\/p>\n","protected":false},"excerpt":{"rendered":"<p>80 nouvelles m\u00e9lodies pour cornemuse, vielle \u00e0 roue, violon, fl\u00fbte etc. avec des accords<\/p>\n","protected":false},"featured_media":4265,"comment_status":"closed","ping_status":"closed","template":"","meta":[],"product_brand":[],"product_cat":[461],"product_tag":[470,467,469,463,495,494],"class_list":{"0":"post-3478","1":"product","2":"type-product","3":"status-publish","4":"has-post-thumbnail","6":"product_cat-notes-de-musique","7":"product_tag-bourree-fr","8":"product_tag-musique-de-bord","9":"product_tag-partitions-pour-accordeon-diatonique","10":"product_tag-partitions-pour-bal-folk","11":"product_tag-partitions-pour-cornemuse","12":"product_tag-partitions-pour-vielle-a-roue","13":"pa_b035_a01_b037-christoph-pelgen-fr","15":"first","16":"instock","17":"taxable","18":"shipping-taxable","19":"purchasable","20":"product-type-simple"},"_links":{"self":[{"href":"https:\/\/spielleute.de\/fr\/wp-json\/wp\/v2\/product\/3478","targetHints":{"allow":["GET"]}}],"collection":[{"href":"https:\/\/spielleute.de\/fr\/wp-json\/wp\/v2\/product"}],"about":[{"href":"https:\/\/spielleute.de\/fr\/wp-json\/wp\/v2\/types\/product"}],"replies":[{"embeddable":true,"href":"https:\/\/spielleute.de\/fr\/wp-json\/wp\/v2\/comments?post=3478"}],"wp:featuredmedia":[{"embeddable":true,"href":"https:\/\/spielleute.de\/fr\/wp-json\/wp\/v2\/media\/4265"}],"wp:attachment":[{"href":"https:\/\/spielleute.de\/fr\/wp-json\/wp\/v2\/media?parent=3478"}],"wp:term":[{"taxonomy":"product_brand","embeddable":true,"href":"https:\/\/spielleute.de\/fr\/wp-json\/wp\/v2\/product_brand?post=3478"},{"taxonomy":"product_cat","embeddable":true,"href":"https:\/\/spielleute.de\/fr\/wp-json\/wp\/v2\/product_cat?post=3478"},{"taxonomy":"product_tag","embeddable":true,"href":"https:\/\/spielleute.de\/fr\/wp-json\/wp\/v2\/product_tag?post=3478"}],"curies":[{"name":"wp","href":"https:\/\/api.w.org\/{rel}","templated":true}]}}