{"id":3476,"date":"2011-06-20T17:32:50","date_gmt":"2011-06-20T15:32:50","guid":{"rendered":"https:\/\/spielleute.de\/nyckelharpa-cadence-articles-et-feuille-de-musique\/"},"modified":"2011-06-20T17:32:50","modified_gmt":"2011-06-20T15:32:50","slug":"nyckelharpa-cadence-articles-et-feuille-de-musique","status":"publish","type":"product","link":"https:\/\/spielleute.de\/fr\/nyckelharpa-cadence-articles-et-feuille-de-musique\/","title":{"rendered":"Nyckelharpa CADENCE &#8211; Articles et Feuille de musique"},"content":{"rendered":"<p>La coop\u00e9ration Nyckelharpa CADENCE est un exemple remarquable d&rsquo;\u00e9ducation culturelle pour adultes et de coop\u00e9ration en Europe, soutenu par la Commission europ\u00e9enne. Gr\u00e2ce aux efforts conjoints des \u00e9tablissements d&rsquo;enseignement \u00ab\u00a0Eric Sahlstr\u00f6m Institutet\u00a0\u00bb en Su\u00e8de, \u00ab\u00a0Akademie BURG F\u00dcRSTENECK\u00a0\u00bb en Allemagne et \u00ab\u00a0Scuola di Musica Popolare di Forlimpopoli\u00a0\u00bb en Italie, ce projet unique a vu le jour. Entre janvier et octobre 2010, un groupe d&rsquo;\u00e9tude multinational s&rsquo;est profond\u00e9ment immerg\u00e9 dans le monde de l&rsquo;\u00e9ducation musicale pour adultes, en mettant l&rsquo;accent sur le nyckelharpa, un instrument \u00e0 cordes traditionnel.<\/p>\n<h3>La fascination de la nyckelharpa<\/h3>\n<p>En tant qu&rsquo;instrument \u00e0 cordes captivant qui se joue avec un archet, la nyckelharpa dispose d&rsquo;un clavier, appel\u00e9 \u00ab\u00a0cl\u00e9s\u00a0\u00bb, pour modifier la hauteur du son, tandis que des cordes de r\u00e9sonance enrichissent sa sonorit\u00e9 unique. Cet instrument, document\u00e9 depuis la fin du Moyen-\u00c2ge dans les trois pays participants (Su\u00e8de, Italie et Allemagne), fait partie du patrimoine culturel commun de l&rsquo;Europe. Apr\u00e8s une longue histoire durant laquelle la nyckelharpa \u00e9tait principalement jou\u00e9e en Su\u00e8de, elle conna\u00eet aujourd&rsquo;hui une renaissance dans le monde entier gr\u00e2ce \u00e0 des musiciens passionn\u00e9s et est utilis\u00e9e dans divers styles musicaux.<\/p>\n<h3>Aper\u00e7u de la coop\u00e9ration CADENCE<\/h3>\n<p>Les participants au programme Nyckelharpa CADENCE ont eu l&rsquo;occasion de s&rsquo;immerger profond\u00e9ment dans l&rsquo;\u00e9ducation musicale en d\u00e9couvrant les m\u00e9thodes et les activit\u00e9s des \u00e9tablissements d&rsquo;enseignement qui les accueillent. Outre les cours de musique, des conf\u00e9rences publiques et des concerts ainsi que des rencontres avec des acteurs culturels locaux faisaient partie du programme vari\u00e9. L&rsquo;objectif \u00e9tait de comparer les approches p\u00e9dagogiques et d&rsquo;explorer la diversit\u00e9 de l&rsquo;\u00e9ducation musicale en Europe, en utilisant le nyckelharpa comme \u00e9l\u00e9ment de liaison.<\/p>\n<h3>L&rsquo;importance de la nyckelharpa dans l&rsquo;\u00e9ducation musicale<\/h3>\n<p>La nyckelharpa n&rsquo;a pas seulement inspir\u00e9 le monde de la musique, elle a aussi contribu\u00e9 \u00e0 l&rsquo;\u00e9mergence de nouvelles approches p\u00e9dagogiques et de nouveaux cursus, notamment au Conservatoire royal de musique de Stockholm. Les exp\u00e9riences et les connaissances acquises lors des visites dans les trois pays ont permis d&rsquo;approfondir la compr\u00e9hension des possibilit\u00e9s musicales et p\u00e9dagogiques de l&rsquo;instrument.<\/p>\n<h3>Collaboration au-del\u00e0 des fronti\u00e8res<\/h3>\n<p>La coop\u00e9ration r\u00e9ussie entre les \u00e9tablissements d&rsquo;enseignement a \u00e9galement conduit \u00e0 un partenariat approfondi entre les municipalit\u00e9s de Forlimpopoli, Eiterfeld et Tierp, qui soutiennent activement les projets Nyckelharpa CADENCE. Cela montre comment la musique et l&rsquo;\u00e9ducation peuvent relier les personnes et les communaut\u00e9s au-del\u00e0 des fronti\u00e8res nationales.<\/p>\n<h3>D\u00e9couvre Nyckelharpa CADENCE &#8211; Une fen\u00eatre sur le c\u0153ur musical de l&rsquo;Europe<\/h3>\n<p>Ce cahier ne propose pas seulement un aper\u00e7u du programme CADENCE Grundtvig, mais aussi du monde fascinant de la nyckelharpa. Il t&rsquo;invite \u00e0 en apprendre davantage sur cet instrument extraordinaire et sur son r\u00f4le dans l&rsquo;\u00e9ducation culturelle des adultes. Visite notre site www.cadence.nyckelharpa.eu pour plus d&rsquo;articles, de partitions et pour faire partie de cette communaut\u00e9 musicale vivante.<\/p>\n<h3>Laisse-toi inspirer et rejoins la communaut\u00e9 Nyckelharpa<\/h3>\n<p>La nyckelharpa est plus qu&rsquo;un instrument ; c&rsquo;est un symbole vivant du riche h\u00e9ritage culturel de l&rsquo;Europe et de sa persistance dans le monde moderne. Gr\u00e2ce au projet CADENCE, cet h\u00e9ritage n&rsquo;est pas seulement pr\u00e9serv\u00e9, mais aussi d\u00e9velopp\u00e9 et r\u00e9interpr\u00e9t\u00e9. Si tu t&rsquo;int\u00e9resses \u00e0 la musique, \u00e0 la culture et \u00e0 l&rsquo;\u00e9ducation, la Nyckelharpa CADENCE t&rsquo;offre l&rsquo;opportunit\u00e9 parfaite de t&rsquo;immerger plus profond\u00e9ment dans ces sujets et de faire partie d&rsquo;une communaut\u00e9 internationale de personnes partageant les m\u00eames id\u00e9es.<\/p>\n<h3>Ta prochaine \u00e9tape<\/h3>\n<p>Es-tu pr\u00eat \u00e0 explorer le monde fascinant du nyckelharpa et \u00e0 \u00e9largir tes horizons musicaux ? Notre publication \u00ab\u00a0Nyckelharpa CADENCE\u00a0\u00bb est la premi\u00e8re \u00e9tape sur ce chemin. Elle t&rsquo;offre non seulement un aper\u00e7u pr\u00e9cieux, mais aussi des ressources pratiques pour commencer ton voyage musical avec la nyckelharpa. Procure-toi d\u00e8s maintenant ton exemplaire et laisse-toi inspirer par la diversit\u00e9 et la beaut\u00e9 de la musique europ\u00e9enne !<\/p>\n","protected":false},"excerpt":{"rendered":"<p>L&rsquo;\u00e9ducation culturelle des adultes et la coop\u00e9ration en mati\u00e8re de nyckelharpa en Europe<\/p>\n","protected":false},"featured_media":4563,"comment_status":"closed","ping_status":"closed","template":"","meta":[],"product_brand":[],"product_cat":[478],"product_tag":[502],"class_list":{"0":"post-3476","1":"product","2":"type-product","3":"status-publish","4":"has-post-thumbnail","6":"product_cat-non-fiction","7":"product_tag-apprendre-a-jouer-du-nyckelharpa","9":"first","10":"outofstock","11":"taxable","12":"shipping-taxable","13":"purchasable","14":"product-type-simple"},"_links":{"self":[{"href":"https:\/\/spielleute.de\/fr\/wp-json\/wp\/v2\/product\/3476","targetHints":{"allow":["GET"]}}],"collection":[{"href":"https:\/\/spielleute.de\/fr\/wp-json\/wp\/v2\/product"}],"about":[{"href":"https:\/\/spielleute.de\/fr\/wp-json\/wp\/v2\/types\/product"}],"replies":[{"embeddable":true,"href":"https:\/\/spielleute.de\/fr\/wp-json\/wp\/v2\/comments?post=3476"}],"wp:featuredmedia":[{"embeddable":true,"href":"https:\/\/spielleute.de\/fr\/wp-json\/wp\/v2\/media\/4563"}],"wp:attachment":[{"href":"https:\/\/spielleute.de\/fr\/wp-json\/wp\/v2\/media?parent=3476"}],"wp:term":[{"taxonomy":"product_brand","embeddable":true,"href":"https:\/\/spielleute.de\/fr\/wp-json\/wp\/v2\/product_brand?post=3476"},{"taxonomy":"product_cat","embeddable":true,"href":"https:\/\/spielleute.de\/fr\/wp-json\/wp\/v2\/product_cat?post=3476"},{"taxonomy":"product_tag","embeddable":true,"href":"https:\/\/spielleute.de\/fr\/wp-json\/wp\/v2\/product_tag?post=3476"}],"curies":[{"name":"wp","href":"https:\/\/api.w.org\/{rel}","templated":true}]}}