{"id":3475,"date":"2012-10-30T17:33:26","date_gmt":"2012-10-30T16:33:26","guid":{"rendered":"https:\/\/spielleute.de\/labecedaire-de-la-sacqueboute-tome-2\/"},"modified":"2012-10-30T17:33:26","modified_gmt":"2012-10-30T16:33:26","slug":"labecedaire-de-la-sacqueboute-tome-2","status":"publish","type":"product","link":"https:\/\/spielleute.de\/fr\/labecedaire-de-la-sacqueboute-tome-2\/","title":{"rendered":"L&rsquo;ab\u00e9c\u00e9daire de la sacqueboute &#8211; Tome 2"},"content":{"rendered":"<p>Apr\u00e8s le grand succ\u00e8s de la premi\u00e8re \u00e9dition du guide de la sacqueboute, nous avons re\u00e7u de nombreux commentaires positifs et des suggestions. Celles-ci ont inspir\u00e9 l&rsquo;auteur \u00e0 \u00e9crire une suite, \u00ab\u00a0Le guide de la cornemuse &#8211; volume 2\u00a0\u00bb, qui fera passer tes comp\u00e9tences en mati\u00e8re de cornemuse m\u00e9di\u00e9vale au niveau sup\u00e9rieur.<\/p>\n<h3>R\u00e9flexions sur la deuxi\u00e8me \u00e9dition<\/h3>\n<p>Trois ans apr\u00e8s la publication du premier guide de la sacqueboute, il est temps de passer \u00e0 l&rsquo;\u00e9tape suivante de ton d\u00e9veloppement musical. \u00ab\u00a0The Sackpfeifen-Fibel &#8211; Volume 2\u00a0\u00bb s&rsquo;appuie sur les fondations pos\u00e9es dans la premi\u00e8re partie et t&rsquo;initie plus profond\u00e9ment \u00e0 l&rsquo;art de jouer de la sacqueboute.<\/p>\n<h3>Techniques de jeu avanc\u00e9es et bases<\/h3>\n<p>\u00ab\u00a0The Sackpfei-Fibel &#8211; Volume 2\u00a0\u00bb te guide \u00e0 travers des techniques de jeu avanc\u00e9es et \u00e9largit tes bases pour jouer sur le sifflet d&rsquo;entra\u00eenement et la sacqueboute. D\u00e9couvre des m\u00e9lodies nouvelles et connues qui enrichiront ton r\u00e9pertoire.<\/p>\n<h3>De nouvelles possibilit\u00e9s d&rsquo;expression<\/h3>\n<p>Apprends \u00e0 rendre tes m\u00e9lodies plus int\u00e9ressantes en d\u00e9veloppant tes propres variations et en utilisant de nouveaux outils stylistiques comme le vibrato et le glissando. Ce volume est consacr\u00e9 \u00e0 l&rsquo;\u00e9largissement de tes possibilit\u00e9s d&rsquo;expression musicale.<\/p>\n<h3>Sujets principaux dans \u00ab\u00a0L&rsquo;ab\u00e9c\u00e9daire de la sacqueboute &#8211; Volume 2<\/h3>\n<ul>\n<li>D\u00e9veloppement de variations gr\u00e2ce aux notes d&rsquo;ornementation et aux notes de m\u00e9lodie<\/li>\n<li>Nouveaux ornements et combinaisons<\/li>\n<li>Utilisation du G-bordun pour \u00e9largir la diversit\u00e9 sonore<\/li>\n<li>Th\u00e9orie musicale avanc\u00e9e et intonation<\/li>\n<\/ul>\n<h3>Un manuel unique<\/h3>\n<p>Les volumes du Sackpfeifen-Fibel forment ensemble le seul ouvrage p\u00e9dagogique complet sur la sacqueboute m\u00e9di\u00e9vale. Ils conviennent aussi bien aux d\u00e9butants qu&rsquo;aux avanc\u00e9s et t&rsquo;introduisent pas \u00e0 pas \u00e0 l&rsquo;instrument.<\/p>\n<h3>Remarques importantes avant le d\u00e9part<\/h3>\n<p>Avant de commencer \u00ab\u00a0The Sackpfeifen-Fibel &#8211; Band 2\u00a0\u00bb, assure-toi d&rsquo;avoir travaill\u00e9 le premier volume en entier et d&rsquo;avoir compris le syst\u00e8me de notation. Les bases sont essentielles pour r\u00e9ussir avec le deuxi\u00e8me volume.<\/p>\n<h3>Des histoires et des conseils inspirants<\/h3>\n<p>Obtiens un aper\u00e7u de l&rsquo;exp\u00e9rience de l&rsquo;auteur et de l&rsquo;\u00e9volution de la culture de la sacoche. D\u00e9couvre comment la sacqueboute est reconnue en Allemagne et au niveau international et comment tu peux fa\u00e7onner ton propre style musical.<\/p>\n<h3>L&rsquo;objectif : une musique qui raconte des histoires<\/h3>\n<p>Notre objectif est que tu puisses raconter des histoires avec ton instrument. Le Sackpfeifen-Fibel volume 2 est con\u00e7u pour t&rsquo;aider \u00e0 d\u00e9velopper tes comp\u00e9tences musicales et \u00e0 exprimer ton amour pour la musique.<\/p>\n<h3>Perfectionner ton jeu sur le sac du march\u00e9<\/h3>\n<p>Es-tu pr\u00eat \u00e0 faire passer tes comp\u00e9tences musicales sur la sacqueboute au niveau sup\u00e9rieur et \u00e0 raconter tes propres histoires musicales ? \u00ab\u00a0Le guide de la sacqueboute &#8211; volume 2\u00a0\u00bb est le compagnon parfait pour les joueurs avanc\u00e9s qui souhaitent approfondir leur art et d\u00e9velopper leur style personnel. Plonge plus profond\u00e9ment dans le monde de la cornemuse m\u00e9di\u00e9vale et d\u00e9couvre de nouvelles fa\u00e7ons de donner vie \u00e0 ta musique. Commande d\u00e8s maintenant ton exemplaire et commence le prochain chapitre de ton voyage musical !<\/p>\n","protected":false},"excerpt":{"rendered":"<p>Manuel d&rsquo;apprentissage pour les joueurs avanc\u00e9s de cornemuse m\u00e9di\u00e9vale<\/p>\n","protected":false},"featured_media":4617,"comment_status":"closed","ping_status":"closed","template":"","meta":[],"product_brand":[],"product_cat":[484],"product_tag":[466,526,557,514,467,556],"class_list":{"0":"post-3475","1":"product","2":"type-product","3":"status-publish","4":"has-post-thumbnail","6":"product_cat-manuel-denseignement","7":"product_tag-a-dro","8":"product_tag-apprendre-a-jouer-de-la-cornemuse","9":"product_tag-apprendre-a-jouer-du-sifflet-de-marche","10":"product_tag-musique-bretonne","11":"product_tag-musique-de-bord","12":"product_tag-partitions-pour-sifflet-de-marche","14":"first","15":"outofstock","16":"taxable","17":"shipping-taxable","18":"purchasable","19":"product-type-simple"},"_links":{"self":[{"href":"https:\/\/spielleute.de\/fr\/wp-json\/wp\/v2\/product\/3475","targetHints":{"allow":["GET"]}}],"collection":[{"href":"https:\/\/spielleute.de\/fr\/wp-json\/wp\/v2\/product"}],"about":[{"href":"https:\/\/spielleute.de\/fr\/wp-json\/wp\/v2\/types\/product"}],"replies":[{"embeddable":true,"href":"https:\/\/spielleute.de\/fr\/wp-json\/wp\/v2\/comments?post=3475"}],"wp:featuredmedia":[{"embeddable":true,"href":"https:\/\/spielleute.de\/fr\/wp-json\/wp\/v2\/media\/4617"}],"wp:attachment":[{"href":"https:\/\/spielleute.de\/fr\/wp-json\/wp\/v2\/media?parent=3475"}],"wp:term":[{"taxonomy":"product_brand","embeddable":true,"href":"https:\/\/spielleute.de\/fr\/wp-json\/wp\/v2\/product_brand?post=3475"},{"taxonomy":"product_cat","embeddable":true,"href":"https:\/\/spielleute.de\/fr\/wp-json\/wp\/v2\/product_cat?post=3475"},{"taxonomy":"product_tag","embeddable":true,"href":"https:\/\/spielleute.de\/fr\/wp-json\/wp\/v2\/product_tag?post=3475"}],"curies":[{"name":"wp","href":"https:\/\/api.w.org\/{rel}","templated":true}]}}