{"id":3470,"date":"2012-03-09T17:31:12","date_gmt":"2012-03-09T16:31:12","guid":{"rendered":"https:\/\/spielleute.de\/jouer-de-la-guimbarde\/"},"modified":"2025-04-30T16:25:26","modified_gmt":"2025-04-30T14:25:26","slug":"jouer-de-la-guimbarde","status":"publish","type":"product","link":"https:\/\/spielleute.de\/fr\/jouer-de-la-guimbarde\/","title":{"rendered":"Jouer de la guimbarde"},"content":{"rendered":"<p>\u00ab\u00a0Jouer de la guimbarde\u00a0\u00bb ouvre la porte \u00e0 un instrument rythmique de bourdon et d&rsquo;harmoniques qui fascine imm\u00e9diatement par son son inhabituellement color\u00e9, m\u00e9ditatif et rythmiquement entra\u00eenant. \u00c9tablie depuis le Moyen-\u00c2ge dans la musique bourdon et populaire europ\u00e9enne, la guimbarde r\u00e9v\u00e8le une vari\u00e9t\u00e9 impressionnante d&rsquo;harmoniques. Wolf Janscha, en collaboration avec l&rsquo;Universit\u00e9 de musique et des arts du spectacle de Vienne, a d\u00e9velopp\u00e9 un syst\u00e8me de notation r\u00e9volutionnaire. Cela fait du livre d&rsquo;apprentissage \u00ab\u00a0Jouer de la guimbarde\u00a0\u00bb un outil essentiel pour tous ceux qui veulent apprendre \u00e0 jouer de la guimbarde.   <\/p>\n<h3>Instrument traditionnel, application moderne<\/h3>\n<p>La guimbarde \u00e9tait profond\u00e9ment enracin\u00e9e dans la musique populaire d&rsquo;Europe centrale, en particulier en Autriche, et \u00e9tait souvent associ\u00e9e \u00e0 des coutumes sociales. Mais au fil des ann\u00e9es, le r\u00f4le de la guimbarde a \u00e9volu\u00e9. Aujourd&rsquo;hui, elle fascine non seulement par son utilisation traditionnelle, mais aussi par sa polyvalence dans des contextes musicaux modernes. La fascination neutre en termes de genre et les cercles urbains qu&rsquo;elle attire prouvent la pertinence intemporelle et les possibilit\u00e9s d&rsquo;application \u00e9largies de cet outil.   <\/p>\n<h3>Ton chemin pour devenir un ma\u00eetre de la guimbarde<\/h3>\n<p>Le livre d&rsquo;apprentissage \u00ab\u00a0Jouer de la guimbarde\u00a0\u00bb offre un aper\u00e7u complet de l&rsquo;instrument, de son histoire et des techniques de jeu de base. Il met particuli\u00e8rement l&rsquo;accent sur le d\u00e9veloppement d&rsquo;une capacit\u00e9 technique de jeu qui peut \u00eatre utilis\u00e9e dans n&rsquo;importe quel style musical. Avec des instructions pas \u00e0 pas, des graphiques et des exemples sonores sur le CD inclus, il rend l&rsquo;apprentissage de la guimbarde facile et accessible.  <\/p>\n<h3>\u00ab\u00a0Jouer de la guimbarde\u00a0\u00bb est un manuel d&rsquo;apprentissage pour tous<\/h3>\n<p>Le livre d&rsquo;apprentissage n&rsquo;est pas seulement destin\u00e9 aux d\u00e9butants sans connaissances musicales pr\u00e9alables, mais offre \u00e9galement aux joueurs avanc\u00e9s des techniques pr\u00e9cieuses pour affiner leurs comp\u00e9tences. En pr\u00e9sentant les diff\u00e9rentes techniques de jeu, les techniques de respiration et la th\u00e9orie des harmoniques, il est possible de comprendre l&rsquo;instrument en profondeur. <\/p>\n<h3>T\u00e9moignages d&rsquo;experts et avantages pratiques<\/h3>\n<p>Encens\u00e9 par des experts comme Albin Paulus et Marco Ambrosini, \u00ab\u00a0Jouer de la guimbarde\u00a0\u00bb est un jalon dans la litt\u00e9rature musicale pour guimbarde. Il t\u00e9moigne des possibilit\u00e9s profondes de l&rsquo;instrument et offre un guide syst\u00e9matique qui fait progresser le joueur pas \u00e0 pas. Le CD inclus avec des exemples sonores soutient l&rsquo;apprentissage et permet une exp\u00e9rience interactive.  <\/p>\n<h3>Pas \u00e0 pas vers le succ\u00e8s<\/h3>\n<p>Des bases aux techniques avanc\u00e9es, le livre d&rsquo;apprentissage \u00ab\u00a0Jouer de la guimbarde\u00a0\u00bb couvre tout ce dont tu as besoin pour jouer de la guimbarde de mani\u00e8re magistrale. Il te guide \u00e0 travers les diff\u00e9rents aspects du jeu, y compris la posture, le mouvement de frappe, la respiration et l&rsquo;\u00e9coute des harmoniques, et te fournit les outils pour explorer tes propres voies musicales. <\/p>\n<h3>Pourquoi choisir ce livre ?<\/h3>\n<p>Si tu cherches un guide complet, facile \u00e0 comprendre et pratique pour apprendre \u00e0 jouer de la guimbarde, le livre \u00ab\u00a0Jouer de la guimbarde\u00a0\u00bb est fait pour toi. Il offre une combinaison unique de contexte historique, d&rsquo;instructions techniques et d&rsquo;inspiration cr\u00e9ative. Que tu sois d\u00e9butant ou que tu souhaites d\u00e9velopper tes comp\u00e9tences, ce manuel est un compagnon indispensable sur ton chemin musical.  <\/p>\n<h3>Fais le premier pas<\/h3>\n<p>Es-tu pr\u00eat \u00e0 explorer le monde fascinant du jeu de guimbarde et \u00e0 faire passer tes comp\u00e9tences musicales au niveau sup\u00e9rieur ? Ce livre d&rsquo;apprentissage ne te donne pas seulement les bases techniques, il t&rsquo;inspire aussi \u00e0 d\u00e9velopper ton propre style et \u00e0 d\u00e9velopper le plein potentiel de la guimbarde. Ne manque pas l&rsquo;occasion de te laisser guider par l&rsquo;un des experts les plus r\u00e9put\u00e9s dans ce domaine. Obtiens ton exemplaire d\u00e8s maintenant et commence ton voyage dans le monde de la guimbarde !   <\/p>\n","protected":false},"excerpt":{"rendered":"<p>Manuel d&rsquo;apprentissage de la guimbarde pour d\u00e9butants sans connaissances pr\u00e9alables. Un guide syst\u00e9matique pour l&rsquo;auto-apprentissage avec CD d&rsquo;accompagnement par Wolf Janscha <\/p>\n","protected":false},"featured_media":4611,"comment_status":"closed","ping_status":"closed","template":"","meta":[],"product_brand":[],"product_cat":[484],"product_tag":[551,467],"class_list":{"0":"post-3470","1":"product","2":"type-product","3":"status-publish","4":"has-post-thumbnail","6":"product_cat-manuel-denseignement","7":"product_tag-apprendre-a-jouer-de-la-guimbarde","8":"product_tag-musique-de-bord","9":"pa_b035_a01_b037-wolf-janscha-fr","11":"first","12":"instock","13":"taxable","14":"shipping-taxable","15":"purchasable","16":"product-type-simple"},"_links":{"self":[{"href":"https:\/\/spielleute.de\/fr\/wp-json\/wp\/v2\/product\/3470","targetHints":{"allow":["GET"]}}],"collection":[{"href":"https:\/\/spielleute.de\/fr\/wp-json\/wp\/v2\/product"}],"about":[{"href":"https:\/\/spielleute.de\/fr\/wp-json\/wp\/v2\/types\/product"}],"replies":[{"embeddable":true,"href":"https:\/\/spielleute.de\/fr\/wp-json\/wp\/v2\/comments?post=3470"}],"wp:featuredmedia":[{"embeddable":true,"href":"https:\/\/spielleute.de\/fr\/wp-json\/wp\/v2\/media\/4611"}],"wp:attachment":[{"href":"https:\/\/spielleute.de\/fr\/wp-json\/wp\/v2\/media?parent=3470"}],"wp:term":[{"taxonomy":"product_brand","embeddable":true,"href":"https:\/\/spielleute.de\/fr\/wp-json\/wp\/v2\/product_brand?post=3470"},{"taxonomy":"product_cat","embeddable":true,"href":"https:\/\/spielleute.de\/fr\/wp-json\/wp\/v2\/product_cat?post=3470"},{"taxonomy":"product_tag","embeddable":true,"href":"https:\/\/spielleute.de\/fr\/wp-json\/wp\/v2\/product_tag?post=3470"}],"curies":[{"name":"wp","href":"https:\/\/api.w.org\/{rel}","templated":true}]}}