{"id":3466,"date":"2015-02-20T17:32:50","date_gmt":"2015-02-20T16:32:50","guid":{"rendered":"https:\/\/spielleute.de\/moderne-trad-band-1\/"},"modified":"2024-12-20T22:27:24","modified_gmt":"2024-12-20T21:27:24","slug":"moderne-trad-band-1","status":"publish","type":"product","link":"https:\/\/spielleute.de\/fr\/moderne-trad-band-1\/","title":{"rendered":"moderne\/trad. &#8211; Band 1"},"content":{"rendered":"<p>Avec \u00ab\u00a0moderne\/trad. &#8211; Volume 1\u00a0\u00bb commence une s\u00e9rie qui fera date pour la sc\u00e8ne de la danse folk. L&rsquo;\u00e9cossaise, la valse, la mazurka, la polka ne sont que quelques-unes des danses de couple les plus courantes, r\u00e9pandues dans une grande partie de l&rsquo;Europe.<\/p>\n<p>Ce n&rsquo;est qu&rsquo;en changeant et en se renouvelant constamment qu&rsquo;un festival de danse (ou bal folk) reste aussi bon qu&rsquo;avant. Depuis le revival folk des derni\u00e8res d\u00e9cennies, la musique de danse a \u00e9volu\u00e9 de mani\u00e8re cr\u00e9ative, et pas seulement en France, en Irlande ou en Scandinavie. Dans les pays germanophones aussi, on assiste depuis quelques ann\u00e9es \u00e0 l&rsquo;\u00e9mergence d&rsquo;une sc\u00e8ne musicale et dansante color\u00e9e qui s&rsquo;inspire de la musique traditionnelle de nos pays voisins et qui s&rsquo;enracine tout autant dans son propre pass\u00e9 musical.<\/p>\n<p>Ces pi\u00e8ces de danse nouvellement compos\u00e9es en \u00ab\u00a0modern\/trad. &#8211; Volume 1\u00a0\u00bb avec un regard au-del\u00e0 de l&rsquo;assiette sont donc dans la meilleure tradition, &lsquo;nouvelle musique de danse folklorique allemande&rsquo;.<\/p>\n<p>La musique de danse doit aller dans les jambes, ne doit pas \u00eatre c\u00e9r\u00e9brale, doit sonner l\u00e9ger mais pas banal pour autant. Lors de la s\u00e9lection, l&rsquo;accent a donc \u00e9t\u00e9 mis sur la bonne jouabilit\u00e9 et le plaisir de jouer de la musique ensemble. Toutes les m\u00e9lodies en \u00ab\u00a0moderne\/trad. &#8211; Tome 1\u00a0\u00bb sont accompagn\u00e9es d&rsquo;accords d&rsquo;accompagnement, certaines sont compos\u00e9es \u00e0 plusieurs voix et conviennent aux instruments courants. En ce qui concerne la tonalit\u00e9 et la gamme, on a veill\u00e9 dans la plupart des cas \u00e0 ce qu&rsquo;elles puissent \u00eatre jou\u00e9es par des instruments \u00e0 bourdon comme la cornemuse ou la vielle \u00e0 roue (au diapason G-C).<\/p>\n<p>Le livre \u00ab\u00a0modern\/trad. &#8211; Volume 1\u00a0\u00bb est accompagn\u00e9 d&rsquo;un excellent CD d&rsquo;accompagnement, enregistr\u00e9 par le duo Cassard, sur lequel on peut entendre toutes les m\u00e9lodies.<\/p>\n","protected":false},"excerpt":{"rendered":"<p>Nouveaux airs de danse \/ Ecossaise et mazurka<\/p>\n","protected":false},"featured_media":4316,"comment_status":"closed","ping_status":"closed","template":"","meta":[],"product_brand":[],"product_cat":[461],"product_tag":[514,467,1059,469,463,495,494],"class_list":{"0":"post-3466","1":"product","2":"type-product","3":"status-publish","4":"has-post-thumbnail","6":"product_cat-notes-de-musique","7":"product_tag-musique-bretonne","8":"product_tag-musique-de-bord","9":"product_tag-musique-traditionnelle","10":"product_tag-partitions-pour-accordeon-diatonique","11":"product_tag-partitions-pour-bal-folk","12":"product_tag-partitions-pour-cornemuse","13":"product_tag-partitions-pour-vielle-a-roue","15":"first","16":"outofstock","17":"taxable","18":"shipping-taxable","19":"purchasable","20":"product-type-simple"},"_links":{"self":[{"href":"https:\/\/spielleute.de\/fr\/wp-json\/wp\/v2\/product\/3466","targetHints":{"allow":["GET"]}}],"collection":[{"href":"https:\/\/spielleute.de\/fr\/wp-json\/wp\/v2\/product"}],"about":[{"href":"https:\/\/spielleute.de\/fr\/wp-json\/wp\/v2\/types\/product"}],"replies":[{"embeddable":true,"href":"https:\/\/spielleute.de\/fr\/wp-json\/wp\/v2\/comments?post=3466"}],"wp:featuredmedia":[{"embeddable":true,"href":"https:\/\/spielleute.de\/fr\/wp-json\/wp\/v2\/media\/4316"}],"wp:attachment":[{"href":"https:\/\/spielleute.de\/fr\/wp-json\/wp\/v2\/media?parent=3466"}],"wp:term":[{"taxonomy":"product_brand","embeddable":true,"href":"https:\/\/spielleute.de\/fr\/wp-json\/wp\/v2\/product_brand?post=3466"},{"taxonomy":"product_cat","embeddable":true,"href":"https:\/\/spielleute.de\/fr\/wp-json\/wp\/v2\/product_cat?post=3466"},{"taxonomy":"product_tag","embeddable":true,"href":"https:\/\/spielleute.de\/fr\/wp-json\/wp\/v2\/product_tag?post=3466"}],"curies":[{"name":"wp","href":"https:\/\/api.w.org\/{rel}","templated":true}]}}