{"id":3464,"date":"2013-10-22T17:31:51","date_gmt":"2013-10-22T15:31:51","guid":{"rendered":"https:\/\/spielleute.de\/les-quatre-saisons-la-primavera-le-printemps-tome-1\/"},"modified":"2013-10-22T17:31:51","modified_gmt":"2013-10-22T15:31:51","slug":"les-quatre-saisons-la-primavera-le-printemps-tome-1","status":"publish","type":"product","link":"https:\/\/spielleute.de\/fr\/les-quatre-saisons-la-primavera-le-printemps-tome-1\/","title":{"rendered":"Les quatre saisons &#8211; La Primavera \/ Le printemps &#8211; Tome 1"},"content":{"rendered":"<p>\u00ab\u00a0Les quatre saisons &#8211; La Primavera \/ Le Printemps &#8211; Volume 1\u00a0\u00bb repr\u00e9sente un arrangement exceptionnel d&rsquo;Eva-Maria Rusche et Marco Ambrosini, sp\u00e9cialement con\u00e7u pour le cours de danse et d&rsquo;instruments de Brensbach 2013. Cette \u0153uvre apporte une perspective fra\u00eeche \u00e0 l&rsquo;interpr\u00e9tation du c\u00e9l\u00e8bre chef-d&rsquo;\u0153uvre baroque d&rsquo;Antonio Vivaldi en l&rsquo;arrangeant pour trois cornemuses (H\u00fcmmelchen ou Dudey en accord C\/F), alto et basse continue.<\/p>\n<h3>Instrumentation et adaptations musicales<\/h3>\n<p>L&rsquo;arrangement \u00ab\u00a0La Primavera\u00a0\u00bb permet une instrumentation flexible, la partie d&rsquo;alto pouvant \u00eatre ex\u00e9cut\u00e9e par une viole de gambe, un alto ou une vi\u00e8le \u00e0 quatre rangs de cl\u00e9s, et la partie de continuo id\u00e9alement par un clavecin ou un autre instrument de continuo. L&rsquo;adaptation a d\u00fb \u00eatre adapt\u00e9e de mani\u00e8re cr\u00e9ative en raison de la gamme limit\u00e9e des sacqueboutes, afin de pr\u00e9server la structure caract\u00e9ristique de la ritournelle et l&rsquo;affect sp\u00e9cifique de l&rsquo;original de Vivaldi.<\/p>\n<h3>Contenu du volume<\/h3>\n<p>Le volume \u00ab\u00a0La Primavera\u00a0\u00bb offre non seulement la partition et les parties individuelles, mais aussi une introduction informative et des informations d\u00e9taill\u00e9es sur les sacqueboutes utilis\u00e9es. Une section sp\u00e9ciale est consacr\u00e9e \u00e0 la mise en pratique de l&rsquo;\u0153uvre, ce qui donne aux musiciens un aper\u00e7u et une aide pr\u00e9cieux.<\/p>\n<h3>Contexte culturel et historique<\/h3>\n<p>Une partie importante de la pr\u00e9face met en lumi\u00e8re l&rsquo;importance culturelle et historique des \u00ab\u00a0Quatre Saisons\u00a0\u00bb ainsi que le r\u00f4le des cornemuses dans l&rsquo;imaginaire musical de Vivaldi. Il sera question de la fa\u00e7on dont Vivaldi a \u00e9t\u00e9 un pr\u00e9curseur en Italie avec ses compositions programmatiques et a \u00e9t\u00e9 inspir\u00e9 par la nature et par des artistes comme Marco Ricci.<\/p>\n<h3>Une exp\u00e9rience musicale pour les interpr\u00e8tes et les auditeurs<\/h3>\n<p>\u00ab\u00a0Les quatre saisons &#8211; La Primavera \/ Le Printemps &#8211; Volume 1\u00a0\u00bb est bien plus qu&rsquo;une simple partition ; c&rsquo;est une exp\u00e9rience musicale qui invite aussi bien les musiciens que les auditeurs \u00e0 revisiter l&rsquo;\u0153uvre de Vivaldi \u00e0 travers une perspective innovante. Cet arrangement offre une occasion unique d&rsquo;interpr\u00e9ter cette \u0153uvre bien connue dans une nouvelle formation, ce qui en fait un morceau indispensable pour quiconque souhaite \u00e9largir sa pratique musicale et participer \u00e0 une aventure musicale historiquement inform\u00e9e et r\u00e9interpr\u00e9t\u00e9e de mani\u00e8re cr\u00e9ative.<\/p>\n","protected":false},"excerpt":{"rendered":"<p>Arrangement pour 3 dudey ou tambourins, alto et basse continue par Eva-Maria Rusche &amp; Marco Ambrosini<\/p>\n","protected":false},"featured_media":4222,"comment_status":"closed","ping_status":"closed","template":"","meta":[],"product_brand":[],"product_cat":[461],"product_tag":[468,496],"class_list":{"0":"post-3464","1":"product","2":"type-product","3":"status-publish","4":"has-post-thumbnail","6":"product_cat-notes-de-musique","7":"product_tag-musique-ancienne","8":"product_tag-partitions-pour-hummelchen-et-dudey","9":"pa_b035_a01_b037-eva-maria-rusche","11":"first","12":"instock","13":"taxable","14":"shipping-taxable","15":"purchasable","16":"product-type-simple"},"_links":{"self":[{"href":"https:\/\/spielleute.de\/fr\/wp-json\/wp\/v2\/product\/3464","targetHints":{"allow":["GET"]}}],"collection":[{"href":"https:\/\/spielleute.de\/fr\/wp-json\/wp\/v2\/product"}],"about":[{"href":"https:\/\/spielleute.de\/fr\/wp-json\/wp\/v2\/types\/product"}],"replies":[{"embeddable":true,"href":"https:\/\/spielleute.de\/fr\/wp-json\/wp\/v2\/comments?post=3464"}],"wp:featuredmedia":[{"embeddable":true,"href":"https:\/\/spielleute.de\/fr\/wp-json\/wp\/v2\/media\/4222"}],"wp:attachment":[{"href":"https:\/\/spielleute.de\/fr\/wp-json\/wp\/v2\/media?parent=3464"}],"wp:term":[{"taxonomy":"product_brand","embeddable":true,"href":"https:\/\/spielleute.de\/fr\/wp-json\/wp\/v2\/product_brand?post=3464"},{"taxonomy":"product_cat","embeddable":true,"href":"https:\/\/spielleute.de\/fr\/wp-json\/wp\/v2\/product_cat?post=3464"},{"taxonomy":"product_tag","embeddable":true,"href":"https:\/\/spielleute.de\/fr\/wp-json\/wp\/v2\/product_tag?post=3464"}],"curies":[{"name":"wp","href":"https:\/\/api.w.org\/{rel}","templated":true}]}}