{"id":3460,"date":"2012-12-10T17:33:26","date_gmt":"2012-12-10T16:33:26","guid":{"rendered":"https:\/\/spielleute.de\/la-pipe-a-bec\/"},"modified":"2012-12-10T17:33:26","modified_gmt":"2012-12-10T16:33:26","slug":"la-pipe-a-bec","status":"publish","type":"product","link":"https:\/\/spielleute.de\/fr\/la-pipe-a-bec\/","title":{"rendered":"La pipe \u00e0 bec"},"content":{"rendered":"<p>Ce fascinant livre d&rsquo;images \u00ab\u00a0La sacqueboute\u00a0\u00bb illustre l&rsquo;histoire de la sacqueboute. Sur 184 pages imprim\u00e9es en quadrichromie, le Dr. Fritz Schneider publie une s\u00e9lection d&rsquo;illustrations fascinantes issues de sa vaste collection iconographique. Depuis un demi-si\u00e8cle, il rassemble inlassablement toutes les illustrations trouvables qui traitent de cet instrument \u00e0 bourdon.<\/p>\n<h4>L&rsquo;importance culturelle de la sacqueboute<\/h4>\n<p>Connue aussi sous le nom de cornemuse, la sacqueboute \u00e9tait autrefois r\u00e9pandue chez tous les peuples europ\u00e9ens ainsi qu&rsquo;en Afrique du Nord et en Orient. Au cours de l&rsquo;histoire, elle a \u00e9t\u00e9 repr\u00e9sent\u00e9e \u00e0 maintes reprises par des artistes et des artisans dans des techniques aussi diverses que des dessins, des peintures, des sculptures et des plastiques. Les illustrations se trouvent aussi bien sous forme d&rsquo;images v\u00e9n\u00e9r\u00e9es par la religion que de caricatures politiques, de repr\u00e9sentations de genres ou d&rsquo;ornements d&rsquo;objets usuels.<\/p>\n<h4>Les d\u00e9fis de l&rsquo;exploration<\/h4>\n<p>Pour \u00e9tudier l&rsquo;histoire d&rsquo;un instrument de musique, un scientifique essaiera tout d&rsquo;abord de se r\u00e9f\u00e9rer \u00e0 des instruments originaux conserv\u00e9s. Cependant, cette m\u00e9thode se heurte \u00e0 des difficult\u00e9s avec la sacqueboute, plus que pour la plupart des autres instruments. La partie la plus caract\u00e9ristique de ces instruments, \u00e0 savoir le sac, est g\u00e9n\u00e9ralement fabriqu\u00e9e en cuir ou en peau d&rsquo;animal tann\u00e9e de mani\u00e8re rudimentaire. Ces deux tissus sont tr\u00e8s sensibles \u00e0 l&rsquo;humidit\u00e9, mais celle-ci leur est apport\u00e9e en permanence par l&rsquo;air que le joueur respire. D&rsquo;autre part, le sac peut aussi se dess\u00e9cher si l&rsquo;instrument n&rsquo;est pas jou\u00e9 pendant une longue p\u00e9riode. Dans les deux cas, le sac est d\u00e9truit. Il ne reste que les sifflets, qui ne sont souvent plus reconnus comme des parties d&rsquo;un sifflet. C&rsquo;est probablement la raison pour laquelle les exemplaires historiques de la sacqueboute sont si rares.<\/p>\n<h4>L&rsquo;importance des sources iconographiques<\/h4>\n<p>Ceux qui font des recherches sur l&rsquo;histoire de la sacqueboute doivent donc se tourner vers d&rsquo;autres sources. Il n&rsquo;est pas rare de trouver des preuves \u00e9crites dans la litt\u00e9rature, dans les descriptions de voyage, les dossiers judiciaires et autres documents &#8211; mais les descriptions exactes de l&rsquo;instrument y sont rares. Cependant, gr\u00e2ce \u00e0 l&rsquo;iconographie, l&rsquo;interpr\u00e9tation du contenu des images, il est possible d&rsquo;obtenir des informations sur le d\u00e9veloppement historique et la diffusion.<\/p>\n<h4>Diversit\u00e9 des sacoches repr\u00e9sent\u00e9es<\/h4>\n<p>En choisissant les 83 images, l&rsquo;auteur de \u00ab\u00a0La pipe \u00e0 sac\u00a0\u00bb a veill\u00e9 \u00e0 prendre en compte les pipes \u00e0 sac du plus grand nombre de peuples possible. Le livre contient des sources visuelles de toutes les \u00e9poques des mille derni\u00e8res ann\u00e9es.<\/p>\n<h4>L&rsquo;explication compl\u00e8te des illustrations<\/h4>\n<p>Les illustrations de \u00ab\u00a0La pipe en sac\u00a0\u00bb, dont certaines sont imprim\u00e9es en pleine page, sont expliqu\u00e9es et comment\u00e9es en d\u00e9tail en quatre langues (allemand \/ anglais \/ fran\u00e7ais \/ galicien). L&rsquo;auteur ne s&rsquo;int\u00e9resse pas seulement \u00e0 l&rsquo;instrument repr\u00e9sent\u00e9, mais fournit \u00e9galement des informations passionnantes sur le contexte historique, technique, r\u00e9gional et social.<\/p>\n","protected":false},"excerpt":{"rendered":"<p>Images de l&rsquo;histoire d&rsquo;un instrument populaire europ\u00e9en<\/p>\n","protected":false},"featured_media":4508,"comment_status":"closed","ping_status":"closed","template":"","meta":[],"product_brand":[],"product_cat":[478],"product_tag":[542],"class_list":{"0":"post-3460","1":"product","2":"type-product","3":"status-publish","4":"has-post-thumbnail","6":"product_cat-non-fiction","7":"product_tag-sifflet-de-poche","9":"first","10":"instock","11":"taxable","12":"shipping-taxable","13":"purchasable","14":"product-type-simple"},"_links":{"self":[{"href":"https:\/\/spielleute.de\/fr\/wp-json\/wp\/v2\/product\/3460","targetHints":{"allow":["GET"]}}],"collection":[{"href":"https:\/\/spielleute.de\/fr\/wp-json\/wp\/v2\/product"}],"about":[{"href":"https:\/\/spielleute.de\/fr\/wp-json\/wp\/v2\/types\/product"}],"replies":[{"embeddable":true,"href":"https:\/\/spielleute.de\/fr\/wp-json\/wp\/v2\/comments?post=3460"}],"wp:featuredmedia":[{"embeddable":true,"href":"https:\/\/spielleute.de\/fr\/wp-json\/wp\/v2\/media\/4508"}],"wp:attachment":[{"href":"https:\/\/spielleute.de\/fr\/wp-json\/wp\/v2\/media?parent=3460"}],"wp:term":[{"taxonomy":"product_brand","embeddable":true,"href":"https:\/\/spielleute.de\/fr\/wp-json\/wp\/v2\/product_brand?post=3460"},{"taxonomy":"product_cat","embeddable":true,"href":"https:\/\/spielleute.de\/fr\/wp-json\/wp\/v2\/product_cat?post=3460"},{"taxonomy":"product_tag","embeddable":true,"href":"https:\/\/spielleute.de\/fr\/wp-json\/wp\/v2\/product_tag?post=3460"}],"curies":[{"name":"wp","href":"https:\/\/api.w.org\/{rel}","templated":true}]}}