{"id":3458,"date":"2012-11-23T17:32:50","date_gmt":"2012-11-23T16:32:50","guid":{"rendered":"https:\/\/spielleute.de\/a-deux\/"},"modified":"2012-11-23T17:32:50","modified_gmt":"2012-11-23T16:32:50","slug":"a-deux","status":"publish","type":"product","link":"https:\/\/spielleute.de\/fr\/a-deux\/","title":{"rendered":"A deux"},"content":{"rendered":"<p>D\u00e9couvre \u00ab\u00a0A deux\u00a0\u00bb &#8211; une collection soigneusement compos\u00e9e de 34 morceaux de musique d&rsquo;Allemagne, de Su\u00e8de et de France. Ces arrangements \u00e0 deux voix viennent avec des symboles d&rsquo;accords pour les accompagner et offrent un large \u00e9ventail d&rsquo;exp\u00e9riences musicales. Qu&rsquo;ils soient jou\u00e9s sur deux violons \u00e0 cl\u00e9s, un violon, une fl\u00fbte, un accord\u00e9on, une clarinette ou une guitare, ces morceaux enrichissent ton r\u00e9pertoire musical et t&rsquo;invitent, toi et tes co\u00e9quipiers, \u00e0 un dialogue musical unique.<\/p>\n<p>L&rsquo;auteur a choisi des morceaux qui se distinguent particuli\u00e8rement sur la vi\u00e8le chromatique \u00e0 cl\u00e9s (nyckelharpa) et qui se distinguent par leur facilit\u00e9 de jeu. Mais les violonistes, les guitaristes, les joueurs d&rsquo;accord\u00e9on et de clarinette trouveront aussi dans ces m\u00e9lodies une riche source d&rsquo;inspiration musicale. L&rsquo;accordage optimal des cordes m\u00e9lodiques pour les joueurs de violon \u00e0 cl\u00e9s est recommand\u00e9 directement au-dessus des notes, y compris des suggestions de doigt\u00e9.<\/p>\n<h3>Contenu et diversit\u00e9<\/h3>\n<p>Dans cette collection, tu rencontreras une grande vari\u00e9t\u00e9 de morceaux, des danses traditionnelles aux m\u00e9lodies contemplatives :<\/p>\n<ul>\n<li>Passe-pied de Vieuxville, Marche Jakobus Meiken, Mes faux pas d\u00e9sesp\u00e9r\u00e9s, Le roc de Carlat, et bien d&rsquo;autres classiques europ\u00e9ens.<\/li>\n<li>D\u00e9couvre \u00e9galement Branle d&rsquo;Ecosse, Kost ar c&rsquo;hoat, et Larid\u00e9 vannetais, qui te plongeront dans le monde de la musique \u00e9cossaise et bretonne.<\/li>\n<li>La collection t&#8217;emm\u00e8ne ensuite vers des perles su\u00e9doises comme Innersta friden, Polska efter Sven Donat, et Hoppvals fr\u00e5n Medelpad.<\/li>\n<\/ul>\n<p>Chaque morceau de \u00ab\u00a0A deux\u00a0\u00bb a \u00e9t\u00e9 choisi avec soin pour couvrir un large \u00e9ventail d&rsquo;\u00e9motions et d&rsquo;humeurs que toi et ton partenaire musical pouvez explorer ensemble.<\/p>\n<h3>Invitation \u00e0 un dialogue musical<\/h3>\n<p>\u00ab\u00a0A deux\u00a0\u00bb est plus qu&rsquo;un recueil de notes. C&rsquo;est une invitation \u00e0 d\u00e9couvrir et \u00e0 approfondir le plaisir de jouer de la musique ensemble. Que tu sois un d\u00e9butant ou un musicien exp\u00e9riment\u00e9, ces morceaux offrent suffisamment d&rsquo;espace pour l&rsquo;interpr\u00e9tation et la cr\u00e9ation personnelle. Les symboles d&rsquo;accords fournis te permettent d&rsquo;\u00e9largir la musique avec tes propres accompagnements et de faire ainsi de chaque morceau une partie de ton propre langage musical.<\/p>\n<h3>Ta prochaine \u00e9tape<\/h3>\n<p>Avec \u00ab\u00a0A deux\u00a0\u00bb, tu n&rsquo;as pas seulement acc\u00e8s \u00e0 une s\u00e9lection fascinante de morceaux de musique, mais tu as aussi la possibilit\u00e9 d&rsquo;\u00e9largir tes comp\u00e9tences musicales en jouant avec d&rsquo;autres. Cette collection est un outil pr\u00e9cieux pour tout musicien qui souhaite explorer la profondeur de la complicit\u00e9 dans la musique.<\/p>\n<p>Tu te sens pr\u00eat \u00e0 \u00e9largir tes horizons musicaux et \u00e0 cr\u00e9er des moments musicaux communs ? \u00ab\u00a0A deux\u00a0\u00bb attend de faire partie de ton parcours musical. \u00c9largis ton r\u00e9pertoire, partage ta passion et d\u00e9couvre le plaisir de jouer de la musique ensemble. Obtiens ton exemplaire d\u00e8s maintenant et commence un nouveau chapitre de ton voyage musical &#8211; avec un partenaire, c\u00f4te \u00e0 c\u00f4te.<\/p>\n","protected":false},"excerpt":{"rendered":"<p>34 morceaux de musique d&rsquo;Allemagne, de Su\u00e8de, de France &#8230;<\/p>\n","protected":false},"featured_media":4551,"comment_status":"closed","ping_status":"closed","template":"","meta":[],"product_brand":[],"product_cat":[461],"product_tag":[470,469],"class_list":{"0":"post-3458","1":"product","2":"type-product","3":"status-publish","4":"has-post-thumbnail","6":"product_cat-notes-de-musique","7":"product_tag-bourree-fr","8":"product_tag-partitions-pour-accordeon-diatonique","10":"first","11":"outofstock","12":"taxable","13":"shipping-taxable","14":"purchasable","15":"product-type-simple"},"_links":{"self":[{"href":"https:\/\/spielleute.de\/fr\/wp-json\/wp\/v2\/product\/3458","targetHints":{"allow":["GET"]}}],"collection":[{"href":"https:\/\/spielleute.de\/fr\/wp-json\/wp\/v2\/product"}],"about":[{"href":"https:\/\/spielleute.de\/fr\/wp-json\/wp\/v2\/types\/product"}],"replies":[{"embeddable":true,"href":"https:\/\/spielleute.de\/fr\/wp-json\/wp\/v2\/comments?post=3458"}],"wp:featuredmedia":[{"embeddable":true,"href":"https:\/\/spielleute.de\/fr\/wp-json\/wp\/v2\/media\/4551"}],"wp:attachment":[{"href":"https:\/\/spielleute.de\/fr\/wp-json\/wp\/v2\/media?parent=3458"}],"wp:term":[{"taxonomy":"product_brand","embeddable":true,"href":"https:\/\/spielleute.de\/fr\/wp-json\/wp\/v2\/product_brand?post=3458"},{"taxonomy":"product_cat","embeddable":true,"href":"https:\/\/spielleute.de\/fr\/wp-json\/wp\/v2\/product_cat?post=3458"},{"taxonomy":"product_tag","embeddable":true,"href":"https:\/\/spielleute.de\/fr\/wp-json\/wp\/v2\/product_tag?post=3458"}],"curies":[{"name":"wp","href":"https:\/\/api.w.org\/{rel}","templated":true}]}}