{"id":3451,"date":"2019-08-26T17:33:26","date_gmt":"2019-08-26T15:33:26","guid":{"rendered":"https:\/\/spielleute.de\/cantus-et-tibia-tome-2\/"},"modified":"2024-06-11T17:03:18","modified_gmt":"2024-06-11T15:03:18","slug":"cantus-et-tibia-tome-2","status":"publish","type":"product","link":"https:\/\/spielleute.de\/fr\/cantus-et-tibia-tome-2\/","title":{"rendered":"Cantus et Tibia &#8211; Tome 2"},"content":{"rendered":"<p>\u00ab\u00a0Cantus et Tibia\u00a0\u00bb est la devise de ce recueil de chansons en deux volumes, compil\u00e9 par Hermann Rieth. Cette phrase, qui comprend le chant et le jeu de fl\u00fbte (ou plus g\u00e9n\u00e9ralement d&rsquo;instruments \u00e0 vent), introduit un voyage musical qui va des origines du haut Moyen \u00c2ge \u00e0 nos jours. Sp\u00e9cialement con\u00e7u pour les sacqueboutes H\u00fcmmelchen et Dudey en accord C\/F, le volume 2 ouvre une fen\u00eatre sur un monde o\u00f9 tradition et contemporan\u00e9it\u00e9 se c\u00f4toient harmonieusement.<\/p>\n<h3>Polyvalence dans le choix des instruments<\/h3>\n<p>La collection \u00ab\u00a0Cantus et Tibia &#8211; Volume 2\u00a0\u00bb met l&rsquo;accent sur la polyvalence de H\u00fcmmelchen et Dudey, mais aussi sur l&rsquo;ouverture \u00e0 d&rsquo;autres instruments m\u00e9lodiques tels que les fl\u00fbtes \u00e0 bec, les violons ou m\u00eame les cors de gemme et les cornemuses. Les compositions et les arrangements tiennent compte de la sonorit\u00e9 particuli\u00e8re de ces instruments, port\u00e9e par un bourdon, mais s&rsquo;adaptent aussi merveilleusement \u00e0 la voix humaine.<\/p>\n<h3>Diversit\u00e9 et libert\u00e9 musicales<\/h3>\n<p>Cette collection s&rsquo;\u00e9tend de l&rsquo;\u00e9poque baroque aux chansons du 18e si\u00e8cle et du 20e si\u00e8cle. Chaque morceau de \u00ab\u00a0Cantus et Tibia &#8211; Volume 2\u00a0\u00bb ouvre la possibilit\u00e9 d&rsquo;interpr\u00e9ter la musique \u00e0 sa mani\u00e8re, que ce soit en jouant sur diff\u00e9rents instruments, en adaptant les m\u00e9lodies ou en inventant ses propres accompagnements.<\/p>\n<h3>La signification de H\u00fcmmelchen et Dudey<\/h3>\n<p>H\u00fcmmelchen et Dudey, d\u00e9crits avec force d\u00e9tails par Michael Praetorius au d\u00e9but du XVIIe si\u00e8cle, se r\u00e9v\u00e8lent \u00eatre les compagnons id\u00e9aux de ce voyage musical dans le temps. Leur douce pr\u00e9sence s&rsquo;accorde non seulement avec la musique de leur \u00e2ge d&rsquo;or, mais aussi avec des \u0153uvres d&rsquo;\u00e9poques ant\u00e9rieures et post\u00e9rieures, ce qui souligne le charme intemporel de ces instruments.<\/p>\n<h3>Un compendium musical<\/h3>\n<p>\u00ab\u00a0Cantus et Tibia &#8211; Volume 2\u00a0\u00bb est une invitation \u00e0 d\u00e9couvrir les multiples univers sonores des houppelandes, dudeys et autres instruments historiques et \u00e0 leur donner vie en faisant appel \u00e0 votre propre cr\u00e9ativit\u00e9. Ce livret est un outil indispensable pour tous ceux qui appr\u00e9cient le lien profond entre l&rsquo;histoire, la musique et la pratique musicale collective.<\/p>\n","protected":false},"excerpt":{"rendered":"<p>Chansons avec accompagnement rassembl\u00e9es par Hermann Rieth<\/p>\n","protected":false},"featured_media":4502,"comment_status":"closed","ping_status":"closed","template":"","meta":[],"product_brand":[],"product_cat":[461],"product_tag":[468,497,467,496],"class_list":{"0":"post-3451","1":"product","2":"type-product","3":"status-publish","4":"has-post-thumbnail","6":"product_cat-notes-de-musique","7":"product_tag-musique-ancienne","8":"product_tag-musique-baroque","9":"product_tag-musique-de-bord","10":"product_tag-partitions-pour-hummelchen-et-dudey","11":"pa_b035_a01_b037-hermann-rieth-fr","13":"first","14":"instock","15":"taxable","16":"shipping-taxable","17":"purchasable","18":"product-type-simple"},"_links":{"self":[{"href":"https:\/\/spielleute.de\/fr\/wp-json\/wp\/v2\/product\/3451","targetHints":{"allow":["GET"]}}],"collection":[{"href":"https:\/\/spielleute.de\/fr\/wp-json\/wp\/v2\/product"}],"about":[{"href":"https:\/\/spielleute.de\/fr\/wp-json\/wp\/v2\/types\/product"}],"replies":[{"embeddable":true,"href":"https:\/\/spielleute.de\/fr\/wp-json\/wp\/v2\/comments?post=3451"}],"wp:featuredmedia":[{"embeddable":true,"href":"https:\/\/spielleute.de\/fr\/wp-json\/wp\/v2\/media\/4502"}],"wp:attachment":[{"href":"https:\/\/spielleute.de\/fr\/wp-json\/wp\/v2\/media?parent=3451"}],"wp:term":[{"taxonomy":"product_brand","embeddable":true,"href":"https:\/\/spielleute.de\/fr\/wp-json\/wp\/v2\/product_brand?post=3451"},{"taxonomy":"product_cat","embeddable":true,"href":"https:\/\/spielleute.de\/fr\/wp-json\/wp\/v2\/product_cat?post=3451"},{"taxonomy":"product_tag","embeddable":true,"href":"https:\/\/spielleute.de\/fr\/wp-json\/wp\/v2\/product_tag?post=3451"}],"curies":[{"name":"wp","href":"https:\/\/api.w.org\/{rel}","templated":true}]}}