{"id":3449,"date":"2019-08-26T17:31:12","date_gmt":"2019-08-26T15:31:12","guid":{"rendered":"https:\/\/spielleute.de\/41-duos-pour-hummelchen-et-dudey\/"},"modified":"2025-04-30T16:25:03","modified_gmt":"2025-04-30T14:25:03","slug":"41-duos-pour-hummelchen-et-dudey","status":"publish","type":"product","link":"https:\/\/spielleute.de\/fr\/41-duos-pour-hummelchen-et-dudey\/","title":{"rendered":"41 duos pour H\u00fcmmelchen et Dudey"},"content":{"rendered":"<p>La collection \u00ab\u00a041 Duettes f\u00fcr H\u00fcmmelchen und Dudey\u00a0\u00bb est une excellente fa\u00e7on d&rsquo;\u00e9largir le r\u00e9pertoire pour les sacqueboutes H\u00fcmmelchen et Dudey en accordage do\/f.<\/p>\n<h3>Origine et inspiration<\/h3>\n<p>L&rsquo;origine de la collection remonte \u00e0 la pratique de la musique en commun &#8211; \u00e0 la maison avec des amis, en classe et lors de petites auditions. En cons\u00e9quence, la collection comprend des pi\u00e8ces courtes et faciles, ainsi que des pi\u00e8ces qui n\u00e9cessitent de la pratique. Avec les \u00ab\u00a041 duos pour H\u00fcmmelchen et Dudey\u00a0\u00bb, nous sommes transport\u00e9s du haut Moyen \u00c2ge jusqu&rsquo;\u00e0 notre \u00e9poque.  <\/p>\n<h3>L&rsquo;originalit\u00e9 du jeu en duo<\/h3>\n<p>Jouer des duos avec deux sacqueboutes, comme le pr\u00e9voit 41 duos pour H\u00fcmmelchen et Dudey, offre un attrait particulier. Pour certaines musiques, jouer dans deux registres diff\u00e9rents (par exemple soprano et alto) ouvre des possibilit\u00e9s sonores tr\u00e8s diff\u00e9rentes.<\/p>\n<p>La cornemuse et le cromorne se r\u00e9v\u00e8lent proches de la cornemuse en termes de sonorit\u00e9, tandis que le gemshorn et la fl\u00fbte \u00e0 bec se distinguent nettement par leur articulation et leur timbre. Les \u00ab\u00a041 duos pour H\u00fcmmelchen et Dudey\u00a0\u00bb montrent que cette combinaison existe encore de nos jours dans la musique traditionnelle : par exemple Charamella et Zampogna en Sicile ou Bombarde et Binu en Bretagne.<\/p>\n<h3>Libert\u00e9 de choix de la musique et de l&rsquo;instrumentation<\/h3>\n<p>Avec les \u00ab\u00a041 duos pour H\u00fcmmelchen et Dudey\u00a0\u00bb, les diff\u00e9rentes positions des instruments peuvent \u00eatre utilis\u00e9es de mani\u00e8re cibl\u00e9e, comme par exemple les fl\u00fbtes qui sonnent une octave plus haut. Dans la musique primitive comme dans la musique traditionnelle, on ne trouve aucune indication sur l&rsquo;instrumentation, ce qui nous donne la libert\u00e9 de choisir nous-m\u00eames ce qui nous pla\u00eet avec cette collection. <\/p>\n<h3>Pourquoi \u00ab\u00a041 duos pour H\u00fcmmelchen et Dudey\u00a0\u00bb est un must<\/h3>\n<p>Les \u00ab\u00a041 duos pour H\u00fcmmelchen et Dudey\u00a0\u00bb proposent un r\u00e9pertoire vari\u00e9 qui conviendra aussi bien aux d\u00e9butants qu&rsquo;aux joueurs confirm\u00e9s. La possibilit\u00e9 de jouer des duos dans diff\u00e9rentes tonalit\u00e9s ouvre de nouvelles dimensions sonores. De plus, la collection offre une libert\u00e9 d&rsquo;instrumentation et des possibilit\u00e9s d&rsquo;extension cr\u00e9ative gr\u00e2ce \u00e0 des pr\u00e9ludes, des interludes et des postludes, ainsi que l&rsquo;utilisation de formes musicales m\u00e9di\u00e9vales.<\/p>\n<p>Des histoires de fond et des anecdotes int\u00e9ressantes sur de nombreux morceaux de \u00ab\u00a041 Duettes f\u00fcr H\u00fcmmelchen und Dudey\u00a0\u00bb enrichissent votre voyage musical et offrent de nouvelles perspectives sur les morceaux.<\/p>\n","protected":false},"excerpt":{"rendered":"<p>Duos &#8211; am\u00e9nag\u00e9s pour H\u00fcmmelchen, Dudey et de nombreux autres instruments. Rassembl\u00e9 par Hermann Rieth <\/p>\n","protected":false},"featured_media":4478,"comment_status":"closed","ping_status":"closed","template":"","meta":[],"product_brand":[],"product_cat":[461],"product_tag":[468,495,496],"class_list":{"0":"post-3449","1":"product","2":"type-product","3":"status-publish","4":"has-post-thumbnail","6":"product_cat-notes-de-musique","7":"product_tag-musique-ancienne","8":"product_tag-partitions-pour-cornemuse","9":"product_tag-partitions-pour-hummelchen-et-dudey","10":"pa_b035_a01_b037-hermann-rieth-fr","12":"first","13":"outofstock","14":"taxable","15":"shipping-taxable","16":"purchasable","17":"product-type-simple"},"_links":{"self":[{"href":"https:\/\/spielleute.de\/fr\/wp-json\/wp\/v2\/product\/3449","targetHints":{"allow":["GET"]}}],"collection":[{"href":"https:\/\/spielleute.de\/fr\/wp-json\/wp\/v2\/product"}],"about":[{"href":"https:\/\/spielleute.de\/fr\/wp-json\/wp\/v2\/types\/product"}],"replies":[{"embeddable":true,"href":"https:\/\/spielleute.de\/fr\/wp-json\/wp\/v2\/comments?post=3449"}],"wp:featuredmedia":[{"embeddable":true,"href":"https:\/\/spielleute.de\/fr\/wp-json\/wp\/v2\/media\/4478"}],"wp:attachment":[{"href":"https:\/\/spielleute.de\/fr\/wp-json\/wp\/v2\/media?parent=3449"}],"wp:term":[{"taxonomy":"product_brand","embeddable":true,"href":"https:\/\/spielleute.de\/fr\/wp-json\/wp\/v2\/product_brand?post=3449"},{"taxonomy":"product_cat","embeddable":true,"href":"https:\/\/spielleute.de\/fr\/wp-json\/wp\/v2\/product_cat?post=3449"},{"taxonomy":"product_tag","embeddable":true,"href":"https:\/\/spielleute.de\/fr\/wp-json\/wp\/v2\/product_tag?post=3449"}],"curies":[{"name":"wp","href":"https:\/\/api.w.org\/{rel}","templated":true}]}}