{"id":3446,"date":"2019-07-23T17:31:51","date_gmt":"2019-07-23T15:31:51","guid":{"rendered":"https:\/\/spielleute.de\/fantaisies-dorlando-gibbons\/"},"modified":"2024-06-11T17:03:13","modified_gmt":"2024-06-11T15:03:13","slug":"fantaisies-dorlando-gibbons","status":"publish","type":"product","link":"https:\/\/spielleute.de\/fr\/fantaisies-dorlando-gibbons\/","title":{"rendered":"Fantaisies d&rsquo;Orlando Gibbons"},"content":{"rendered":"<p>Plongez dans l&rsquo;univers de la Renaissance avec les \u00ab\u00a0Fantasies by Orlando Gibbons\u00a0\u00bb, magistralement arrang\u00e9es. Cette collection exclusive, amoureusement adapt\u00e9e pour le nyckelharpa par Caterina Other et Marco Ambrosini, propose un voyage musical unique \u00e0 travers les fantaisies \u00e0 deux, trois et six parties du c\u00e9l\u00e8bre compositeur de l&rsquo;\u00e9poque Tudor et du d\u00e9but de l&rsquo;\u00e8re jacobine.<\/p>\n<h3>Orlando Gibbons : un g\u00e9nie musical de la Renaissance<\/h3>\n<p>Orlando Gibbons, n\u00e9 en 1583 et baptis\u00e9 le jour de No\u00ebl, \u00e9tait un virginaliste et organiste hors pair de son \u00e9poque. En tant que membre de la Chapelle royale et organiste \u00e0 l&rsquo;abbaye de Westminster, Gibbons a laiss\u00e9 un h\u00e9ritage musical impressionnant qui r\u00e9sonne encore aujourd&rsquo;hui. Ses \u0153uvres, dont de c\u00e9l\u00e8bres fantaisies pour violes de gambe, des madrigaux et des hymnes, t\u00e9moignent de son talent exceptionnel et de sa polyvalence en tant que compositeur.<\/p>\n<h3>La nyckelharpa : un instrument charg\u00e9 d&rsquo;histoire<\/h3>\n<p>La nyckelharpa, \u00e9galement connue sous le nom de vi\u00e8le \u00e0 clefs ou viole d&rsquo;amour a chiavi, est un instrument \u00e0 cordes traditionnel su\u00e9dois \u00e0 l&rsquo;histoire riche. Avec son timbre unique et sa capacit\u00e9 \u00e0 produire des textures polyphoniques complexes, elle est parfaitement adapt\u00e9e \u00e0 l&rsquo;interpr\u00e9tation des \u00ab\u00a0Fantasies by Orlando Gibbons\u00a0\u00bb.<\/p>\n<h3>Pourquoi la musique de Gibbons sur la nyckelharpa ?<\/h3>\n<p>Michael Praetorius a d\u00e9crit dans son ouvrage \u00ab\u00a0Syntagma Musicum, Tomus Secundus\u00a0\u00bb un instrument anglais aux cordes sympathiques, qui augmente la suavit\u00e9 de l&rsquo;harmonie gr\u00e2ce \u00e0 ses cordes r\u00e9sonnantes. Ce principe trouve son prolongement dans le nyckelharpa moderne, donnant vie aux fantaisies polyphoniques et aux formes de danse de Gibbons d&rsquo;une mani\u00e8re passionnante.<\/p>\n<h3>\u00ab\u00a0Fantasies by Orlando Gibbons\u00a0\u00bb est sp\u00e9cialement arrang\u00e9 pour le nyckelharpa.<\/h3>\n<p>Caterina Other et Marco Ambrosini ont soigneusement arrang\u00e9 les fantaisies de Gibbons pour le nyckelharpa \u00e0 4 rangs. Cette \u00e9dition prend en compte les accords et les variantes d&rsquo;instruments traditionnels et modernes et a \u00e9t\u00e9 con\u00e7ue pour exploiter pleinement les possibilit\u00e9s de cet instrument unique. Avec diff\u00e9rentes cl\u00e9s de sol adapt\u00e9es aux besoins sp\u00e9cifiques du nyckelharpa, la collection \u00ab\u00a0Fantasies by Orlando Gibbons\u00a0\u00bb permet une ex\u00e9cution authentique et expressive.<\/p>\n<h3>Partager un h\u00e9ritage musical<\/h3>\n<p>Apr\u00e8s des ann\u00e9es de pratique de l&rsquo;interpr\u00e9tation, Other et Ambrosini ont d\u00e9cid\u00e9 de partager leurs connaissances et leur amour de cette musique. Cette publication sert non seulement d&rsquo;hommage \u00e0 Orlando Gibbons, mais aussi de pont entre la pratique musicale historique et les musiciens contemporains qui se consacrent \u00e0 la nyckelharpa.<\/p>\n<h3>\u00c0 qui s&rsquo;adresse cette collection ?<\/h3>\n<p>Que vous soyez un joueur de nyckelharpa exp\u00e9riment\u00e9 souhaitant \u00e9largir son r\u00e9pertoire ou un amateur de musique ancienne \u00e0 la recherche de nouveaux univers sonores, \u00ab\u00a0Fantasies by Orlando Gibbons\u00a0\u00bb vous offre une exp\u00e9rience musicale incomparable. Plongez dans la complexit\u00e9 et la beaut\u00e9 de l&rsquo;\u0153uvre de Gibbons, pr\u00e9sent\u00e9e sur un instrument capable, comme aucun autre, de saisir la profondeur et la diversit\u00e9 de cette musique.<\/p>\n","protected":false},"excerpt":{"rendered":"<p>FANTASIES de TWO, THREE &amp; SIX PARTS<\/p>\n<p>Arrang\u00e9 pour nyckelharpa \/ viole de gambe \/ viole d&rsquo;amour a chiavi par Caterina Other &amp; Marco Ambrosini<\/p>\n","protected":false},"featured_media":4581,"comment_status":"closed","ping_status":"closed","template":"","meta":[],"product_brand":[],"product_cat":[461],"product_tag":[468,497,467,539],"class_list":{"0":"post-3446","1":"product","2":"type-product","3":"status-publish","4":"has-post-thumbnail","6":"product_cat-notes-de-musique","7":"product_tag-musique-ancienne","8":"product_tag-musique-baroque","9":"product_tag-musique-de-bord","10":"product_tag-renaissance-fr","11":"pa_b035_a01_b037-marco-ambrosini","13":"first","14":"instock","15":"taxable","16":"shipping-taxable","17":"purchasable","18":"product-type-simple"},"_links":{"self":[{"href":"https:\/\/spielleute.de\/fr\/wp-json\/wp\/v2\/product\/3446","targetHints":{"allow":["GET"]}}],"collection":[{"href":"https:\/\/spielleute.de\/fr\/wp-json\/wp\/v2\/product"}],"about":[{"href":"https:\/\/spielleute.de\/fr\/wp-json\/wp\/v2\/types\/product"}],"replies":[{"embeddable":true,"href":"https:\/\/spielleute.de\/fr\/wp-json\/wp\/v2\/comments?post=3446"}],"wp:featuredmedia":[{"embeddable":true,"href":"https:\/\/spielleute.de\/fr\/wp-json\/wp\/v2\/media\/4581"}],"wp:attachment":[{"href":"https:\/\/spielleute.de\/fr\/wp-json\/wp\/v2\/media?parent=3446"}],"wp:term":[{"taxonomy":"product_brand","embeddable":true,"href":"https:\/\/spielleute.de\/fr\/wp-json\/wp\/v2\/product_brand?post=3446"},{"taxonomy":"product_cat","embeddable":true,"href":"https:\/\/spielleute.de\/fr\/wp-json\/wp\/v2\/product_cat?post=3446"},{"taxonomy":"product_tag","embeddable":true,"href":"https:\/\/spielleute.de\/fr\/wp-json\/wp\/v2\/product_tag?post=3446"}],"curies":[{"name":"wp","href":"https:\/\/api.w.org\/{rel}","templated":true}]}}