{"id":3445,"date":"2018-10-04T17:33:26","date_gmt":"2018-10-04T15:33:26","guid":{"rendered":"https:\/\/spielleute.de\/nyckelharpa-up-down\/"},"modified":"2024-06-11T17:03:08","modified_gmt":"2024-06-11T15:03:08","slug":"nyckelharpa-up-down","status":"publish","type":"product","link":"https:\/\/spielleute.de\/fr\/nyckelharpa-up-down\/","title":{"rendered":"Nyckelharpa Up &amp; Down"},"content":{"rendered":"<p>Juste \u00e0 temps pour les journ\u00e9es internationales de nyckelharpa au ch\u00e2teau de F\u00fcrsteneck en octobre 2018, notre manuel d&rsquo;apprentissage innovant \u00ab\u00a0Nyckelharpa Up &amp; Down\u00a0\u00bb a \u00e9t\u00e9 publi\u00e9. Cette \u0153uvre vous ouvre les portes du monde fascinant de la nyckelharpa, un instrument qui enchante par son timbre unique. Pour ceux qui souhaitent faire vivre pleinement la diversit\u00e9 sonore de la nyckelharpa, ce livre est un tr\u00e9sor de sagesse et d&rsquo;instructions pratiques.<\/p>\n<h3>Des bases \u00e0 la ma\u00eetrise<\/h3>\n<p>Dans la premi\u00e8re partie du livre \u00ab\u00a0Nyckelharpa Up &amp; Down\u00a0\u00bb, vous vous plongez dans les principes de base d&rsquo;un archet judicieux et musical. Vous y apprendrez comment un savant encha\u00eenement de coups de pinceau et de coups d&rsquo;archet permet non seulement d&rsquo;enrichir la musique, mais aussi d&rsquo;impliquer le corps et la gravit\u00e9 et d&rsquo;utiliser les propri\u00e9t\u00e9s particuli\u00e8res de l&rsquo;archet. En plus de la pr\u00e9sentation de patterns de traits courants, vous aurez un aper\u00e7u profond des enseignements du c\u00e9l\u00e8bre professeur de violon Leopold Mozart. Ses r\u00e8gles, vieilles de plus de 260 ans, tir\u00e9es de l&rsquo;\u00e9cole de violon Gr\u00fcndliche Violinschule, sont encore aujourd&rsquo;hui une source d&rsquo;inspiration in\u00e9puisable.<\/p>\n<h3>Un ouvrage pour les d\u00e9butants et les personnes en reconversion<\/h3>\n<p>Le livre \u00ab\u00a0Nyckelharpa Up &amp; Down\u00a0\u00bb s&rsquo;adresse aussi bien aux cordes qui passent du violon ou de l&rsquo;alto au nyckelharpa qu&rsquo;aux d\u00e9butants absolus en nyckelharpa. Pour les \u00ab\u00a0non-cordistes\u00a0\u00bb, il offre un guide complet pour ma\u00eetriser les techniques essentielles de l&rsquo;archet et r\u00e9pondre habilement aux questions cruciales sur les ascendants et les descendants. Il s&rsquo;agit \u00e0 la fois d&rsquo;un guide d&rsquo;utilisation de l&rsquo;archet et d&rsquo;un livre de jeu, dont presque tous les morceaux de musique sont accompagn\u00e9s d&rsquo;accords pour jouer avec une guitare, un piano ou un accord\u00e9on.<\/p>\n<h3>R\u00e9pertoire vari\u00e9<\/h3>\n<p>L&rsquo;\u00e9ventail stylistique du livre \u00ab\u00a0Nyckelharpa Up &amp; Down\u00a0\u00bb s&rsquo;\u00e9tend de la musique classique \u00e0 diff\u00e9rentes \u00e9poques et au folklore international. Il convient donc parfaitement aux joueurs qui recherchent un mat\u00e9riel de jeu facile \u00e0 moyennement difficile tout en \u00e9largissant leur horizon musical. Tous les morceaux sont sp\u00e9cialement arrang\u00e9s pour la nyckelharpa afin de tirer pleinement parti du son unique de l&rsquo;instrument.<\/p>\n<h4>Instructions et conseils pratiques<\/h4>\n<p>Un \u00e9l\u00e9ment central de l&rsquo;ouvrage \u00ab\u00a0Nyckelharpa Up &amp; Down\u00a0\u00bb est l&rsquo;explication d\u00e9taill\u00e9e de la technique de l&rsquo;\u00e9l\u00e9vation et de l&rsquo;abaissement, soutenue par de riches indications sur la composition des traits. Cela permet une visibilit\u00e9 claire des principes de base dans chaque pi\u00e8ce. En compl\u00e9ment, une liste de patrons fournit des formes de traits fr\u00e9quemment utilis\u00e9es, tandis que les conseils de Leopold Mozart offrent un aper\u00e7u profond de l&rsquo;histoire et de la technique du maniement de l&rsquo;archet.<\/p>\n<p>Pr\u00e9parez-vous \u00e0 porter votre jeu de nyckelharpa \u00e0 un nouveau niveau gr\u00e2ce \u00e0 ce manuel d&rsquo;apprentissage. Que vous soyez un joueur de cordes exp\u00e9riment\u00e9 qui passe \u00e0 la nyckelharpa ou un d\u00e9butant ambitieux, ce livre sera votre fid\u00e8le compagnon sur le chemin de la ma\u00eetrise.<\/p>\n","protected":false},"excerpt":{"rendered":"<p>Les bases de l&rsquo;ascendance et de la descendance ainsi que 64 m\u00e9lodies pour nyckelharpa &amp; accompagnement<\/p>\n","protected":false},"featured_media":4376,"comment_status":"closed","ping_status":"closed","template":"","meta":[],"product_brand":[],"product_cat":[478],"product_tag":[502,1059],"class_list":{"0":"post-3445","1":"product","2":"type-product","3":"status-publish","4":"has-post-thumbnail","6":"product_cat-non-fiction","7":"product_tag-apprendre-a-jouer-du-nyckelharpa","8":"product_tag-musique-traditionnelle","10":"first","11":"outofstock","12":"taxable","13":"shipping-taxable","14":"purchasable","15":"product-type-simple"},"_links":{"self":[{"href":"https:\/\/spielleute.de\/fr\/wp-json\/wp\/v2\/product\/3445","targetHints":{"allow":["GET"]}}],"collection":[{"href":"https:\/\/spielleute.de\/fr\/wp-json\/wp\/v2\/product"}],"about":[{"href":"https:\/\/spielleute.de\/fr\/wp-json\/wp\/v2\/types\/product"}],"replies":[{"embeddable":true,"href":"https:\/\/spielleute.de\/fr\/wp-json\/wp\/v2\/comments?post=3445"}],"wp:featuredmedia":[{"embeddable":true,"href":"https:\/\/spielleute.de\/fr\/wp-json\/wp\/v2\/media\/4376"}],"wp:attachment":[{"href":"https:\/\/spielleute.de\/fr\/wp-json\/wp\/v2\/media?parent=3445"}],"wp:term":[{"taxonomy":"product_brand","embeddable":true,"href":"https:\/\/spielleute.de\/fr\/wp-json\/wp\/v2\/product_brand?post=3445"},{"taxonomy":"product_cat","embeddable":true,"href":"https:\/\/spielleute.de\/fr\/wp-json\/wp\/v2\/product_cat?post=3445"},{"taxonomy":"product_tag","embeddable":true,"href":"https:\/\/spielleute.de\/fr\/wp-json\/wp\/v2\/product_tag?post=3445"}],"curies":[{"name":"wp","href":"https:\/\/api.w.org\/{rel}","templated":true}]}}