{"id":3442,"date":"2019-06-07T17:33:26","date_gmt":"2019-06-07T15:33:26","guid":{"rendered":"https:\/\/spielleute.de\/accordeon-diatonique-tome-1\/"},"modified":"2025-04-17T10:56:03","modified_gmt":"2025-04-17T08:56:03","slug":"accordeon-diatonique-tome-1","status":"publish","type":"product","link":"https:\/\/spielleute.de\/fr\/accordeon-diatonique-tome-1\/","title":{"rendered":"Accord\u00e9on diatonique &#8211; Tome 1"},"content":{"rendered":"<p class=\"\" data-start=\"371\" data-end=\"790\">Ce livre est fait pour toi si tu prends en main un accord\u00e9on diatonique et que tu veux te lancer &#8211; sans te torturer avec des poids th\u00e9oriques. Le musicien et p\u00e9dagogue fran\u00e7ais Yann Dour a \u00e9crit avec \u00ab\u00a0Accord\u00e9on diatonique &#8211; volume 1\u00a0\u00bb un manuel d&rsquo;apprentissage pratique qui a fait ses preuves depuis des d\u00e9cennies. Il t&rsquo;apprend les bases de mani\u00e8re ludique en gardant toujours une chose en t\u00eate : le plaisir de la musique.  <\/p>\n<h3 class=\"\" data-start=\"792\" data-end=\"819\">Apprendre avec l&rsquo;oreille et le c\u0153ur<\/h3>\n<p class=\"\" data-start=\"821\" data-end=\"1157\">L&rsquo;approche de Yann Dour est claire : la musique doit sonner. Au lieu de simples exercices techniques, tu trouveras dans ce livre plus de 40 morceaux traditionnels qui te permettront de d\u00e9velopper ta technique de jeu en passant. Il s&rsquo;agit de danses comme la polka, le hanter dro, la valse, l&rsquo;en dro et la mazurka &#8211; beaucoup d&rsquo;entre elles proviennent de Bretagne, mais aussi d&rsquo;autres r\u00e9gions europ\u00e9ennes.  <\/p>\n<p class=\"\" data-start=\"1159\" data-end=\"1420\">Ce qui rend l&rsquo;apprentissage particuli\u00e8rement agr\u00e9able : les exercices et les morceaux sont munis de codes QR. Scanne-les avec ton smartphone ou ta tablette, et tu peux \u00e9couter imm\u00e9diatement comment cela doit sonner. Cela t&rsquo;aide \u00e0 t&rsquo;entra\u00eener, te motive &#8211; et te permet d&rsquo;atteindre ton objectif plus rapidement.  <\/p>\n<h3 class=\"\" data-start=\"1422\" data-end=\"1464\">Un contenu qui te fait vraiment avancer<\/h3>\n<p class=\"\" data-start=\"1466\" data-end=\"1538\">La premi\u00e8re partie du livre t&rsquo;enseigne de mani\u00e8re facile \u00e0 comprendre :<\/p>\n<ul data-start=\"1539\" data-end=\"1763\">\n<li class=\"\" data-start=\"1539\" data-end=\"1573\">\n<p class=\"\" data-start=\"1541\" data-end=\"1573\">comment fonctionne l&rsquo;accord\u00e9on<\/p>\n<\/li>\n<li class=\"\" data-start=\"1574\" data-end=\"1619\">\n<p class=\"\" data-start=\"1576\" data-end=\"1619\">ce \u00e0 quoi tu dois faire attention lors de la tenue<\/p>\n<\/li>\n<li class=\"\" data-start=\"1620\" data-end=\"1672\">\n<p class=\"\" data-start=\"1622\" data-end=\"1672\">comment tu travailles avec la main gauche et la main droite<\/p>\n<\/li>\n<li class=\"\" data-start=\"1673\" data-end=\"1720\">\n<p class=\"\" data-start=\"1675\" data-end=\"1720\">comment le rythme et la longueur des notes sont li\u00e9s<\/p>\n<\/li>\n<li class=\"\" data-start=\"1721\" data-end=\"1763\">\n<p class=\"\" data-start=\"1723\" data-end=\"1763\">et ce qui fait un style personnel<\/p>\n<\/li>\n<\/ul>\n<p class=\"\" data-start=\"1765\" data-end=\"1919\">En plus, tu recevras de nombreux conseils pour choisir ton instrument &#8211; de la question de savoir combien de rang\u00e9es il doit avoir, \u00e0 la tonalit\u00e9, en passant par le bon accordage.<\/p>\n<h3 class=\"\" data-start=\"1921\" data-end=\"1976\">Des tablatures claires &#8211; id\u00e9al m\u00eame sans connaissance du solf\u00e8ge<\/h3>\n<p class=\"\" data-start=\"1978\" data-end=\"2267\">Particuli\u00e8rement pratique : Yann Dour utilise une \u00e9criture tablature qui te permet de te lancer imm\u00e9diatement, m\u00eame sans savoir lire la musique. Pour chaque touche et chaque mouvement de soufflet, il est clairement indiqu\u00e9 ce qu&rsquo;il faut faire. C&rsquo;est particuli\u00e8rement utile si tu apprends en autodidacte ou si tu n&rsquo;as pas encore d&rsquo;exp\u00e9rience en mati\u00e8re de solf\u00e8ge.  <\/p>\n<h3 class=\"\" data-start=\"2269\" data-end=\"2314\">Une musique qui fait plaisir &#8211; d\u00e8s la premi\u00e8re note<\/h3>\n<p class=\"\" data-start=\"2316\" data-end=\"2584\">Le livre est con\u00e7u de mani\u00e8re \u00e0 ce que tu commences \u00e0 jouer directement &#8211; avec de petits succ\u00e8s \u00e0 chaque page. Tu commences par des exercices et des morceaux simples, puis tu augmentes petit \u00e0 petit. Petit \u00e0 petit, tu d\u00e9veloppes le sens du rythme, de l&rsquo;accompagnement et de la m\u00e9lodie.  <\/p>\n<p class=\"\" data-start=\"2586\" data-end=\"2850\">Les morceaux sont soigneusement s\u00e9lectionn\u00e9s et vont de simples chansons pour enfants \u00e0 la musique folk dansante. Tu remarqueras comment tes mains deviennent plus s\u00fbres, comment l&rsquo;interaction entre la basse et la m\u00e9lodie fonctionne &#8211; et combien il est agr\u00e9able de faire de la musique soi-m\u00eame. <\/p>\n<h3 class=\"\" data-start=\"2852\" data-end=\"2907\">Pour les accord\u00e9ons G\/C &#8211; mais flexible dans son utilisation<\/h3>\n<p class=\"\" data-start=\"2909\" data-end=\"3183\">Le r\u00e9pertoire dans le livre est not\u00e9 pour les instruments en sol\/c. Mais les tablatures fonctionnent aussi pour d&rsquo;autres tonalit\u00e9s &#8211; tant que tu transposes les accords de la main gauche en cons\u00e9quence. Tu peux donc utiliser le livre m\u00eame si tu joues par exemple d&rsquo;un instrument en r\u00e9\/sol ou en la\/non.<\/p>\n","protected":false},"excerpt":{"rendered":"<p>Manuel d&rsquo;apprentissage pour d\u00e9butants avec exemples audio<\/p>\n","protected":false},"featured_media":5327,"comment_status":"closed","ping_status":"closed","template":"","meta":[],"product_brand":[],"product_cat":[484],"product_tag":[466,516,514,1059,469,463],"class_list":{"0":"post-3442","1":"product","2":"type-product","3":"status-publish","4":"has-post-thumbnail","6":"product_cat-manuel-denseignement","7":"product_tag-a-dro","8":"product_tag-apprendre-a-jouer-de-laccordeon-diatonique","9":"product_tag-musique-bretonne","10":"product_tag-musique-traditionnelle","11":"product_tag-partitions-pour-accordeon-diatonique","12":"product_tag-partitions-pour-bal-folk","13":"pa_b035_a01_b037-dour-yann-fr","15":"first","16":"instock","17":"featured","18":"taxable","19":"shipping-taxable","20":"purchasable","21":"product-type-simple"},"_links":{"self":[{"href":"https:\/\/spielleute.de\/fr\/wp-json\/wp\/v2\/product\/3442","targetHints":{"allow":["GET"]}}],"collection":[{"href":"https:\/\/spielleute.de\/fr\/wp-json\/wp\/v2\/product"}],"about":[{"href":"https:\/\/spielleute.de\/fr\/wp-json\/wp\/v2\/types\/product"}],"replies":[{"embeddable":true,"href":"https:\/\/spielleute.de\/fr\/wp-json\/wp\/v2\/comments?post=3442"}],"wp:featuredmedia":[{"embeddable":true,"href":"https:\/\/spielleute.de\/fr\/wp-json\/wp\/v2\/media\/5327"}],"wp:attachment":[{"href":"https:\/\/spielleute.de\/fr\/wp-json\/wp\/v2\/media?parent=3442"}],"wp:term":[{"taxonomy":"product_brand","embeddable":true,"href":"https:\/\/spielleute.de\/fr\/wp-json\/wp\/v2\/product_brand?post=3442"},{"taxonomy":"product_cat","embeddable":true,"href":"https:\/\/spielleute.de\/fr\/wp-json\/wp\/v2\/product_cat?post=3442"},{"taxonomy":"product_tag","embeddable":true,"href":"https:\/\/spielleute.de\/fr\/wp-json\/wp\/v2\/product_tag?post=3442"}],"curies":[{"name":"wp","href":"https:\/\/api.w.org\/{rel}","templated":true}]}}