{"id":3441,"date":"2018-10-01T17:33:26","date_gmt":"2018-10-01T15:33:26","guid":{"rendered":"https:\/\/spielleute.de\/johann-sebastian-bach-inventions-a-deux-voix\/"},"modified":"2025-04-17T10:56:11","modified_gmt":"2025-04-17T08:56:11","slug":"johann-sebastian-bach-inventions-a-deux-voix","status":"publish","type":"product","link":"https:\/\/spielleute.de\/fr\/johann-sebastian-bach-inventions-a-deux-voix\/","title":{"rendered":"Johann Sebastian Bach : Inventions \u00e0 deux voix"},"content":{"rendered":"<p>Nos \u00ab\u00a0Jean-S\u00e9bastien Bach : Inventions \u00e0 deux voix\u00a0\u00bb, sp\u00e9cialement arrang\u00e9es pour le nyckelharpa, vous invitent \u00e0 d\u00e9couvrir les \u0153uvres de Bach sous un nouveau jour. Compos\u00e9es \u00e0 l&rsquo;origine comme mat\u00e9riel p\u00e9dagogique pour son fils Wilhelm Friedemann, les Inventions de Bach repr\u00e9sentent une musique qui ne doit pas seulement \u00eatre ex\u00e9cut\u00e9e, mais comprise et con\u00e7ue comme un art artisanal. Dans cette tradition, notre voix de basse suppl\u00e9mentaire ajoute non seulement un niveau suppl\u00e9mentaire aux inventions, mais encourage \u00e9galement une approche exp\u00e9rimentale de la musique.  <\/p>\n<h3>La dualit\u00e9 musicale de Bach : le nyckelharpa comme pont entre les instruments \u00e0 clavier et les instruments \u00e0 cordes<\/h3>\n<p>Jean-S\u00e9bastien Bach, un ma\u00eetre du clavier, s&rsquo;est montr\u00e9 tout aussi \u00e0 l&rsquo;aise avec les instruments \u00e0 cordes. Sa musique, compos\u00e9e \u00e0 l&rsquo;origine pour le piano, d\u00e9ploie une magie unique sur les instruments \u00e0 cordes. Le nyckelharpa, un instrument probablement tomb\u00e9 en d\u00e9su\u00e9tude \u00e0 l&rsquo;\u00e9poque de Bach dans les pays germaniques, incarne \u00e0 merveille la dualit\u00e9 de son \u00e2me musicale. La vari\u00e9t\u00e9 d&rsquo;articulation par l&rsquo;archet et la pr\u00e9cision du clavier avec ses tangentes permettent de red\u00e9couvrir la complexit\u00e9 des structures harmoniques de Bach. Sans oublier les cordes de r\u00e9sonance, qui permettent de ressentir encore plus intens\u00e9ment les liens harmoniques.    <\/p>\n<h3>Pourquoi jouer \u00ab\u00a0Jean-S\u00e9bastien Bach : Inventions \u00e0 deux voix\u00a0\u00bb sur le nyckelharpa ?<\/h3>\n<p>Le nyckelharpa, autrefois oubli\u00e9 dans les pays germanophones, fascine \u00e0 nouveau aujourd&rsquo;hui par sa sonorit\u00e9 unique. La diversit\u00e9 de ses possibilit\u00e9s d&rsquo;expression musicale, de la m\u00e9lodie au soutien harmonique, en fait l&rsquo;instrument id\u00e9al pour interpr\u00e9ter la musique de Bach. Nos arrangements des Inventions pour nyckelharpa ouvrent de nouvelles perspectives sur ces chefs-d&rsquo;\u0153uvre intemporels, en reprenant et en \u00e9largissant la diversit\u00e9 musicale et la profonde r\u00e9sonance \u00e9motionnelle de ces compositions.  <\/p>\n<h3>Invitation \u00e0 l&rsquo;exp\u00e9rience cr\u00e9ative<\/h3>\n<p>Les arrangements de \u00ab\u00a0Jean-S\u00e9bastien Bach : Inventions \u00e0 deux voix\u00a0\u00bb offrent une occasion unique d&rsquo;explorer et d&rsquo;approfondir l&rsquo;art de jouer de la nyckelharpa. En ajoutant une voix de basse suppl\u00e9mentaire, nous invitons \u00e0 r\u00e9interpr\u00e9ter les Inventions de Bach et \u00e0 explorer des voies musicales personnelles. Cette \u00e9dition vise \u00e0 offrir aux musiciens un cadre pour exp\u00e9rimenter de mani\u00e8re cr\u00e9ative tout en d\u00e9couvrant la complexit\u00e9 des compositions de Bach sous un jour nouveau.  <\/p>\n<h3>A qui s&rsquo;adresse \u00ab\u00a0Jean-S\u00e9bastien Bach : Inventions \u00e0 deux voix\u00a0\u00bb ?<\/h3>\n<p>Cette publication s&rsquo;adresse \u00e0 tous ceux qui souhaitent \u00e9largir leur expression musicale et s&rsquo;immerger dans le monde fascinant de la musique baroque. Que vous soyez d\u00e9butant ou avanc\u00e9, les arrangements sont con\u00e7us pour \u00eatre accessibles \u00e0 diff\u00e9rents niveaux de jeu. Ils conviennent parfaitement aux musiciens qui sont \u00e0 la recherche de nouveaux d\u00e9fis et qui souhaitent repousser les limites de leur instrument.  <\/p>\n<h3>Red\u00e9couvrir les Inventions de Bach : Le nyckelharpa ouvre des horizons musicaux<\/h3>\n<p>D\u00e9couvrez \u00ab\u00a0Jean-S\u00e9bastien Bach : Inventions \u00e0 deux voix\u00a0\u00bb d&rsquo;une toute nouvelle mani\u00e8re gr\u00e2ce \u00e0 nos compositions sp\u00e9cialement arrang\u00e9es pour le nyckelharpa. Laissez-vous inspirer par la combinaison unique de beaut\u00e9 m\u00e9lodique et de profondeur harmonique et \u00e9largissez vos horizons musicaux. Plongez dans le monde de la musique baroque et revivez le g\u00e9nie intemporel des \u0153uvres de Jean-S\u00e9bastien Bach &#8211; jou\u00e9es sur l&rsquo;un des instruments les plus fascinants de l&rsquo;histoire de la musique.<\/p>\n<p>Textes en allemand et en anglais<\/p>\n<p><iframe loading=\"lazy\" title=\"The teachers: Inventionen\" width=\"980\" height=\"551\" src=\"https:\/\/www.youtube.com\/embed\/gkeFSuKEwQM?feature=oembed\" frameborder=\"0\" allow=\"accelerometer; autoplay; clipboard-write; encrypted-media; gyroscope; picture-in-picture; web-share\" referrerpolicy=\"strict-origin-when-cross-origin\" allowfullscreen><\/iframe><\/p>\n<p>VIDEO : Concert de cl\u00f4ture des Nyckelharpatage au ch\u00e2teau de F\u00fcrsteneck en octobre 2018 (avec Marco Ambrosini, Jule Bauer, Anette Osann et Eva-Maria Rusche)<\/p>\n","protected":false},"excerpt":{"rendered":"<p>Arrang\u00e9 pour nyckelharpa (Viola d&rsquo;Amore a Chiavi &#8211; vi\u00e8le \u00e0 clef) &amp; accompagnement<\/p>\n","protected":false},"featured_media":4448,"comment_status":"closed","ping_status":"closed","template":"","meta":[],"product_brand":[],"product_cat":[461],"product_tag":[497,467],"class_list":{"0":"post-3441","1":"product","2":"type-product","3":"status-publish","4":"has-post-thumbnail","6":"product_cat-notes-de-musique","7":"product_tag-musique-baroque","8":"product_tag-musique-de-bord","9":"pa_b035_a01_b037-marco-ambrosini-fr","11":"first","12":"instock","13":"taxable","14":"shipping-taxable","15":"purchasable","16":"product-type-simple"},"_links":{"self":[{"href":"https:\/\/spielleute.de\/fr\/wp-json\/wp\/v2\/product\/3441","targetHints":{"allow":["GET"]}}],"collection":[{"href":"https:\/\/spielleute.de\/fr\/wp-json\/wp\/v2\/product"}],"about":[{"href":"https:\/\/spielleute.de\/fr\/wp-json\/wp\/v2\/types\/product"}],"replies":[{"embeddable":true,"href":"https:\/\/spielleute.de\/fr\/wp-json\/wp\/v2\/comments?post=3441"}],"wp:featuredmedia":[{"embeddable":true,"href":"https:\/\/spielleute.de\/fr\/wp-json\/wp\/v2\/media\/4448"}],"wp:attachment":[{"href":"https:\/\/spielleute.de\/fr\/wp-json\/wp\/v2\/media?parent=3441"}],"wp:term":[{"taxonomy":"product_brand","embeddable":true,"href":"https:\/\/spielleute.de\/fr\/wp-json\/wp\/v2\/product_brand?post=3441"},{"taxonomy":"product_cat","embeddable":true,"href":"https:\/\/spielleute.de\/fr\/wp-json\/wp\/v2\/product_cat?post=3441"},{"taxonomy":"product_tag","embeddable":true,"href":"https:\/\/spielleute.de\/fr\/wp-json\/wp\/v2\/product_tag?post=3441"}],"curies":[{"name":"wp","href":"https:\/\/api.w.org\/{rel}","templated":true}]}}