{"id":3439,"date":"2019-02-28T17:33:26","date_gmt":"2019-02-28T16:33:26","guid":{"rendered":"https:\/\/spielleute.de\/cantus-et-tibia-tome-1\/"},"modified":"2024-06-11T17:03:04","modified_gmt":"2024-06-11T15:03:04","slug":"cantus-et-tibia-tome-1","status":"publish","type":"product","link":"https:\/\/spielleute.de\/fr\/cantus-et-tibia-tome-1\/","title":{"rendered":"Cantus et Tibia &#8211; Tome 1"},"content":{"rendered":"<p>Le recueil pr\u00e9sent\u00e9 \u00ab\u00a0Cantus et Tibia &#8211; Volume 1\u00a0\u00bb a \u00e9t\u00e9 r\u00e9alis\u00e9 en faisant de la musique. En commen\u00e7ant par le haut Moyen \u00c2ge, les chansons se succ\u00e8dent jusqu&rsquo;\u00e0 l&rsquo;\u00e2ge d&rsquo;or de nos cornemuses. La polyphonie date en partie de la phase de cr\u00e9ation des chansons. Mais souvent, un accompagnement propre a \u00e9t\u00e9 d\u00e9velopp\u00e9 pour une m\u00e9lodie en chantant et en jouant. L&rsquo;ambitus, la tonalit\u00e9 et le chromatisme de la partie instrumentale sont toujours con\u00e7us de mani\u00e8re \u00e0 ce qu&rsquo;elle puisse \u00eatre ex\u00e9cut\u00e9e avec un tambour et un dudey, donc \u00e9galement avec un cornet \u00e0 pistons ou une cornemuse. Pour chaque chanson, la note de bord appropri\u00e9e est indiqu\u00e9e en haut \u00e0 gauche.<\/p>\n<p>CANTUS ET TIBIA, chant et jeu de fl\u00fbte &#8211; tel est le th\u00e8me de la nouvelle compilation de chansons de Hermann Rieth, pr\u00e9vue en deux parties. Le terme tibia ne d\u00e9signe pas seulement une fl\u00fbte mais plut\u00f4t un instrument \u00e0 vent. La premi\u00e8re partie va du haut Moyen \u00c2ge \u00e0 la Renaissance, la seconde continue jusqu&rsquo;\u00e0 notre \u00e9poque.<\/p>\n<h3>Sources historiques et inspiration dans \u00ab\u00a0Cantus et Tibia &#8211; Volume 1<\/h3>\n<p>Au d\u00e9but, \u00ab\u00a0Cantus et Tibia &#8211; Volume 1\u00a0\u00bb contient trois chansons tir\u00e9es de Carmina Burana (CB). Sur ce manuscrit, le livre du m\u00eame titre de Ren\u00e9 Clementchik est une source solide et facile d&rsquo;acc\u00e8s. Le texte et la m\u00e9lodie de \u00ab\u00a0Meie, din\u00a0\u00bb de Neidhart sont disponibles dans : E. Wei\u00dfner et H. Fischer ; Die Lieder Neidharts ; T\u00fcbingen, 1984. Pour les chansons d&rsquo;Oswald von Wolkenstein, nous vous renvoyons aux publications d&rsquo;Anton Schwob, Dieter K\u00fchn, Klaus J. Sch\u00f6nmetzler et Marc Lewon.<\/p>\n<h3>Flexibilit\u00e9 de la mise en \u0153uvre<\/h3>\n<p>Bien entendu, ces parties d&rsquo;accompagnement dans \u00ab\u00a0Cantus et Tibia &#8211; Volume 1\u00a0\u00bb peuvent \u00e9galement \u00eatre prises en charge par une fl\u00fbte \u00e0 bec, un violon ou un autre instrument m\u00e9lodique. Et, conform\u00e9ment \u00e0 la tradition, que les musiciens se sentent libres de manipuler le mat\u00e9riel. Les m\u00e9lodies peuvent \u00eatre jou\u00e9es et les voix d&rsquo;accompagnement chant\u00e9es dans \u00ab\u00a0Cantus et Tibia &#8211; Volume 1\u00a0\u00bb. Les versions purement instrumentales sont tout aussi envisageables que les interpr\u00e9tations acapella. Les pr\u00e9ludes et interludes \u00e9crits au pr\u00e9alable ou improvis\u00e9s peuvent \u00eatre enrichissants.<\/p>\n<h3>La polyvalence de H\u00fcmmelchen et Dudey<\/h3>\n<p>Le H\u00fcmmelchen et le Dudey sont des instruments polyvalents : en solo, en duo ou en ensemble silencieux avec des fl\u00fbtes, des violons, une harpe, une cornemuse, un cornet \u00e0 pistons. Le son des petites sacqueboutes, port\u00e9 par un bourdon, a un attrait particulier lorsqu&rsquo;il accompagne des chants. Tant au niveau du timbre que du volume, l&rsquo;instrument s&rsquo;accorde bien avec la voix humaine. Le manque de possibilit\u00e9s dynamiques de la sacqueboute exige du chanteur une gestion diff\u00e9rente de la voix et conf\u00e8re aux chansons un caract\u00e8re particulier.<\/p>\n<p>Les H\u00fcmmelchen et Dudey, comme les d\u00e9crit Michael Praetorius en 1619, sont des instruments de la fin de la Renaissance et du d\u00e9but de l&rsquo;\u00e8re baroque. Ils ont certainement \u00e9t\u00e9 jou\u00e9s avant et pendant un certain temps apr\u00e8s. De notre point de vue actuel, il est int\u00e9ressant de voir comment le son discret de la sacqueboute, soutenu par un bourdon puissant, s&rsquo;accorde avec une musique qui date d&rsquo;une \u00e9poque o\u00f9 ces instruments n&rsquo;\u00e9taient pas encore connus ou n&rsquo;\u00e9taient plus jou\u00e9s.<\/p>\n<p>\u00ab\u00a0Cantus et Tibia &#8211; Volume 1\u00a0\u00bb de Hermann Rieth est un fascinant voyage musical dans le temps, couvrant le haut Moyen \u00c2ge jusqu&rsquo;\u00e0 la Renaissance. Cette collection enrichit le r\u00e9pertoire de H\u00fcmmelchen, Dudey et d&rsquo;autres instruments \u00e0 vent avec des chansons qui peuvent \u00eatre interpr\u00e9t\u00e9es \u00e0 la fois instrumentalement et vocalement. L&rsquo;\u0153uvre de Rieth encourage l&rsquo;exploration cr\u00e9ative des m\u00e9lodies historiques et offre un pont entre la culture musicale pass\u00e9e et les musiciens d&rsquo;aujourd&rsquo;hui. Avec \u00ab\u00a0Cantus et Tibia\u00a0\u00bb, la riche tradition de la polyphonie devient vivante et accessible, ce qui en fait une \u0153uvre incontournable pour les amateurs de musique historique.<\/p>\n","protected":false},"excerpt":{"rendered":"<p>Chansons avec accompagnement rassembl\u00e9es par Hermann Rieth<\/p>\n","protected":false},"featured_media":4496,"comment_status":"closed","ping_status":"closed","template":"","meta":[],"product_brand":[],"product_cat":[461],"product_tag":[468,497,467,495,496],"class_list":{"0":"post-3439","1":"product","2":"type-product","3":"status-publish","4":"has-post-thumbnail","6":"product_cat-notes-de-musique","7":"product_tag-musique-ancienne","8":"product_tag-musique-baroque","9":"product_tag-musique-de-bord","10":"product_tag-partitions-pour-cornemuse","11":"product_tag-partitions-pour-hummelchen-et-dudey","12":"pa_b035_a01_b037-hermann-rieth-fr","14":"first","15":"instock","16":"taxable","17":"shipping-taxable","18":"purchasable","19":"product-type-simple"},"_links":{"self":[{"href":"https:\/\/spielleute.de\/fr\/wp-json\/wp\/v2\/product\/3439","targetHints":{"allow":["GET"]}}],"collection":[{"href":"https:\/\/spielleute.de\/fr\/wp-json\/wp\/v2\/product"}],"about":[{"href":"https:\/\/spielleute.de\/fr\/wp-json\/wp\/v2\/types\/product"}],"replies":[{"embeddable":true,"href":"https:\/\/spielleute.de\/fr\/wp-json\/wp\/v2\/comments?post=3439"}],"wp:featuredmedia":[{"embeddable":true,"href":"https:\/\/spielleute.de\/fr\/wp-json\/wp\/v2\/media\/4496"}],"wp:attachment":[{"href":"https:\/\/spielleute.de\/fr\/wp-json\/wp\/v2\/media?parent=3439"}],"wp:term":[{"taxonomy":"product_brand","embeddable":true,"href":"https:\/\/spielleute.de\/fr\/wp-json\/wp\/v2\/product_brand?post=3439"},{"taxonomy":"product_cat","embeddable":true,"href":"https:\/\/spielleute.de\/fr\/wp-json\/wp\/v2\/product_cat?post=3439"},{"taxonomy":"product_tag","embeddable":true,"href":"https:\/\/spielleute.de\/fr\/wp-json\/wp\/v2\/product_tag?post=3439"}],"curies":[{"name":"wp","href":"https:\/\/api.w.org\/{rel}","templated":true}]}}