{"id":3436,"date":"2018-07-06T17:31:51","date_gmt":"2018-07-06T15:31:51","guid":{"rendered":"https:\/\/spielleute.de\/la-guilde-des-musiciens\/"},"modified":"2025-04-30T16:29:22","modified_gmt":"2025-04-30T14:29:22","slug":"la-guilde-des-musiciens","status":"publish","type":"product","link":"https:\/\/spielleute.de\/fr\/la-guilde-des-musiciens\/","title":{"rendered":"La guilde des musiciens"},"content":{"rendered":"<p>L&rsquo;une des \u0153uvres majeures de la c\u00e9l\u00e8bre \u00e9crivaine fran\u00e7aise George Sand, \u00ab\u00a0La Guilde des musiciens\u00a0\u00bb, est enfin disponible en fran\u00e7ais ! Un roman qui offre un aper\u00e7u fascinant de l&rsquo;univers des joueurs de cornemuse et de vielle \u00e0 roue fran\u00e7ais au milieu du 19\u00e8me si\u00e8cle.<\/p>\n<p>George Sand, \u00e9crivain de renomm\u00e9e mondiale, a pass\u00e9 une grande partie de sa vie \u00e0 Nohant, une petite ville du Berry fran\u00e7ais. Bien que la plupart de ses romans aient \u00e9t\u00e9 traduits en allemand, l&rsquo;une de ses \u0153uvres majeures, \u00ab\u00a0Les Ma\u00eetres Sonneurs\u00a0\u00bb, publi\u00e9e en 1853, n&rsquo;\u00e9tait jusqu&rsquo;\u00e0 pr\u00e9sent pas disponible en fran\u00e7ais.<\/p>\n<p>Au cours de ses recherches, l&rsquo;\u00e9diteur Christoph Pelgen a trouv\u00e9 une traduction allemande de \u00ab\u00a0Die Musikanten-Zunft\u00a0\u00bb de Claire von Gl\u00fcmer datant de 1856, qui est extr\u00eamement r\u00e9ussie, bien inform\u00e9e et coh\u00e9rente, et que nous avons reprise telle quelle dans cette \u00e9dition. La langue charmante et facile \u00e0 lire de la traduction de Gl\u00fcmer souligne parfaitement l&rsquo;atmosph\u00e8re et la fascination du roman.<\/p>\n<p>Le roman \u00ab\u00a0La Guilde des musiciens\u00a0\u00bb, qui met en sc\u00e8ne les amis d&rsquo;enfance Joseph, Steffen et Br\u00fclette, a pour cadre le Berry rural de la fin du 18e si\u00e8cle. George Sand raconte la vie quotidienne des paysans du centre de la France, le code d&rsquo;honneur des muletiers et des b\u00fbcherons, les musiciens rivaux et la qu\u00eate difficile de ses protagonistes pour trouver le bonheur et leur place dans ce monde. Les personnages du r\u00e9cit, le paysage, la description de la vie quotidienne et les descriptions d\u00e9taill\u00e9es de la musique, des f\u00eates dansantes, des voyages, etc. nous renvoient \u00e0 une \u00e9poque \u00e0 jamais perdue.<\/p>\n<p align=\"center\"><em>\u00ab\u00a0On y croit encore s\u00e9rieusement ce qui est parfois cru ici aussi,<br \/>\n<\/em><em>C&rsquo;est-\u00e0-dire que si tu veux devenir musicien, tu dois vouer ton \u00e2me au diable,<br \/>\n<\/em><em>Et que Satan viendra un jour arracher la pipe des mains du musicien,<br \/>\n<\/em><em>La briser sur son dos et l&rsquo;obliger \u00e0 se faire du mal\u00a0\u00bb.<\/em><\/p>\n<p>Le titre original de ce livre, \u00ab\u00a0La corporation des musiciens\u00a0\u00bb, a inspir\u00e9 l&rsquo;un des plus importants festivals de cornemuse et de vielle \u00e0 roue traditionnelles du centre de la France au XXe si\u00e8cle : Les \u00ab\u00a0Rencontres internationales des luthiers et ma\u00eetres sonneurs\u00a0\u00bb, se sont tenues depuis 1976 \u00e0 quelques kilom\u00e8tres de Nohant, \u00e0 St Chartier, et sont devenues la Mecque des musiciens, des facteurs d&rsquo;instruments et des danseurs. C&rsquo;est l\u00e0 que furent red\u00e9couverts et d\u00e9velopp\u00e9s la musique et les instruments anciens dont George Sand parle si merveilleusement dans ce roman.<\/p>\n<p>Une annexe d\u00e9taill\u00e9e avec des explications et des notes compl\u00e8te la pr\u00e9sente \u00e9dition.<\/p>\n","protected":false},"excerpt":{"rendered":"<p>Roman de George Sand publi\u00e9 en 1853, en allemand par Claire von Gl\u00fcmer, 1856, \u00e9dit\u00e9 par Christoph Pelgen<\/p>\n","protected":false},"featured_media":4412,"comment_status":"closed","ping_status":"closed","template":"","meta":[],"product_brand":[],"product_cat":[534],"product_tag":[470,505,463],"class_list":{"0":"post-3436","1":"product","2":"type-product","3":"status-publish","4":"has-post-thumbnail","6":"product_cat-romans","7":"product_tag-bourree-fr","8":"product_tag-meneurs-de-jeu","9":"product_tag-partitions-pour-bal-folk","10":"pa_b035_a01_b037-george-sand-fr","12":"first","13":"instock","14":"taxable","15":"shipping-taxable","16":"purchasable","17":"product-type-simple"},"_links":{"self":[{"href":"https:\/\/spielleute.de\/fr\/wp-json\/wp\/v2\/product\/3436","targetHints":{"allow":["GET"]}}],"collection":[{"href":"https:\/\/spielleute.de\/fr\/wp-json\/wp\/v2\/product"}],"about":[{"href":"https:\/\/spielleute.de\/fr\/wp-json\/wp\/v2\/types\/product"}],"replies":[{"embeddable":true,"href":"https:\/\/spielleute.de\/fr\/wp-json\/wp\/v2\/comments?post=3436"}],"wp:featuredmedia":[{"embeddable":true,"href":"https:\/\/spielleute.de\/fr\/wp-json\/wp\/v2\/media\/4412"}],"wp:attachment":[{"href":"https:\/\/spielleute.de\/fr\/wp-json\/wp\/v2\/media?parent=3436"}],"wp:term":[{"taxonomy":"product_brand","embeddable":true,"href":"https:\/\/spielleute.de\/fr\/wp-json\/wp\/v2\/product_brand?post=3436"},{"taxonomy":"product_cat","embeddable":true,"href":"https:\/\/spielleute.de\/fr\/wp-json\/wp\/v2\/product_cat?post=3436"},{"taxonomy":"product_tag","embeddable":true,"href":"https:\/\/spielleute.de\/fr\/wp-json\/wp\/v2\/product_tag?post=3436"}],"curies":[{"name":"wp","href":"https:\/\/api.w.org\/{rel}","templated":true}]}}