{"id":3434,"date":"2017-03-09T17:31:51","date_gmt":"2017-03-09T16:31:51","guid":{"rendered":"https:\/\/spielleute.de\/maceges-manuel-dapprentissage-de-la-cornemuse-ecossaise\/"},"modified":"2025-04-30T16:29:15","modified_gmt":"2025-04-30T14:29:15","slug":"maceges-manuel-dapprentissage-de-la-cornemuse-ecossaise","status":"publish","type":"product","link":"https:\/\/spielleute.de\/fr\/maceges-manuel-dapprentissage-de-la-cornemuse-ecossaise\/","title":{"rendered":"MacEges Manuel d&rsquo;apprentissage de la cornemuse \u00e9cossaise"},"content":{"rendered":"<p>Plongez dans le monde fascinant de la cornemuse avec \u00ab\u00a0MacEges Lehrbuch f\u00fcr den Schottischen Dudelsack\u00a0\u00bb, la principale \u00e9cole de cornemuse en Allemagne, qui s&rsquo;adresse aux d\u00e9butants enthousiastes qui souhaitent ma\u00eetriser l&rsquo;art de la cornemuse \u00e9cossaise de fond en comble. Oubliez les obstacles et les d\u00e9fis qui ont jusqu&rsquo;ici pav\u00e9 le chemin de l&rsquo;apprentissage de la Great Highland Bagpipe. La plupart des \u00e9coles existantes, principalement en anglais, \u00e9taient rarement adapt\u00e9es \u00e0 l&rsquo;auto-apprentissage et se concentraient unilat\u00e9ralement sur la musique \u00e9cossaise. Le manuel de MacEge, r\u00e9dig\u00e9 par Reinhold Ege, un professeur exp\u00e9riment\u00e9 qui enseigne avec succ\u00e8s \u00e0 des \u00e9l\u00e8ves de tous \u00e2ges depuis 1978, offre une solution approfondie et accessible.<\/p>\n<p>Depuis sa premi\u00e8re publication en 1990, le \u00ab\u00a0MacEges Lehrbuch f\u00fcr die Schottischen Dudelsack\u00a0\u00bb a \u00e9t\u00e9 continuellement mis \u00e0 jour et \u00e9tendu pour r\u00e9pondre aux derni\u00e8res normes p\u00e9dagogiques et aux besoins des apprenants. Un CD d&rsquo;accompagnement, rempli d&rsquo;exemples d&rsquo;exercices, facilite le processus d&rsquo;apprentissage gr\u00e2ce \u00e0 des illustrations audibles du contenu du cours. En commen\u00e7ant par les bases &#8211; les doigt\u00e9s et le sifflet m\u00e9lodique (&lsquo;Chanter&rsquo;) &#8211; jusqu&rsquo;aux techniques plus avanc\u00e9es comme les gracenotes et le mouvement Taorluath, ce livre offre un aper\u00e7u complet de la cornemuse.<\/p>\n<h3>Pourquoi choisir le manuel MacEges pour la cornemuse \u00e9cossaise ?<\/h3>\n<ul>\n<li>Des explications compr\u00e9hensibles en fran\u00e7ais : il permet de surmonter la barri\u00e8re de la langue et rend l&rsquo;apprentissage plus accessible.<\/li>\n<li>Instructions pas \u00e0 pas : de l&rsquo;apprentissage des doigt\u00e9s de base aux techniques de jeu avanc\u00e9es, en passant par l&rsquo;introduction \u00e0 des m\u00e9lodies simples.<\/li>\n<li>Riche s\u00e9lection de m\u00e9lodies : inclut des airs \u00e9cossais connus et des adaptations de chansons populaires allemandes afin de cr\u00e9er une large base musicale.<\/li>\n<li>Aper\u00e7u historique et culturel : comprendre le contexte culturel de la musique \u00e9cossaise et ses influences.<\/li>\n<\/ul>\n<h3>Votre chemin vers la ma\u00eetrise de la cornemuse<\/h3>\n<p>Des premi\u00e8res notes au jeu le plus abouti, \u00ab\u00a0MacEges Lehrbuch f\u00fcr das Scottish Dudbellsack\u00a0\u00bb vous accompagne dans la ma\u00eetrise de la Great Highland Bagpipe. D\u00e9couvrez le plaisir de jouer en jouant des m\u00e9lodies d\u00e8s le plus jeune \u00e2ge et \u00e9vitez des ann\u00e9es de pratique monotone. Ce livre est votre guide pour d\u00e9velopper des bases solides dans la pratique de la cornemuse, en commen\u00e7ant par des chansons enfantines connues jusqu&rsquo;\u00e0 des m\u00e9lodies \u00e9cossaises et bretonnes plus complexes.<\/p>\n<p>Les joueurs de cornemuse allemands trouveront dans ce livre un compagnon pr\u00e9cieux qui favorise l&rsquo;apprentissage individuel et aide \u00e0 explorer ses propres voies musicales. L&rsquo;approche de MacEge reconna\u00eet l&rsquo;importance de l&rsquo;interpr\u00e9tation personnelle et de la variation cr\u00e9ative, sans perdre de vue l&rsquo;excellence technique.<\/p>\n<h3>Un manuel qui offre plus que de simples instructions<\/h3>\n<p>Outre l&rsquo;apprentissage pratique, \u00ab\u00a0MacEges Lehrbuch f\u00fcr das Scottischen Dudelsack\u00a0\u00bb met l&rsquo;accent sur l&rsquo;enseignement du contexte historique et culturel de la musique de cornemuse. Cette dimension, souvent absente des autres manuels, est essentielle pour comprendre pleinement la musique et ses traditions.<\/p>\n<p>Un conseil pr\u00e9cieux pour les pipers en herbe : plongez dans l&rsquo;univers de la cornemuse en \u00e9tudiant les enregistrements des meilleurs pipers solo et des pipe bands. Cette pratique, compl\u00e9t\u00e9e par le manuel de MacEge, fera progresser vos comp\u00e9tences de mani\u00e8re significative.<\/p>\n<h3>Le livre qui grandit avec vous<\/h3>\n<p>Le manuel prend en compte l&rsquo;\u00e9volution des apprenants. En commen\u00e7ant par les notes de base sur le Practice Chanter, puis en introduisant progressivement les gracenotes, jusqu&rsquo;au jeu complexe sur la Great Highland Bagpipe. \u00ab\u00a0Le manuel d&rsquo;apprentissage de la cornemuse \u00e9cossaise de MacEge\u00a0\u00bb est plus qu&rsquo;un simple tuteur : c&rsquo;est un compagnon de votre voyage musical, qui vous aidera \u00e0 ma\u00eetriser les grossi\u00e8ret\u00e9s et \u00e0 perfectionner vos comp\u00e9tences.  <\/p>\n<h3>MacEges Lehrbuch : votre porte d&rsquo;entr\u00e9e dans le monde de la cornemuse \u00e9cossaise<\/h3>\n<p>Pour tous ceux qui souhaitent suivre la voie de la cornemuse \u00e9cossaise, en France ou ailleurs, le manuel de MacEge est une occasion en or de s&rsquo;immerger profond\u00e9ment dans cette riche tradition musicale. Que vous soyez d\u00e9butant ou que vous souhaitiez \u00e9largir vos comp\u00e9tences, ce livre vous fournit les outils, les techniques et la compr\u00e9hension culturelle n\u00e9cessaires pour faire de vous un piper accompli. <\/p>\n","protected":false},"excerpt":{"rendered":"<p>Manuel d&rsquo;apprentissage et CD d&rsquo;accompagnement avec tous les exercices + m\u00e9lodies utilis\u00e9s dans le livre<\/p>\n","protected":false},"featured_media":4472,"comment_status":"closed","ping_status":"closed","template":"","meta":[],"product_brand":[],"product_cat":[484],"product_tag":[525,526,1059],"class_list":{"0":"post-3434","1":"product","2":"type-product","3":"status-publish","4":"has-post-thumbnail","6":"product_cat-manuel-denseignement","7":"product_tag-apprendre-a-jouer-de-great-highland-bagpipe","8":"product_tag-apprendre-a-jouer-de-la-cornemuse","9":"product_tag-musique-traditionnelle","10":"pa_b035_a01_b037-reinhold-ege-fr","12":"first","13":"instock","14":"taxable","15":"shipping-taxable","16":"purchasable","17":"product-type-simple"},"_links":{"self":[{"href":"https:\/\/spielleute.de\/fr\/wp-json\/wp\/v2\/product\/3434","targetHints":{"allow":["GET"]}}],"collection":[{"href":"https:\/\/spielleute.de\/fr\/wp-json\/wp\/v2\/product"}],"about":[{"href":"https:\/\/spielleute.de\/fr\/wp-json\/wp\/v2\/types\/product"}],"replies":[{"embeddable":true,"href":"https:\/\/spielleute.de\/fr\/wp-json\/wp\/v2\/comments?post=3434"}],"wp:featuredmedia":[{"embeddable":true,"href":"https:\/\/spielleute.de\/fr\/wp-json\/wp\/v2\/media\/4472"}],"wp:attachment":[{"href":"https:\/\/spielleute.de\/fr\/wp-json\/wp\/v2\/media?parent=3434"}],"wp:term":[{"taxonomy":"product_brand","embeddable":true,"href":"https:\/\/spielleute.de\/fr\/wp-json\/wp\/v2\/product_brand?post=3434"},{"taxonomy":"product_cat","embeddable":true,"href":"https:\/\/spielleute.de\/fr\/wp-json\/wp\/v2\/product_cat?post=3434"},{"taxonomy":"product_tag","embeddable":true,"href":"https:\/\/spielleute.de\/fr\/wp-json\/wp\/v2\/product_tag?post=3434"}],"curies":[{"name":"wp","href":"https:\/\/api.w.org\/{rel}","templated":true}]}}