{"id":3430,"date":"2017-02-28T17:31:51","date_gmt":"2017-02-28T16:31:51","guid":{"rendered":"https:\/\/spielleute.de\/accordeon-diatonique-tome-2\/"},"modified":"2025-04-30T16:24:16","modified_gmt":"2025-04-30T14:24:16","slug":"accordeon-diatonique-tome-2","status":"publish","type":"product","link":"https:\/\/spielleute.de\/fr\/accordeon-diatonique-tome-2\/","title":{"rendered":"Accord\u00e9on diatonique &#8211; Tome 2"},"content":{"rendered":"<p>D\u00e9couvrez la fascination du jeu m\u00e9lodique et d\u00e9veloppez vos capacit\u00e9s d&rsquo;expression musicale gr\u00e2ce \u00e0 notre vaste section pratique et th\u00e9orique. Le livre \u00ab\u00a0Accord\u00e9on diatonique &#8211; Volume 2\u00a0\u00bb, sp\u00e9cialement con\u00e7u pour l&rsquo;accord\u00e9on diatonique, est votre compagnon id\u00e9al sur le chemin de la ma\u00eetrise de la complexit\u00e9 et de la beaut\u00e9 de 51 m\u00e9lodies du monde entier. <\/p>\n<h3>Exp\u00e9rimenter l&rsquo;unit\u00e9 de la musique par la pratique et la th\u00e9orie<\/h3>\n<p>La musique, c&rsquo;est le dynamisme, l&rsquo;esth\u00e9tique, la diversit\u00e9 et l&rsquo;expression de votre personnalit\u00e9. La m\u00e9lodie, en particulier, est au centre de votre caract\u00e8re musical, elle inspire et touche. Notre livre \u00ab\u00a0Accord\u00e9on diatonique &#8211; Volume 2\u00a0\u00bb vous guide \u00e0 travers les diff\u00e9rents aspects de la m\u00e9lodie &#8211; des tonalit\u00e9s aux techniques d&rsquo;ornementation et d&rsquo;improvisation, en passant par les modes majeur et mineur. Il couvre \u00e0 la fois les bases th\u00e9oriques et les exercices pratiques pour vous aider \u00e0 passer au niveau sup\u00e9rieur.   <\/p>\n<h3>Conservez une approche qui a fait ses preuves et profitez de nouvelles fonctionnalit\u00e9s<\/h3>\n<p>Comme dans le premier volume, nous utilisons dans \u00ab\u00a0Accord\u00e9on diatonique &#8211; Volume 2\u00a0\u00bb un syst\u00e8me de notes et de tablatures facile \u00e0 comprendre, qui vous permet d&rsquo;apprendre et de jouer plus facilement. La nouveaut\u00e9 de cette \u00e9dition est la reliure Wire-O, qui assure une utilisation facile. De plus, le livre est accompagn\u00e9 d&rsquo;un CD audio sur lequel sont enregistr\u00e9s tous les chants, m\u00e9lodies et exercices &#8211; un avantage inestimable pour s&rsquo;entra\u00eener.  <\/p>\n<h3>Approfondissez votre compr\u00e9hension et votre pratique<\/h3>\n<p>Avec des chapitres sur la th\u00e9orie, les gammes, les intervalles, les modes et bien plus encore, \u00ab\u00a0Accord\u00e9on diatonique &#8211; Volume 2\u00a0\u00bb offre un ancrage profond dans la formation musicale. Vous apprendrez \u00e0 personnaliser et \u00e0 rendre unique votre r\u00e9pertoire en l&rsquo;harmonisant, en l&rsquo;ornant, en le faisant varier et en cr\u00e9ant des contrechants. De la gamme de sol majeur \u00e0 la musique modale et aux sons sp\u00e9ciaux, d\u00e9couvrez l&rsquo;\u00e9tendue et la profondeur du jeu d&rsquo;accord\u00e9on.  <\/p>\n<h3>Faites la deuxi\u00e8me \u00e9tape de votre voyage musical<\/h3>\n<p>\u00ab\u00a0Accord\u00e9on diatonique &#8211; Volume 2\u00a0\u00bb est la deuxi\u00e8me \u00e9tape de notre s\u00e9rie en trois parties consacr\u00e9e \u00e0 l&rsquo;art de jouer de l&rsquo;accord\u00e9on. Il est parfait pour les musiciens avanc\u00e9s qui souhaitent approfondir leurs comp\u00e9tences en mati\u00e8re de jeu m\u00e9lodique. Laissez-vous inspirer par la diversit\u00e9 des styles musicaux et trouvez votre propre expression musicale.<\/p>\n<p>Que vous souhaitiez \u00e9largir votre compr\u00e9hension de la th\u00e9orie musicale, am\u00e9liorer vos comp\u00e9tences techniques ou simplement d\u00e9couvrir la beaut\u00e9 de l&rsquo;accord\u00e9on, ce livre est la cl\u00e9 de votre succ\u00e8s. D\u00e9ballez votre accord\u00e9on et commencez d\u00e8s aujourd&rsquo;hui votre voyage dans le monde des m\u00e9lodies !<\/p>\n","protected":false},"excerpt":{"rendered":"<p>Manuel d&rsquo;apprentissage de l&rsquo;accord\u00e9on diatonique Volume 2 &#8211; La M\u00e9lodie &#8211; avec CD d&rsquo;accompagnement de Yann Dour<\/p>\n","protected":false},"featured_media":4641,"comment_status":"closed","ping_status":"closed","template":"","meta":[],"product_brand":[],"product_cat":[484],"product_tag":[466,516,514,1059,469],"class_list":{"0":"post-3430","1":"product","2":"type-product","3":"status-publish","4":"has-post-thumbnail","6":"product_cat-manuel-denseignement","7":"product_tag-a-dro","8":"product_tag-apprendre-a-jouer-de-laccordeon-diatonique","9":"product_tag-musique-bretonne","10":"product_tag-musique-traditionnelle","11":"product_tag-partitions-pour-accordeon-diatonique","12":"pa_b035_a01_b037-dour-yann-fr","14":"first","15":"outofstock","16":"taxable","17":"shipping-taxable","18":"purchasable","19":"product-type-simple"},"_links":{"self":[{"href":"https:\/\/spielleute.de\/fr\/wp-json\/wp\/v2\/product\/3430","targetHints":{"allow":["GET"]}}],"collection":[{"href":"https:\/\/spielleute.de\/fr\/wp-json\/wp\/v2\/product"}],"about":[{"href":"https:\/\/spielleute.de\/fr\/wp-json\/wp\/v2\/types\/product"}],"replies":[{"embeddable":true,"href":"https:\/\/spielleute.de\/fr\/wp-json\/wp\/v2\/comments?post=3430"}],"wp:featuredmedia":[{"embeddable":true,"href":"https:\/\/spielleute.de\/fr\/wp-json\/wp\/v2\/media\/4641"}],"wp:attachment":[{"href":"https:\/\/spielleute.de\/fr\/wp-json\/wp\/v2\/media?parent=3430"}],"wp:term":[{"taxonomy":"product_brand","embeddable":true,"href":"https:\/\/spielleute.de\/fr\/wp-json\/wp\/v2\/product_brand?post=3430"},{"taxonomy":"product_cat","embeddable":true,"href":"https:\/\/spielleute.de\/fr\/wp-json\/wp\/v2\/product_cat?post=3430"},{"taxonomy":"product_tag","embeddable":true,"href":"https:\/\/spielleute.de\/fr\/wp-json\/wp\/v2\/product_tag?post=3430"}],"curies":[{"name":"wp","href":"https:\/\/api.w.org\/{rel}","templated":true}]}}