{"id":3429,"date":"2016-07-11T17:31:12","date_gmt":"2016-07-11T15:31:12","guid":{"rendered":"https:\/\/spielleute.de\/lours-dansant-tome-2\/"},"modified":"2025-04-30T16:25:10","modified_gmt":"2025-04-30T14:25:10","slug":"lours-dansant-tome-2","status":"publish","type":"product","link":"https:\/\/spielleute.de\/fr\/lours-dansant-tome-2\/","title":{"rendered":"L&rsquo;Ours dansant &#8211; Tome 2"},"content":{"rendered":"<p>Bienvenue dans \u00ab\u00a0L&rsquo;Ours dansant &#8211; Volume 2\u00a0\u00bb de la c\u00e9l\u00e8bre s\u00e9rie \u00ab\u00a0L&rsquo;Ours dansant\u00a0\u00bb, une collection qui pr\u00e9sente 21 danses folkloriques captivantes d&rsquo;Europe centrale, occidentale et septentrionale, pr\u00eates \u00e0 \u00eatre d\u00e9couvertes et apprises par vous. Apr\u00e8s le grand succ\u00e8s du premier volume et gr\u00e2ce aux retours tout \u00e0 fait positifs, nous avons d\u00e9cid\u00e9 de cr\u00e9er cette suite qui ravira aussi bien les novices de la danse que les passionn\u00e9s plus exp\u00e9riment\u00e9s. <\/p>\n<h3>\u00c9dition r\u00e9vis\u00e9e<\/h3>\n<p>Dans la 3e \u00e9dition r\u00e9vis\u00e9e de \u00ab\u00a0Der Tanzb\u00e4r &#8211; Band 2\u00a0\u00bb, vous trouverez une s\u00e9lection vari\u00e9e de danses &#8211; de l&rsquo;An Dro breton \u00e0 la valse des roses allemande, des danses faciles \u00e0 apprendre et qui vous procureront un plaisir imm\u00e9diat. Pour ceux qui cherchent un d\u00e9fi, des danses comme le hambo su\u00e9dois ou une version unique de la bourr\u00e9e fran\u00e7aise sont l&rsquo;occasion parfaite d&rsquo;approfondir ses comp\u00e9tences en danse. <\/p>\n<h3>Une offre de danse vari\u00e9e<\/h3>\n<p>Le m\u00e9lange \u00e9quilibr\u00e9 de danses de groupe et de couples a \u00e9t\u00e9 soigneusement \u00e9labor\u00e9 pour offrir un large \u00e9ventail de styles de danse. Les niveaux de difficult\u00e9 indiqu\u00e9s vous serviront de guide pour trouver la danse adapt\u00e9e \u00e0 votre niveau. <\/p>\n<h3>Accompagnement musical sur CD<\/h3>\n<p>Le CD inclus dans \u00ab\u00a0Der Tanzb\u00e4r &#8211; Band 2\u00a0\u00bb, une coop\u00e9ration de groupes de musique renomm\u00e9s tels que \u00ab\u00a0H\u00f6lderlin Express\u00a0\u00bb, \u00ab\u00a0La Marmotte\u00a0\u00bb, \u00ab\u00a0La Chanterelle\u00a0\u00bb et \u00ab\u00a0Spielleut\u00a0\u00bb, propose des airs de danse traditionnels ainsi que des airs sp\u00e9cialement compos\u00e9s, qui correspondent exactement aux s\u00e9quences de pas des danses. Cela facilite l&rsquo;apprentissage et l&rsquo;immersion dans le monde des danses folkloriques. <\/p>\n<h3>Illustrations cr\u00e9atives<\/h3>\n<p>Avec des illustrations d&rsquo;Uta Weidemann, qui capture l&rsquo;essence de la danse avec son style unique, et gr\u00e2ce au soutien de nombreux b\u00e9n\u00e9voles pour la description des danses et la relecture, \u00ab\u00a0L&rsquo;Ours de la danse &#8211; Tome 2\u00a0\u00bb est une v\u00e9ritable \u0153uvre collective.<\/p>\n<h3>Inviter \u00e0 la danse<\/h3>\n<p>Nous souhaitons offrir une exp\u00e9rience enrichissante \u00e0 tous les passionn\u00e9s de danse, qu&rsquo;ils soient novices ou confirm\u00e9s. Avec \u00ab\u00a0Der Tanzb\u00e4r &#8211; Band 2\u00a0\u00bb et le CD qui l&rsquo;accompagne, vous pouvez non seulement apprendre de nouvelles danses, mais aussi \u00e9largir votre r\u00e9pertoire pour les f\u00eates dansantes et explorer la culture de danse vari\u00e9e de l&rsquo;Europe.<\/p>\n<p>Nous te remercions pour ton enthousiasme et ton soutien et te souhaitons beaucoup de plaisir \u00e0 danser. Pour que chaque f\u00eate de la danse soit une f\u00eate de la joie, de la communaut\u00e9 et du respect mutuel.<\/p>\n<h3>Contenu d\u00e9taill\u00e9 de \u00ab\u00a0L&rsquo;Ours dansant &#8211; Tome 2<\/h3>\n<ul>\n<li>Danses de groupe : d\u00e9couvrez la diversit\u00e9 des danses en cercle, en all\u00e9e et en ligne, dont des classiques comme la valse des roses d&rsquo;Allemagne, An Dro de Bretagne et bien d&rsquo;autres.<\/li>\n<li>Danses de couple : perfectionnez vos comp\u00e9tences dans des danses telles que le hambo su\u00e9dois, diff\u00e9rentes mazurkas et des valses fran\u00e7aises et alsaciennes.<\/li>\n<li>Cl\u00e9 de danse et annexe musicale : un guide d\u00e9taill\u00e9 sur les termes utilis\u00e9s, les types de pas et les mouvements, compl\u00e9t\u00e9 par des partitions pour toutes les danses.<\/li>\n<\/ul>\n<div class=\"flex-1 overflow-hidden\">\n<div class=\"react-scroll-to-bottom--css-knved-79elbk h-full\">\n<div class=\"react-scroll-to-bottom--css-knved-1n7m0yu\">\n<div class=\"flex flex-col text-sm pb-9\">\n<div class=\"w-full text-token-text-primary\" dir=\"auto\" data-testid=\"conversation-turn-11\">\n<div class=\"px-4 py-2 justify-center text-base md:gap-6 m-auto\">\n<div class=\"flex flex-1 text-base mx-auto gap-3 juice:gap-4 juice:md:gap-6 md:px-5 lg:px-1 xl:px-5 md:max-w-3xl lg:max-w-[40rem] xl:max-w-[48rem] group final-completion\">\n<div class=\"relative flex w-full flex-col agent-turn\">\n<div class=\"flex-col gap-1 md:gap-3\">\n<div class=\"flex flex-grow flex-col max-w-full\">\n<div class=\"min-h-[20px] text-message flex flex-col items-start gap-3 whitespace-pre-wrap break-words [.text-message+&amp;]:mt-5 overflow-x-auto\" dir=\"auto\" data-message-author-role=\"assistant\" data-message-id=\"a0f2d6ba-ce09-461b-a6a0-e65f73aa947f\">\n<div class=\"markdown prose w-full break-words dark:prose-invert dark\">\n<h3>D\u00e9couvrez le plaisir de la danse<\/h3>\n<\/div>\n<\/div>\n<\/div>\n<\/div>\n<\/div>\n<\/div>\n<\/div>\n<\/div>\n<\/div>\n<\/div>\n<\/div>\n<\/div>\n<p>R\u00e9jouissez-vous d&rsquo;un livre qui ne se contente pas d&rsquo;offrir des instructions pour de merveilleuses danses, mais qui c\u00e9l\u00e8bre aussi le plaisir de danser ensemble. Procurez-vous \u00ab\u00a0L&rsquo;Ours dansant &#8211; Volume 2\u00a0\u00bb et laissez la musique et les pas vous transporter dans un monde de danse et de tradition. <\/p>\n","protected":false},"excerpt":{"rendered":"<p>21 danses folkloriques \u00e0 suivre (livre &amp; CD) de Dieter Rurl\u00e4nder &amp; Gert Dannemann<\/p>\n","protected":false},"featured_media":4647,"comment_status":"closed","ping_status":"closed","template":"","meta":[],"product_brand":[],"product_cat":[478],"product_tag":[466,480,470,513,514,1059],"class_list":{"0":"post-3429","1":"product","2":"type-product","3":"status-publish","4":"has-post-thumbnail","6":"product_cat-non-fiction","7":"product_tag-a-dro","8":"product_tag-apprendre-les-danses-bretonnes","9":"product_tag-bourree-fr","10":"product_tag-danse-folklorique","11":"product_tag-musique-bretonne","12":"product_tag-musique-traditionnelle","13":"pa_b035_a01_b037-dieter-rurlander-fr","14":"pa_b035_a01_b037-gert-dannemann-fr","16":"first","17":"outofstock","18":"taxable","19":"shipping-taxable","20":"purchasable","21":"product-type-simple"},"_links":{"self":[{"href":"https:\/\/spielleute.de\/fr\/wp-json\/wp\/v2\/product\/3429","targetHints":{"allow":["GET"]}}],"collection":[{"href":"https:\/\/spielleute.de\/fr\/wp-json\/wp\/v2\/product"}],"about":[{"href":"https:\/\/spielleute.de\/fr\/wp-json\/wp\/v2\/types\/product"}],"replies":[{"embeddable":true,"href":"https:\/\/spielleute.de\/fr\/wp-json\/wp\/v2\/comments?post=3429"}],"wp:featuredmedia":[{"embeddable":true,"href":"https:\/\/spielleute.de\/fr\/wp-json\/wp\/v2\/media\/4647"}],"wp:attachment":[{"href":"https:\/\/spielleute.de\/fr\/wp-json\/wp\/v2\/media?parent=3429"}],"wp:term":[{"taxonomy":"product_brand","embeddable":true,"href":"https:\/\/spielleute.de\/fr\/wp-json\/wp\/v2\/product_brand?post=3429"},{"taxonomy":"product_cat","embeddable":true,"href":"https:\/\/spielleute.de\/fr\/wp-json\/wp\/v2\/product_cat?post=3429"},{"taxonomy":"product_tag","embeddable":true,"href":"https:\/\/spielleute.de\/fr\/wp-json\/wp\/v2\/product_tag?post=3429"}],"curies":[{"name":"wp","href":"https:\/\/api.w.org\/{rel}","templated":true}]}}