{"id":3426,"date":"2016-07-05T17:33:26","date_gmt":"2016-07-05T15:33:26","guid":{"rendered":"https:\/\/spielleute.de\/pelgen-tunes-vol-2\/"},"modified":"2026-03-29T13:37:44","modified_gmt":"2026-03-29T11:37:44","slug":"pelgen-tunes-vol-2","status":"publish","type":"product","link":"https:\/\/spielleute.de\/fr\/pelgen-tunes-vol-2\/","title":{"rendered":"Pelgen Tunes &#8211; Vol. 2"},"content":{"rendered":"<p>Ceux qui l&rsquo;ont d\u00e9j\u00e0 entendu lors d&rsquo;un bal folk ou d&rsquo;un concert le savent : Christoph Pelgen pose des jalons comme personne d&rsquo;autre ces derni\u00e8res ann\u00e9es pour une musique (de danse) formidable et entra\u00eenante, un jeu virtuose et des arrangements croustillants. Nombre des m\u00e9lodies qu&rsquo;il a compos\u00e9es sont devenues de v\u00e9ritables tubes et, en tant que professeur tr\u00e8s appr\u00e9ci\u00e9, il enthousiasme et motive toujours ses participants avec des partitions fra\u00eeches et int\u00e9ressantes.<\/p>\n<p>Dans le nouveau \u00ab\u00a0Pelgen Tunes &#8211; Vol. 2\u00a0\u00bb, on trouve 81 m\u00e9lodies souvent polyphoniques qui contiennent tout ce que l&rsquo;on peut jouer sur des instruments (de bourdon). Avec des id\u00e9es musicales \u00e0 travers toute l&rsquo;Europe, jusqu&rsquo;aux Balkans et au Bosphore. Une collection de partitions pour tous ceux qui aiment la bonne musique de bourdon et l&rsquo;\u00e9volution de la musique traditionnelle !<\/p>\n<h3>L&rsquo;\u00e9volution de la musique de bourdon<\/h3>\n<p>Christoph Pelgen, un ma\u00eetre de la musique traditionnelle, vous invite avec \u00ab\u00a0Pelgen Tunes &#8211; Vol. 2\u00a0\u00bb vous invite \u00e0 nouveau \u00e0 red\u00e9couvrir les limites de la musique de bourdon. Gr\u00e2ce \u00e0 ses compositions distinctives, rassembl\u00e9es dans ce recueil, une porte s&rsquo;ouvre sur de nouveaux horizons musicaux.<\/p>\n<h3>Une \u0153uvre pleine d&rsquo;inspiration et de cr\u00e9ativit\u00e9<\/h3>\n<p>Chaque m\u00e9lodie de ce volume est un hommage \u00e0 la riche diversit\u00e9 des traditions musicales europ\u00e9ennes &#8211; des for\u00eats profondes des Balkans aux rives anim\u00e9es du Bosphore. Christoph Pelgen prouve une fois de plus que la musique est un langage universel qui ne conna\u00eet pas de fronti\u00e8res.<\/p>\n<h3>Pour les musiciens de tous niveaux<\/h3>\n<p>Que vous soyez d\u00e9butant ou musicien exp\u00e9riment\u00e9, \u00ab\u00a0Pelgen Tunes &#8211; Vol. 2\u00a0\u00bb offre un m\u00e9lange unique de d\u00e9fi et de plaisir de jeu. Avec 81 m\u00e9lodies souvent polyphoniques, Christoph Pelgen vous invite \u00e0 trouver et \u00e0 d\u00e9velopper votre propre voix musicale.<\/p>\n<h3>Partager, jouer, s&rsquo;inspirer<\/h3>\n<p>La passion de Christoph Pelgen pour la musique et son d\u00e9sir de la partager impr\u00e8gnent chaque page de ce volume. C&rsquo;est un appel \u00e0 tous les musiciens \u00e0 s&rsquo;inspirer de la musique traditionnelle et \u00e0 explorer leurs propres voies musicales.<\/p>\n<p>D\u00e9couvrez \u00ab\u00a0Pelgen Tunes &#8211; Vol. 2\u00a0\u00bb et laissez-vous emporter par la fascination de la musique de bord. Christoph Pelgen vous ouvre les portes d&rsquo;un monde d&rsquo;aventures musicales et de m\u00e9lodies inexplor\u00e9es. Plongez dans le riche h\u00e9ritage musical de l&rsquo;Europe et prenez part \u00e0 une tradition vivante qui ne cesse de cro\u00eetre et d&rsquo;\u00e9voluer.<\/p>\n","protected":false},"excerpt":{"rendered":"<p>pour cornemuse, vielle \u00e0 roue, violon, fl\u00fbte, etc. &#8211; avec accords<\/p>\n","protected":false},"featured_media":4292,"comment_status":"closed","ping_status":"closed","template":"","meta":[],"product_brand":[],"product_cat":[461],"product_tag":[470,467,469,463,495,494],"class_list":{"0":"post-3426","1":"product","2":"type-product","3":"status-publish","4":"has-post-thumbnail","6":"product_cat-notes-de-musique","7":"product_tag-bourree-fr","8":"product_tag-musique-de-bord","9":"product_tag-partitions-pour-accordeon-diatonique","10":"product_tag-partitions-pour-bal-folk","11":"product_tag-partitions-pour-cornemuse","12":"product_tag-partitions-pour-vielle-a-roue","13":"pa_b035_a01_b037-christoph-pelgen-fr","15":"first","16":"instock","17":"featured","18":"taxable","19":"shipping-taxable","20":"purchasable","21":"product-type-simple"},"_links":{"self":[{"href":"https:\/\/spielleute.de\/fr\/wp-json\/wp\/v2\/product\/3426","targetHints":{"allow":["GET"]}}],"collection":[{"href":"https:\/\/spielleute.de\/fr\/wp-json\/wp\/v2\/product"}],"about":[{"href":"https:\/\/spielleute.de\/fr\/wp-json\/wp\/v2\/types\/product"}],"replies":[{"embeddable":true,"href":"https:\/\/spielleute.de\/fr\/wp-json\/wp\/v2\/comments?post=3426"}],"wp:featuredmedia":[{"embeddable":true,"href":"https:\/\/spielleute.de\/fr\/wp-json\/wp\/v2\/media\/4292"}],"wp:attachment":[{"href":"https:\/\/spielleute.de\/fr\/wp-json\/wp\/v2\/media?parent=3426"}],"wp:term":[{"taxonomy":"product_brand","embeddable":true,"href":"https:\/\/spielleute.de\/fr\/wp-json\/wp\/v2\/product_brand?post=3426"},{"taxonomy":"product_cat","embeddable":true,"href":"https:\/\/spielleute.de\/fr\/wp-json\/wp\/v2\/product_cat?post=3426"},{"taxonomy":"product_tag","embeddable":true,"href":"https:\/\/spielleute.de\/fr\/wp-json\/wp\/v2\/product_tag?post=3426"}],"curies":[{"name":"wp","href":"https:\/\/api.w.org\/{rel}","templated":true}]}}